{"id":249430,"date":"2026-01-10T18:00:25","date_gmt":"2026-01-10T15:00:25","guid":{"rendered":"https:\/\/baldumarket.lt\/product\/bed-concept-bc-17-zaglowek-160-do-bc-12-zielony-lukka-38\/"},"modified":"2026-02-11T18:32:12","modified_gmt":"2026-02-11T15:32:12","slug":"bed-concept-bc-17-zaglowek-160-do-bc-12-zielony-lukka-38","status":"publish","type":"product","link":"https:\/\/baldumarket.lt\/lt\/produktas\/bed-concept-bc-17-zaglowek-160-do-bc-12-zielony-lukka-38\/","title":{"rendered":"Lovos koncepcija BC-17 \u2013 galvos atrama 160, skirta BC-12, \u017ealia LUKKA 38"},"content":{"rendered":"<p>Modelis: BC-17<br \/>\nSpalva: \u017ealia<br \/>\nMatmenys: Kaip parodyta paveiksl\u0117lyje<br \/>\nDizainas: apmu\u0161tas galv\u016bgalis BC-12 sieninei lovai<br \/>\nTinka 160 cm \u010diu\u017einiui<br \/>\nAptrauktas LUKKA 38 audiniu<br \/>\nTvirta ir patvari konstrukcija<br \/>\nMink\u0161tas u\u017epildas komfortui<br \/>\nAuk\u0161tos kokyb\u0117s detal\u0117s<br \/>\nSpecialus \u201eLenart\u201c \u201eBED CONCEPT\u201c sistemos komponentas<br \/>\nEstetinis komforto ir modernaus dizaino derinys<br \/>\nLengvas pritaikymas prie tinkamo lovos modelio<br \/>\nNaujas produktas, gamykloje supakuotas, skirtas savaranki\u0161kam surinkimui<\/p>\n<p>\u201eLenart BED CONCEPT BC-17\u201c \u2013 tai apmu\u0161tas galv\u016bgalis, specialiai sukurtas BC-12 sieninei lovai, tinkan\u010diai 160 cm \u010diu\u017einiui. \u201eLenart\u201c u\u017etikrino, kad BC-17 modelis b\u016bt\u0173 ne tik prakti\u0161kas priedas, bet ir elementas, pagerinantis interjero estetik\u0105. D\u0117l LUKKA 38 audinio galv\u016bgalis \u012fgauna eleganti\u0161k\u0105 i\u0161vaizd\u0105 ir tampa dekoratyviniu elementu bet kuriame miegamajame. Sukurtas galvojant apie kasdien\u012f komfort\u0105, \u0161is gaminys idealiai tinka kaip patogi atrama skaitant, dirbant ar ilsintis. BC-17 galvos atrama papildo \u201eBED CONCEPT\u201c sistem\u0105, sukurdama darn\u0173 ir modern\u0173 i\u0161d\u0117stym\u0105, kuriame funkcionalumas derinamas su patraukliu dizainu.<\/p>","protected":false},"excerpt":{"rendered":"<p>Modelis: BC-17 Spalva: \u017dalia Matmenys: Kaip parodyta paveiksl\u0117lyje Dizainas: Apmu\u0161tas galv\u016bgalis BC-12 sieninei lovai Tinka 160 cm \u010diu\u017einiui Apmu\u0161tas LUKKA 38 audiniu Tvirta ir patvari konstrukcija Mink\u0161tas u\u017epildas komfortui Auk\u0161tos kokyb\u0117s detal\u0117s Specialus \u201eLenart\u201c \u201eBED CONCEPT\u201c sistemos komponentas Estetinis komforto ir modernaus dizaino derinys Lengvas reguliavimas [\u2026]<\/p>","protected":false},"featured_media":249431,"comment_status":"open","ping_status":"open","template":"","meta":[],"product_brand":[],"product_cat":[2454,9196],"product_tag":[],"class_list":{"0":"post-249430","1":"product","2":"type-product","3":"status-publish","4":"has-post-thumbnail","6":"product_cat-lenart","7":"product_cat-furniture-system-bed-concept-lenart","9":"first","10":"instock","11":"purchasable","12":"product-type-simple"},"_links":{"self":[{"href":"https:\/\/baldumarket.lt\/lt\/wp-json\/wp\/v2\/product\/249430","targetHints":{"allow":["GET"]}}],"collection":[{"href":"https:\/\/baldumarket.lt\/lt\/wp-json\/wp\/v2\/product"}],"about":[{"href":"https:\/\/baldumarket.lt\/lt\/wp-json\/wp\/v2\/types\/product"}],"replies":[{"embeddable":true,"href":"https:\/\/baldumarket.lt\/lt\/wp-json\/wp\/v2\/comments?post=249430"}],"wp:featuredmedia":[{"embeddable":true,"href":"https:\/\/baldumarket.lt\/lt\/wp-json\/wp\/v2\/media\/249431"}],"wp:attachment":[{"href":"https:\/\/baldumarket.lt\/lt\/wp-json\/wp\/v2\/media?parent=249430"}],"wp:term":[{"taxonomy":"product_brand","embeddable":true,"href":"https:\/\/baldumarket.lt\/lt\/wp-json\/wp\/v2\/product_brand?post=249430"},{"taxonomy":"product_cat","embeddable":true,"href":"https:\/\/baldumarket.lt\/lt\/wp-json\/wp\/v2\/product_cat?post=249430"},{"taxonomy":"product_tag","embeddable":true,"href":"https:\/\/baldumarket.lt\/lt\/wp-json\/wp\/v2\/product_tag?post=249430"}],"curies":[{"name":"wp","href":"https:\/\/api.w.org\/{rel}","templated":true}]}}