{"id":249424,"date":"2026-01-10T18:00:22","date_gmt":"2026-01-10T15:00:22","guid":{"rendered":"https:\/\/baldumarket.lt\/product\/bed-concept-bc-18-sofa-140-do-bc-01-boucle-bezowy-piu-03-front-szary-2\/"},"modified":"2026-02-11T18:32:12","modified_gmt":"2026-02-11T15:32:12","slug":"bed-concept-bc-18-sofa-140-do-bc-01-boucle-bezowy-piu-03-front-szary-2","status":"publish","type":"product","link":"https:\/\/baldumarket.lt\/lt\/produktas\/bed-concept-bc-18-sofa-140-do-bc-01-boucle-bezowy-piu-03-front-szary-2\/","title":{"rendered":"LOVOS KONCEPCIJA BC-18 \u2013 Sofa 140, skirta BC-01 \u2013 bukl\u0117 sm\u0117lio spalvos PIU 03 \/ pilkas priekis"},"content":{"rendered":"<p>Modelis: BC-18<br \/>\nSpalva: PIU 03 beige boucl\u00e9 \/ pilkas priekis<br \/>\nMatmenys: Kaip parodyta paveiksl\u0117lyje<br \/>\nDizainas: Sofa, sukurta prie BC-01 sienin\u0117s lovos<br \/>\nTinka 140 cm \u010diu\u017einiui<br \/>\nApmu\u0161tas PIU 03 boucl\u00e9 audiniu<br \/>\nPilkas priekis<br \/>\nTvirta ir patvari konstrukcija<br \/>\nMink\u0161ta s\u0117dyn\u0117 patogumui<br \/>\nEleganti\u0161kas ir universalus dizainas, tinkantis \u012fvairiems i\u0161d\u0117stymams<br \/>\nSujungia sof\u0105 su sienine lova<br \/>\n\u201eLenart BED CONCEPT\u201c sistemos dalis<br \/>\nNaujas produktas, gamykloje supakuotas, skirtas savaranki\u0161kam surinkimui<\/p>\n<p>\u201eLenart BED CONCEPT BC-18\u201c \u2013 tai sofa, sukurta prie BC-01 prie sienos tvirtinamos lovos, kurioje telpa 140 cm \u010diu\u017einys. \u201eLenart\u201c suk\u016br\u0117 prakti\u0161k\u0105 bald\u0105, kuris derina komfort\u0105 ir funkcionalum\u0105 moderniame dizaine. BC-18 sofa i\u0161 PIU 03 bukl\u0117 audinio su pilku priekiu puikiai dera su \u012fvairiais interjero dizainais, suteikdama jiems eleganti\u0161k\u0105 ir nesenstant\u012f charakter\u012f. Su \u201eBED CONCEPT\u201c sistema galite lengvai paversti savo svetain\u0119 miegamuoju. Dien\u0105 sofa yra patogi vieta atsipalaiduoti ir pabendrauti, o nakt\u012f ji transformuojasi \u012f pilno dyd\u017eio lov\u0105. Tai puikus sprendimas tiems, kurie nori maksimaliai i\u0161naudoti kiekvien\u0105 kvadratin\u012f metr\u0105 erdv\u0117s.<\/p>","protected":false},"excerpt":{"rendered":"<p>Modelis: BC-18 Spalva: PIU 03 sm\u0117lio spalvos bukl\u0117 \/ pilkas priekis Matmenys: Kaip parodyta paveiksl\u0117lyje Dizainas: Sofa, sukurta BC-01 sieninei lovai Tinka 140 cm \u010diu\u017einiui Apmu\u0161tas PIU 03 bukl\u0117 audiniu Pilkas priekis Tvirta ir patvari konstrukcija Mink\u0161ta s\u0117dyn\u0117 patogiam s\u0117d\u0117jimui Eleganti\u0161kas ir universalus dizainas, tinkantis \u012fvairiems i\u0161d\u0117stymams Derina sof\u0105 su [\u2026]<\/p>","protected":false},"featured_media":249425,"comment_status":"open","ping_status":"open","template":"","meta":[],"product_brand":[],"product_cat":[2454,9196,560],"product_tag":[],"class_list":{"0":"post-249424","1":"product","2":"type-product","3":"status-publish","4":"has-post-thumbnail","6":"product_cat-lenart","7":"product_cat-furniture-system-bed-concept-lenart","8":"product_cat-sofas-and-couches","10":"first","11":"instock","12":"purchasable","13":"product-type-simple"},"_links":{"self":[{"href":"https:\/\/baldumarket.lt\/lt\/wp-json\/wp\/v2\/product\/249424","targetHints":{"allow":["GET"]}}],"collection":[{"href":"https:\/\/baldumarket.lt\/lt\/wp-json\/wp\/v2\/product"}],"about":[{"href":"https:\/\/baldumarket.lt\/lt\/wp-json\/wp\/v2\/types\/product"}],"replies":[{"embeddable":true,"href":"https:\/\/baldumarket.lt\/lt\/wp-json\/wp\/v2\/comments?post=249424"}],"wp:featuredmedia":[{"embeddable":true,"href":"https:\/\/baldumarket.lt\/lt\/wp-json\/wp\/v2\/media\/249425"}],"wp:attachment":[{"href":"https:\/\/baldumarket.lt\/lt\/wp-json\/wp\/v2\/media?parent=249424"}],"wp:term":[{"taxonomy":"product_brand","embeddable":true,"href":"https:\/\/baldumarket.lt\/lt\/wp-json\/wp\/v2\/product_brand?post=249424"},{"taxonomy":"product_cat","embeddable":true,"href":"https:\/\/baldumarket.lt\/lt\/wp-json\/wp\/v2\/product_cat?post=249424"},{"taxonomy":"product_tag","embeddable":true,"href":"https:\/\/baldumarket.lt\/lt\/wp-json\/wp\/v2\/product_tag?post=249424"}],"curies":[{"name":"wp","href":"https:\/\/api.w.org\/{rel}","templated":true}]}}