{"id":249418,"date":"2026-01-10T18:00:19","date_gmt":"2026-01-10T15:00:19","guid":{"rendered":"https:\/\/baldumarket.lt\/product\/bed-concept-bc-18-sofa-140-do-bc-01-bezowy-art-82610-front-bialy-2\/"},"modified":"2026-02-11T18:32:12","modified_gmt":"2026-02-11T15:32:12","slug":"bed-concept-bc-18-sofa-140-do-bc-01-bezowy-art-82610-front-bialy-2","status":"publish","type":"product","link":"https:\/\/baldumarket.lt\/lt\/produktas\/bed-concept-bc-18-sofa-140-do-bc-01-bezowy-art-82610-front-bialy-2\/","title":{"rendered":"LOVOS KONCEPCIJA BC-18 \u2013 Sofa 140, skirta BC-01 \u2013 sm\u0117lio spalvos ART 82610 \/ baltas priekis"},"content":{"rendered":"<p>Modelis: BC-18<br \/>\nSpalva: sm\u0117lio spalvos ART 82610 \/ balta priekin\u0117 dalis<br \/>\nMatmenys: Kaip parodyta paveiksl\u0117lyje<br \/>\nDizainas: Sofa tinka prie sienos tvirtinamai lovai BC-01<br \/>\nTinka 140 cm \u010diu\u017einiui<br \/>\nAptrauktas ART 82610 audiniu<br \/>\nBaltas priekis<br \/>\nTvirta konstrukcija u\u017etikrina ilgaam\u017ei\u0161kum\u0105<br \/>\nMink\u0161ta s\u0117dyn\u0117 ir atlo\u0161as u\u017etikrina komfort\u0105<br \/>\nModerni ir eleganti\u0161ka i\u0161vaizda<br \/>\nFunkcinis sofos ir prie sienos prisegamos lovos derinys<br \/>\nLenart sukurtos BED CONCEPT sistemos dalis<br \/>\nNaujas produktas, gamykloje supakuotas, skirtas savaranki\u0161kam surinkimui<\/p>\n<p>\u201eLenart BED CONCEPT BC-18\u201c \u2013 tai sofa, skirta BC-01 sieninei lovai, skirta 140 cm \u010diu\u017einiui. \u201eLenart\u201c suk\u016br\u0117 \u0161\u012f model\u012f, derindama prakti\u0161kum\u0105 ir eleganti\u0161k\u0105 stili\u0173. BC-18 sofa i\u0161 ART 82610 audinio su baltu priekiu puikiai dera prie modernaus interjero, suteikdama jam ry\u0161kumo ir lengvumo. \u201eBED CONCEPT\u201c sistema leid\u017eia per akimirk\u0105 paversti svetain\u0119 pilnaver\u010diu miegamuoju. Sofa suteikia patogi\u0105 viet\u0105 s\u0117d\u0117ti dien\u0105, o vakare ji transformuojasi \u012f patogi\u0105 lov\u0105. Tai puikus sprendimas tiems, kurie nori pilnai i\u0161naudoti erdv\u0119 ma\u017eame bute neprarandant komforto.<\/p>","protected":false},"excerpt":{"rendered":"<p>Modelis: BC-18 Spalva: Sm\u0117lio spalvos ART 82610 \/ Baltas priekis Matmenys: Kaip parodyta paveiksl\u0117lyje Dizainas: Sofa tinka prie BC-01 sienin\u0117s lovos Tinka 140 cm \u010diu\u017einiui Apmu\u0161tas ART 82610 audiniu Baltas priekis Tvirta konstrukcija u\u017etikrina ilgaam\u017ei\u0161kum\u0105 Mink\u0161ta s\u0117dyn\u0117 ir atlo\u0161as u\u017etikrina komfort\u0105 Moderni ir eleganti\u0161ka i\u0161vaizda Funkcinis sofos ir sienin\u0117s lovos derinys [\u2026]<\/p>","protected":false},"featured_media":249419,"comment_status":"open","ping_status":"open","template":"","meta":[],"product_brand":[],"product_cat":[2454,9196,560],"product_tag":[],"class_list":{"0":"post-249418","1":"product","2":"type-product","3":"status-publish","4":"has-post-thumbnail","6":"product_cat-lenart","7":"product_cat-furniture-system-bed-concept-lenart","8":"product_cat-sofas-and-couches","10":"first","11":"instock","12":"purchasable","13":"product-type-simple"},"_links":{"self":[{"href":"https:\/\/baldumarket.lt\/lt\/wp-json\/wp\/v2\/product\/249418","targetHints":{"allow":["GET"]}}],"collection":[{"href":"https:\/\/baldumarket.lt\/lt\/wp-json\/wp\/v2\/product"}],"about":[{"href":"https:\/\/baldumarket.lt\/lt\/wp-json\/wp\/v2\/types\/product"}],"replies":[{"embeddable":true,"href":"https:\/\/baldumarket.lt\/lt\/wp-json\/wp\/v2\/comments?post=249418"}],"wp:featuredmedia":[{"embeddable":true,"href":"https:\/\/baldumarket.lt\/lt\/wp-json\/wp\/v2\/media\/249419"}],"wp:attachment":[{"href":"https:\/\/baldumarket.lt\/lt\/wp-json\/wp\/v2\/media?parent=249418"}],"wp:term":[{"taxonomy":"product_brand","embeddable":true,"href":"https:\/\/baldumarket.lt\/lt\/wp-json\/wp\/v2\/product_brand?post=249418"},{"taxonomy":"product_cat","embeddable":true,"href":"https:\/\/baldumarket.lt\/lt\/wp-json\/wp\/v2\/product_cat?post=249418"},{"taxonomy":"product_tag","embeddable":true,"href":"https:\/\/baldumarket.lt\/lt\/wp-json\/wp\/v2\/product_tag?post=249418"}],"curies":[{"name":"wp","href":"https:\/\/api.w.org\/{rel}","templated":true}]}}