{"id":249412,"date":"2026-01-10T18:00:16","date_gmt":"2026-01-10T15:00:16","guid":{"rendered":"https:\/\/baldumarket.lt\/product\/bed-concept-bc-18-sofa-140-do-bc-01-bezowy-art-82610-front-bialy-polysk-2\/"},"modified":"2026-02-11T18:32:12","modified_gmt":"2026-02-11T15:32:12","slug":"bed-concept-bc-18-sofa-140-do-bc-01-bezowy-art-82610-front-bialy-polysk-2","status":"publish","type":"product","link":"https:\/\/baldumarket.lt\/lt\/produktas\/bed-concept-bc-18-sofa-140-do-bc-01-bezowy-art-82610-front-bialy-polysk-2\/","title":{"rendered":"LOVOS KONCEPCIJA BC-18 \u2013 Sofa 140, skirta BC-01 \u2013 sm\u0117lio spalvos ART 82610 \/ baltas blizgus priekis"},"content":{"rendered":"<p>Modelis: BC-18<br \/>\nSpalva: sm\u0117lio spalvos ART 82610 \/ blizgi balta priekin\u0117 dalis<br \/>\nMatmenys: Kaip parodyta paveiksl\u0117lyje<br \/>\nMed\u017eiaga: Sofa, skirta BC-01 sieninei lovai<br \/>\nTinka 140 cm \u010diu\u017einiui<br \/>\nAptrauktas ART 82610 audiniu<br \/>\nBlizgus baltas priekis<br \/>\nTvirta ir patvari konstrukcija<br \/>\nMink\u0161ta s\u0117dyn\u0117 ir patogus atlo\u0161as<br \/>\nModernus dizainas tinka \u0161iuolaikiniam interjerui<br \/>\nSujungia sof\u0105 su sienine lova<br \/>\nLenart \u201eBED CONCEPT\u201c sistemos dalis<br \/>\nNaujas produktas, gamykloje supakuotas, skirtas savaranki\u0161kam surinkimui<\/p>\n<p>\u201eLenart BED CONCEPT BC-18\u201c \u2013 tai sofa, sukurta prie BC-01 prie sienos tvirtinamos lovos, kurioje telpa 140 cm \u010diu\u017einys. \u201eLenart\u201c suk\u016br\u0117 \u0161\u012f model\u012f, siekdamas suderinti kasdien\u012f komfort\u0105 su eleganti\u0161ka i\u0161vaizda. BC-18 sofa i\u0161 ART 82610 audinio su blizgia balta priekine dalimi \u2013 tai modernaus stiliaus ir funkcionalumo derinys, puikiai atrodantis bet kokiame interjere. Su \u201eBED CONCEPT\u201c sistema galite akimirksniu paversti savo svetain\u0119 viso dyd\u017eio miegamuoju. Dien\u0105 sofa tarnauja kaip patogi vieta atsipalaiduoti, o vakare ji transformuojasi \u012f patogi\u0105 lov\u0105. \u0160is prakti\u0161kas sprendimas leid\u017eia optimaliai i\u0161naudoti erdv\u0119, ypa\u010d ma\u017eesniuose butuose.<\/p>","protected":false},"excerpt":{"rendered":"<p>Modelis: BC-18 Spalva: Sm\u0117lio spalvos ART 82610 \/ Blizgi balta Priekis Matmenys: Kaip parodyta paveiksl\u0117lyje Med\u017eiaga: Sofa, skirta BC-01 priekinei lovai Tinka 140 cm \u010diu\u017einiui Apmu\u0161tas ART 82610 audiniu Blizgi balta Priekis Tvirta ir patvari konstrukcija Mink\u0161ta s\u0117dyn\u0117 ir patogus atlo\u0161as Modernus dizainas tinka \u0161iuolaikiniam interjerui Derina sof\u0105 su priekine lova [\u2026]<\/p>","protected":false},"featured_media":249413,"comment_status":"open","ping_status":"open","template":"","meta":[],"product_brand":[],"product_cat":[2454,9196,560],"product_tag":[],"class_list":{"0":"post-249412","1":"product","2":"type-product","3":"status-publish","4":"has-post-thumbnail","6":"product_cat-lenart","7":"product_cat-furniture-system-bed-concept-lenart","8":"product_cat-sofas-and-couches","10":"first","11":"instock","12":"purchasable","13":"product-type-simple"},"_links":{"self":[{"href":"https:\/\/baldumarket.lt\/lt\/wp-json\/wp\/v2\/product\/249412","targetHints":{"allow":["GET"]}}],"collection":[{"href":"https:\/\/baldumarket.lt\/lt\/wp-json\/wp\/v2\/product"}],"about":[{"href":"https:\/\/baldumarket.lt\/lt\/wp-json\/wp\/v2\/types\/product"}],"replies":[{"embeddable":true,"href":"https:\/\/baldumarket.lt\/lt\/wp-json\/wp\/v2\/comments?post=249412"}],"wp:featuredmedia":[{"embeddable":true,"href":"https:\/\/baldumarket.lt\/lt\/wp-json\/wp\/v2\/media\/249413"}],"wp:attachment":[{"href":"https:\/\/baldumarket.lt\/lt\/wp-json\/wp\/v2\/media?parent=249412"}],"wp:term":[{"taxonomy":"product_brand","embeddable":true,"href":"https:\/\/baldumarket.lt\/lt\/wp-json\/wp\/v2\/product_brand?post=249412"},{"taxonomy":"product_cat","embeddable":true,"href":"https:\/\/baldumarket.lt\/lt\/wp-json\/wp\/v2\/product_cat?post=249412"},{"taxonomy":"product_tag","embeddable":true,"href":"https:\/\/baldumarket.lt\/lt\/wp-json\/wp\/v2\/product_tag?post=249412"}],"curies":[{"name":"wp","href":"https:\/\/api.w.org\/{rel}","templated":true}]}}