{"id":249400,"date":"2026-01-10T18:00:06","date_gmt":"2026-01-10T15:00:06","guid":{"rendered":"https:\/\/baldumarket.lt\/product\/bed-concept-bc-18-sofa-140-do-bc-01-bezowy-art-82610-front-szary-2\/"},"modified":"2026-02-11T18:32:13","modified_gmt":"2026-02-11T15:32:13","slug":"bed-concept-bc-18-sofa-140-do-bc-01-bezowy-art-82610-front-szary-2","status":"publish","type":"product","link":"https:\/\/baldumarket.lt\/lt\/produktas\/bed-concept-bc-18-sofa-140-do-bc-01-bezowy-art-82610-front-szary-2\/","title":{"rendered":"LOVOS KONCEPCIJA BC-18 \u2013 Sofa 140, skirta BC-01 \u2013 sm\u0117lio spalvos ART 82610 \/ pilkas priekis"},"content":{"rendered":"<p>Modelis: BC-18<br \/>\nSpalva: sm\u0117lio spalvos ART 82610 \/ pilka priekin\u0117 dalis<br \/>\nMatmenys: Kaip parodyta paveiksl\u0117lyje<br \/>\nDizainas: Sofa tinka prie sienos tvirtinamai lovai BC-01<br \/>\nTinka 140 cm \u010diu\u017einiui<br \/>\nAptrauktas ART 82610 audiniu<br \/>\nPilkas priekis<br \/>\nTvirta ir stabili konstrukcija<br \/>\nMink\u0161ta ir patogi s\u0117dyn\u0117<br \/>\nPrakti\u0161kas sofos ir sienin\u0117s lovos derinys<br \/>\nLenart sukurtos BED CONCEPT sistemos dalis<br \/>\nUniversalus vaizdas, tinkantis \u012fvairioms kompozicijoms<br \/>\nNaujas produktas, gamykloje supakuotas, skirtas savaranki\u0161kam surinkimui<\/p>\n<p>\u201eLenart BED CONCEPT BC-18\u201c \u2013 tai sofa, skirta prie BC-01 sienin\u0117s lovos su 140 cm \u010diu\u017einiu. \u201eLenart\u201c suk\u016br\u0117 \u0161\u012f model\u012f, siekdamas suderinti kasdien\u012f komfort\u0105 su prakti\u0161ku erdv\u0117s i\u0161naudojimu. BC-18 sofa i\u0161 ART 82610 audinio su pilku priekiu yra universalus sprendimas, tinkantis tiek moderniam, tiek klasikiniam interjerui. Su \u201eBED CONCEPT\u201c sistema galite lengvai paversti savo svetain\u0119 viso dyd\u017eio miegamuoju. Sofa suteikia patogi\u0105 viet\u0105 atsipalaiduoti dien\u0105, o vakare ji tampa jaukia lova. Tai puikus sprendimas tiems, kurie nori maksimaliai i\u0161naudoti kiekvien\u0105 turimos erdv\u0117s kvadratin\u012f metr\u0105.<\/p>","protected":false},"excerpt":{"rendered":"<p>Modelis: BC-18 Spalva: Sm\u0117lio spalvos ART 82610 \/ Pilkas priekis Matmenys: Kaip parodyta paveiksl\u0117lyje Dizainas: Sofa tinka prie BC-01 sienin\u0117s lovos Tinka 140 cm \u010diu\u017einiui Apmu\u0161tas ART 82610 audiniu Pilkas priekis Tvirta ir stabili konstrukcija Mink\u0161ta ir patogi s\u0117dyn\u0117 Prakti\u0161kas sofos ir sienin\u0117s lovos derinys BED CONCEPT sistemos, kuri\u0105 suk\u016br\u0117 Lenart [\u2026] dalis<\/p>","protected":false},"featured_media":249401,"comment_status":"open","ping_status":"open","template":"","meta":[],"product_brand":[],"product_cat":[2454,9196,560],"product_tag":[],"class_list":{"0":"post-249400","1":"product","2":"type-product","3":"status-publish","4":"has-post-thumbnail","6":"product_cat-lenart","7":"product_cat-furniture-system-bed-concept-lenart","8":"product_cat-sofas-and-couches","10":"first","11":"instock","12":"purchasable","13":"product-type-simple"},"_links":{"self":[{"href":"https:\/\/baldumarket.lt\/lt\/wp-json\/wp\/v2\/product\/249400","targetHints":{"allow":["GET"]}}],"collection":[{"href":"https:\/\/baldumarket.lt\/lt\/wp-json\/wp\/v2\/product"}],"about":[{"href":"https:\/\/baldumarket.lt\/lt\/wp-json\/wp\/v2\/types\/product"}],"replies":[{"embeddable":true,"href":"https:\/\/baldumarket.lt\/lt\/wp-json\/wp\/v2\/comments?post=249400"}],"wp:featuredmedia":[{"embeddable":true,"href":"https:\/\/baldumarket.lt\/lt\/wp-json\/wp\/v2\/media\/249401"}],"wp:attachment":[{"href":"https:\/\/baldumarket.lt\/lt\/wp-json\/wp\/v2\/media?parent=249400"}],"wp:term":[{"taxonomy":"product_brand","embeddable":true,"href":"https:\/\/baldumarket.lt\/lt\/wp-json\/wp\/v2\/product_brand?post=249400"},{"taxonomy":"product_cat","embeddable":true,"href":"https:\/\/baldumarket.lt\/lt\/wp-json\/wp\/v2\/product_cat?post=249400"},{"taxonomy":"product_tag","embeddable":true,"href":"https:\/\/baldumarket.lt\/lt\/wp-json\/wp\/v2\/product_tag?post=249400"}],"curies":[{"name":"wp","href":"https:\/\/api.w.org\/{rel}","templated":true}]}}