{"id":249394,"date":"2026-01-10T18:00:02","date_gmt":"2026-01-10T15:00:02","guid":{"rendered":"https:\/\/baldumarket.lt\/product\/bed-concept-bc-18-sofa-140-do-bc-01-granat-solo-263-front-bialy-2\/"},"modified":"2026-02-11T18:32:13","modified_gmt":"2026-02-11T15:32:13","slug":"bed-concept-bc-18-sofa-140-do-bc-01-granat-solo-263-front-bialy-2","status":"publish","type":"product","link":"https:\/\/baldumarket.lt\/lt\/produktas\/bed-concept-bc-18-sofa-140-do-bc-01-granat-solo-263-front-bialy-2\/","title":{"rendered":"Lovos koncepcija BC-18 \u2013 Sofa 140, skirta BC-01 \u2013 tamsiai m\u0117lyna SOLO 263 \/ baltas priekis"},"content":{"rendered":"<p>Modelis: BC-18<br \/>\nSpalva: SOLO 263 tamsiai m\u0117lyna \/ balta priekin\u0117 dalis<br \/>\nMatmenys: Kaip parodyta paveiksl\u0117lyje<br \/>\nDizainas: Sofa, sukurta prie BC-01 sienin\u0117s lovos<br \/>\nTinka 140 cm \u010diu\u017einiui<br \/>\nAptrauktas SOLO 263 audiniu (tamsiai m\u0117lyna)<br \/>\nBaltas priekis<br \/>\nStabili ir tvirta konstrukcija<br \/>\nMink\u0161ta s\u0117dyn\u0117 patogumui<br \/>\nEleganti\u0161ka ir i\u0161skirtin\u0117 i\u0161vaizda<br \/>\nFunkcinis sofos\/sienos lovos derinys<br \/>\nLenart sukurtos BED CONCEPT sistemos dalis<br \/>\nNaujas produktas, gamykloje supakuotas, skirtas savaranki\u0161kam surinkimui<\/p>\n<p>\u201eLenart BED CONCEPT BC-18\u201c \u2013 tai sofa, sukurta prie BC-01 sienin\u0117s lovos, po 140 cm \u010diu\u017einiu. \u0160iame modelyje \u201eLenart\u201c sujung\u0117 modern\u0173 dizain\u0105 su kasdieniu funkcionalumu. BC-18 sofa, aptraukta tamsiai m\u0117lynu SOLO 263 audiniu su baltu priekiu, puikiai der\u0117s eleganti\u0161kuose, moderniuose interjeruose, suteikdama interjerui i\u0161skirtinumo. \u201eBED CONCEPT\u201c sistema leid\u017eia per akimirk\u0105 paversti svetain\u0119 pilnaver\u010diu miegamuoju. Sofa yra patogi vieta susiburti ir atsipalaiduoti dienos metu, o vakarais ji virsta jaukia lova. Tai puikus sprendimas ma\u017eiems butams, leid\u017eiantis maksimaliai i\u0161naudoti erdv\u0119 neaukojant estetikos ar komforto.<\/p>","protected":false},"excerpt":{"rendered":"<p>Modelis: BC-18 Spalva: SOLO 263 tamsiai m\u0117lyna \/ balta priekis Matmenys: Kaip parodyta paveiksl\u0117lyje Dizainas: Sofa, sukurta BC-01 priekinei lovai Tinka 140 cm \u010diu\u017einiui Aptraukta SOLO 263 audiniu (tamsiai m\u0117lyna) Baltas priekis Stabili ir tvirta konstrukcija Mink\u0161ta s\u0117dyn\u0117 patogiam s\u0117d\u0117jimui Eleganti\u0161ka ir i\u0161skirtin\u0117 i\u0161vaizda Funkcinis sofos \/ priekin\u0117s lovos derinys Dalis [\u2026]<\/p>","protected":false},"featured_media":249395,"comment_status":"open","ping_status":"open","template":"","meta":[],"product_brand":[],"product_cat":[2454,9196,560],"product_tag":[],"class_list":{"0":"post-249394","1":"product","2":"type-product","3":"status-publish","4":"has-post-thumbnail","6":"product_cat-lenart","7":"product_cat-furniture-system-bed-concept-lenart","8":"product_cat-sofas-and-couches","10":"first","11":"instock","12":"purchasable","13":"product-type-simple"},"_links":{"self":[{"href":"https:\/\/baldumarket.lt\/lt\/wp-json\/wp\/v2\/product\/249394","targetHints":{"allow":["GET"]}}],"collection":[{"href":"https:\/\/baldumarket.lt\/lt\/wp-json\/wp\/v2\/product"}],"about":[{"href":"https:\/\/baldumarket.lt\/lt\/wp-json\/wp\/v2\/types\/product"}],"replies":[{"embeddable":true,"href":"https:\/\/baldumarket.lt\/lt\/wp-json\/wp\/v2\/comments?post=249394"}],"wp:featuredmedia":[{"embeddable":true,"href":"https:\/\/baldumarket.lt\/lt\/wp-json\/wp\/v2\/media\/249395"}],"wp:attachment":[{"href":"https:\/\/baldumarket.lt\/lt\/wp-json\/wp\/v2\/media?parent=249394"}],"wp:term":[{"taxonomy":"product_brand","embeddable":true,"href":"https:\/\/baldumarket.lt\/lt\/wp-json\/wp\/v2\/product_brand?post=249394"},{"taxonomy":"product_cat","embeddable":true,"href":"https:\/\/baldumarket.lt\/lt\/wp-json\/wp\/v2\/product_cat?post=249394"},{"taxonomy":"product_tag","embeddable":true,"href":"https:\/\/baldumarket.lt\/lt\/wp-json\/wp\/v2\/product_tag?post=249394"}],"curies":[{"name":"wp","href":"https:\/\/api.w.org\/{rel}","templated":true}]}}