{"id":249382,"date":"2026-01-10T17:59:57","date_gmt":"2026-01-10T14:59:57","guid":{"rendered":"https:\/\/baldumarket.lt\/product\/bed-concept-bc-18-sofa-140-do-bc-01-grafit-art-82630-front-szary-2\/"},"modified":"2026-02-11T18:32:13","modified_gmt":"2026-02-11T15:32:13","slug":"bed-concept-bc-18-sofa-140-do-bc-01-grafit-art-82630-front-szary-2","status":"publish","type":"product","link":"https:\/\/baldumarket.lt\/lt\/produktas\/bed-concept-bc-18-sofa-140-do-bc-01-grafit-art-82630-front-szary-2\/","title":{"rendered":"LOVOS KONCEPCIJA BC-18 \u2013 Sofa 140, skirta BC-01 \u2013 grafito spalvos ART 82630 \/ pilkas priekis"},"content":{"rendered":"<p>Modelis: BC-18<br \/>\nSpalva: grafito ART 82630 \/ pilka priekin\u0117 dalis<br \/>\nMatmenys: Kaip parodyta paveiksl\u0117lyje<br \/>\nDizainas: Sofa, sukurta prie BC-01 sienin\u0117s lovos<br \/>\nTinka 140 cm \u010diu\u017einiui<br \/>\nAptrauktas ART 82630 audiniu (grafito spalvos)<br \/>\nPilkas priekis<br \/>\nTvirta ir patvari konstrukcija<br \/>\nMink\u0161ta s\u0117dyn\u0117 patogumui<br \/>\nModernus dizainas, tinkantis \u0161iuolaikiniam interjerui<br \/>\nPrakti\u0161kas sofos ir sienin\u0117s lovos derinys<br \/>\nLenart sukurtos BED CONCEPT sistemos dalis<br \/>\nNaujas produktas, gamykloje supakuotas, skirtas savaranki\u0161kam surinkimui<\/p>\n<p>\u201eLenart BED CONCEPT BC-18\u201c \u2013 tai sofa, sukurta prie BC-01 sienin\u0117s lovos, po 140 cm \u010diu\u017einiu. \u201eLenart\u201c suk\u016br\u0117 \u0161\u012f model\u012f, siekdamas suderinti kasdien\u012f komfort\u0105 su eleganti\u0161ka i\u0161vaizda. Grafito spalvos ART 82630 audiniu aptraukta BC-18 sofa su pilku priekiu puikiai dera prie modernaus interjero. \u201eBED CONCEPT\u201c sistema leid\u017eia greitai paversti svetain\u0119 erdviu miegamuoju. Dien\u0105 sofa yra patogi vieta atsipalaiduoti ir pabendrauti, o vakare ji virsta jaukia lova. Tai puikus sprendimas tiems, kurie nori sutvarkyti erdv\u0119 ma\u017euose butuose tiek prakti\u0161kai, tiek esteti\u0161kai.<\/p>","protected":false},"excerpt":{"rendered":"<p>Modelis: BC-18 Spalva: Grafito ART 82630 \/ Pilkas priekis Matmenys: Kaip parodyta paveiksl\u0117lyje Dizainas: Sofa, sukurta BC-01 prie sienos tvirtinamai lovai Tinka 140 cm \u010diu\u017einiui Apmu\u0161ta ART 82630 audiniu (grafito) Pilkas priekis Tvirta ir patvari konstrukcija Mink\u0161ta s\u0117dyn\u0117 patogiam s\u0117d\u0117jimui Modernus dizainas, tinkantis \u0161iuolaikiniam interjerui Prakti\u0161kas sofos ir prie sienos tvirtinamos lovos derinys [\u2026]<\/p>","protected":false},"featured_media":249383,"comment_status":"open","ping_status":"open","template":"","meta":[],"product_brand":[],"product_cat":[2454,9196,560],"product_tag":[],"class_list":{"0":"post-249382","1":"product","2":"type-product","3":"status-publish","4":"has-post-thumbnail","6":"product_cat-lenart","7":"product_cat-furniture-system-bed-concept-lenart","8":"product_cat-sofas-and-couches","10":"first","11":"instock","12":"purchasable","13":"product-type-simple"},"_links":{"self":[{"href":"https:\/\/baldumarket.lt\/lt\/wp-json\/wp\/v2\/product\/249382","targetHints":{"allow":["GET"]}}],"collection":[{"href":"https:\/\/baldumarket.lt\/lt\/wp-json\/wp\/v2\/product"}],"about":[{"href":"https:\/\/baldumarket.lt\/lt\/wp-json\/wp\/v2\/types\/product"}],"replies":[{"embeddable":true,"href":"https:\/\/baldumarket.lt\/lt\/wp-json\/wp\/v2\/comments?post=249382"}],"wp:featuredmedia":[{"embeddable":true,"href":"https:\/\/baldumarket.lt\/lt\/wp-json\/wp\/v2\/media\/249383"}],"wp:attachment":[{"href":"https:\/\/baldumarket.lt\/lt\/wp-json\/wp\/v2\/media?parent=249382"}],"wp:term":[{"taxonomy":"product_brand","embeddable":true,"href":"https:\/\/baldumarket.lt\/lt\/wp-json\/wp\/v2\/product_brand?post=249382"},{"taxonomy":"product_cat","embeddable":true,"href":"https:\/\/baldumarket.lt\/lt\/wp-json\/wp\/v2\/product_cat?post=249382"},{"taxonomy":"product_tag","embeddable":true,"href":"https:\/\/baldumarket.lt\/lt\/wp-json\/wp\/v2\/product_tag?post=249382"}],"curies":[{"name":"wp","href":"https:\/\/api.w.org\/{rel}","templated":true}]}}