{"id":249376,"date":"2026-01-10T17:59:55","date_gmt":"2026-01-10T14:59:55","guid":{"rendered":"https:\/\/baldumarket.lt\/product\/bed-concept-bc-18-sofa-140-do-bc-01-szary-art-82626-front-szary-2\/"},"modified":"2026-02-11T18:32:13","modified_gmt":"2026-02-11T15:32:13","slug":"bed-concept-bc-18-sofa-140-do-bc-01-szary-art-82626-front-szary-2","status":"publish","type":"product","link":"https:\/\/baldumarket.lt\/lt\/produktas\/bed-concept-bc-18-sofa-140-do-bc-01-szary-art-82626-front-szary-2\/","title":{"rendered":"LOVOS KONCEPCIJA BC-18 \u2013 Sofa 140, skirta BC-01 \u2013 pilka ART 82626 \/ pilkas priekis"},"content":{"rendered":"<p>Modelis: BC-18<br \/>\nSpalva: pilka ART 82626 \/ pilka priekin\u0117 dalis<br \/>\nMatmenys: Kaip parodyta paveiksl\u0117lyje<br \/>\nDizainas: Sofa, sukurta prie BC-01 sienin\u0117s lovos<br \/>\nTinka 140 cm \u010diu\u017einiui<br \/>\nAptrauktas ART 82626 audiniu (pilka spalva)<br \/>\nPilkas priekis<br \/>\nTvirta ir stabili konstrukcija<br \/>\nMink\u0161ta s\u0117dyn\u0117 ir patogus atlo\u0161as<br \/>\nModernus, darnus vaizdas<br \/>\nPrakti\u0161kas sofos ir sienin\u0117s lovos derinys<br \/>\nLenart sukurtos BED CONCEPT sistemos dalis<br \/>\nNaujas produktas, gamykloje supakuotas, skirtas savaranki\u0161kam surinkimui<\/p>\n<p>\u201eLenart BED CONCEPT BC-18\u201c \u2013 tai sofa, sukurta prie BC-01 prie sienos tvirtinamos lovos, kurioje telpa 140 cm \u010diu\u017einys. \u201eLenart\u201c suk\u016br\u0117 \u0161\u012f model\u012f, siekdamas suderinti funkcionalum\u0105 ir komfort\u0105 moderniame dizaine. BC-18 sofa, aptraukta pilku ART 82626 audiniu su pilku priekiu, sukuria darni\u0105 ir eleganti\u0161k\u0105 visum\u0105, kuri dera prie \u012fvairi\u0173 interjero dizain\u0173. \u201eBED CONCEPT\u201c sistema leid\u017eia lengvai paversti svetain\u0119 viso dyd\u017eio miegamuoju. Dien\u0105 sofa yra patogi vieta susiburti ir atsipalaiduoti, o vakare ji virsta jaukia lova. Tai puikus sprendimas ma\u017eiems butams, leid\u017eiantis maksimaliai i\u0161naudoti kiekvien\u0105 kvadratin\u012f metr\u0105 erdv\u0117s.<\/p>","protected":false},"excerpt":{"rendered":"<p>Modelis: BC-18 Spalva: Pilka ART 82626 \/ Pilkas priekis Matmenys: Kaip parodyta paveiksl\u0117lyje Dizainas: Sofa, sukurta BC-01 sieninei lovai Tinka 140 cm \u010diu\u017einiui Apmu\u0161tas ART 82626 audiniu (pilku) Pilkas priekis Tvirta ir stabili konstrukcija Mink\u0161ta s\u0117dyn\u0117 ir patogus atlo\u0161as Moderni, darni i\u0161vaizda Prakti\u0161kas sofos ir sienin\u0117s lovos derinys Sud\u0117tis [\u2026]<\/p>","protected":false},"featured_media":249377,"comment_status":"open","ping_status":"open","template":"","meta":[],"product_brand":[],"product_cat":[2454,9196,560],"product_tag":[],"class_list":{"0":"post-249376","1":"product","2":"type-product","3":"status-publish","4":"has-post-thumbnail","6":"product_cat-lenart","7":"product_cat-furniture-system-bed-concept-lenart","8":"product_cat-sofas-and-couches","10":"first","11":"instock","12":"purchasable","13":"product-type-simple"},"_links":{"self":[{"href":"https:\/\/baldumarket.lt\/lt\/wp-json\/wp\/v2\/product\/249376","targetHints":{"allow":["GET"]}}],"collection":[{"href":"https:\/\/baldumarket.lt\/lt\/wp-json\/wp\/v2\/product"}],"about":[{"href":"https:\/\/baldumarket.lt\/lt\/wp-json\/wp\/v2\/types\/product"}],"replies":[{"embeddable":true,"href":"https:\/\/baldumarket.lt\/lt\/wp-json\/wp\/v2\/comments?post=249376"}],"wp:featuredmedia":[{"embeddable":true,"href":"https:\/\/baldumarket.lt\/lt\/wp-json\/wp\/v2\/media\/249377"}],"wp:attachment":[{"href":"https:\/\/baldumarket.lt\/lt\/wp-json\/wp\/v2\/media?parent=249376"}],"wp:term":[{"taxonomy":"product_brand","embeddable":true,"href":"https:\/\/baldumarket.lt\/lt\/wp-json\/wp\/v2\/product_brand?post=249376"},{"taxonomy":"product_cat","embeddable":true,"href":"https:\/\/baldumarket.lt\/lt\/wp-json\/wp\/v2\/product_cat?post=249376"},{"taxonomy":"product_tag","embeddable":true,"href":"https:\/\/baldumarket.lt\/lt\/wp-json\/wp\/v2\/product_tag?post=249376"}],"curies":[{"name":"wp","href":"https:\/\/api.w.org\/{rel}","templated":true}]}}