{"id":249360,"date":"2026-01-10T17:59:49","date_gmt":"2026-01-10T14:59:49","guid":{"rendered":"https:\/\/baldumarket.lt\/product\/bed-concept-bc-18-sofa-140-do-bc-01-zielony-front-bialy-polysk-2\/"},"modified":"2026-02-11T18:32:13","modified_gmt":"2026-02-11T15:32:13","slug":"bed-concept-bc-18-sofa-140-do-bc-01-zielony-front-bialy-polysk-2","status":"publish","type":"product","link":"https:\/\/baldumarket.lt\/lt\/produktas\/bed-concept-bc-18-sofa-140-do-bc-01-zielony-front-bialy-polysk-2\/","title":{"rendered":"Lovos koncepcija BC-18 \u2013 Sofa 140, skirta BC-01 \u2013 \u017ealia\/balta blizgi priekin\u0117 dalis"},"content":{"rendered":"<p>Modelis: BC-18<br \/>\nSpalva: \u017ealia\/balta blizgi priekin\u0117 dalis<br \/>\nMatmenys: Kaip parodyta paveiksl\u0117lyje<br \/>\nDizainas: Sofa, sukurta prie BC-01 sienin\u0117s lovos<br \/>\nTinka 140 cm \u010diu\u017einiui<br \/>\n\u017dalia apmu\u0161alai<br \/>\nBaltas blizgus priekis<br \/>\nTvirta ir stabili konstrukcija<br \/>\nMink\u0161ta s\u0117dyn\u0117 ir patogus atlo\u0161as<br \/>\nEleganti\u0161ka, moderni i\u0161vaizda<br \/>\nPrakti\u0161kas sofos\/sienos lovos derinys<br \/>\n\u201eLenart BED CONCEPT\u201c sistemos dalis<br \/>\nNaujas produktas, gamykloje supakuotas, skirtas savaranki\u0161kam surinkimui<\/p>\n<p>\u201eLenart BED CONCEPT BC-18\u201c \u2013 tai sofa, sukurta prie BC-01 sienin\u0117s lovos, kurioje telpa 140 cm \u010diu\u017einys. \u201eLenart\u201c suk\u016br\u0117 \u0161\u012f model\u012f galvodamas apie patogum\u0105 ir modern\u0173 vaizd\u0105. BC-18 sofa su \u017ealiais apmu\u0161alais ir baltu blizgiu priekiu derina elegancij\u0105 ir funkcionalum\u0105, tod\u0117l puikiai tinka ma\u017eoms erdv\u0117ms. \u201eBED CONCEPT\u201c sistema leid\u017eia per kelias sekundes paversti svetain\u0119 viso dyd\u017eio miegamuoju. Sofa yra patogi vieta atsipalaiduoti ir pabendrauti dien\u0105, o vakare transformuojasi \u012f jauki\u0105 lov\u0105. Tai prakti\u0161kas sprendimas tiems, kurie nori maksimaliai i\u0161naudoti erdv\u0119 neprarandant estetikos ir komforto.<\/p>","protected":false},"excerpt":{"rendered":"<p>Modelis: BC-18 Spalva: \u017dalia\/Balta blizgi Priekis Matmenys: Kaip parodyta paveiksl\u0117lyje Dizainas: Sofa, sukurta BC-01 sieninei lovai Tinka 140 cm \u010diu\u017einiui \u017dalias apmu\u0161alas Balta blizgi Priekis Tvirta ir stabili konstrukcija Mink\u0161ta s\u0117dyn\u0117 ir patogus atlo\u0161as Eleganti\u0161ka, moderni i\u0161vaizda Prakti\u0161kas sofos\/sienin\u0117s lovos derinys \u201eLenart BED CONCEPT\u201c sistemos dalis Naujas produktas, gamykloje supakuotas, skirtas [\u2026]<\/p>","protected":false},"featured_media":249361,"comment_status":"open","ping_status":"open","template":"","meta":[],"product_brand":[],"product_cat":[2454,9196,560],"product_tag":[],"class_list":{"0":"post-249360","1":"product","2":"type-product","3":"status-publish","4":"has-post-thumbnail","6":"product_cat-lenart","7":"product_cat-furniture-system-bed-concept-lenart","8":"product_cat-sofas-and-couches","10":"first","11":"instock","12":"purchasable","13":"product-type-simple"},"_links":{"self":[{"href":"https:\/\/baldumarket.lt\/lt\/wp-json\/wp\/v2\/product\/249360","targetHints":{"allow":["GET"]}}],"collection":[{"href":"https:\/\/baldumarket.lt\/lt\/wp-json\/wp\/v2\/product"}],"about":[{"href":"https:\/\/baldumarket.lt\/lt\/wp-json\/wp\/v2\/types\/product"}],"replies":[{"embeddable":true,"href":"https:\/\/baldumarket.lt\/lt\/wp-json\/wp\/v2\/comments?post=249360"}],"wp:featuredmedia":[{"embeddable":true,"href":"https:\/\/baldumarket.lt\/lt\/wp-json\/wp\/v2\/media\/249361"}],"wp:attachment":[{"href":"https:\/\/baldumarket.lt\/lt\/wp-json\/wp\/v2\/media?parent=249360"}],"wp:term":[{"taxonomy":"product_brand","embeddable":true,"href":"https:\/\/baldumarket.lt\/lt\/wp-json\/wp\/v2\/product_brand?post=249360"},{"taxonomy":"product_cat","embeddable":true,"href":"https:\/\/baldumarket.lt\/lt\/wp-json\/wp\/v2\/product_cat?post=249360"},{"taxonomy":"product_tag","embeddable":true,"href":"https:\/\/baldumarket.lt\/lt\/wp-json\/wp\/v2\/product_tag?post=249360"}],"curies":[{"name":"wp","href":"https:\/\/api.w.org\/{rel}","templated":true}]}}