{"id":249352,"date":"2026-01-10T17:59:46","date_gmt":"2026-01-10T14:59:46","guid":{"rendered":"https:\/\/baldumarket.lt\/product\/bed-concept-bc-18-sofa-140-do-bc-01-zielony-front-dab-artisan-2\/"},"modified":"2026-02-11T18:32:13","modified_gmt":"2026-02-11T15:32:13","slug":"bed-concept-bc-18-sofa-140-do-bc-01-zielony-front-dab-artisan-2","status":"publish","type":"product","link":"https:\/\/baldumarket.lt\/lt\/produktas\/bed-concept-bc-18-sofa-140-do-bc-01-zielony-front-dab-artisan-2\/","title":{"rendered":"Lovos koncepcija BC-18 \u2013 Sofa 140, skirta BC-01 \u2013 \u017ealia\/dirbtinio \u0105\u017euolo fasadas"},"content":{"rendered":"<p>Modelis: BC-01<br \/>\nSpalva: \u017ealia \/ \u0105\u017euolo spalvos priekis<br \/>\nMatmenys: Kaip parodyta paveiksl\u0117lyje<br \/>\nDizainas: Sofa, sukurta taip, kad tikt\u0173 prie BC-01 sienin\u0117s lovos<br \/>\nTinka 140 cm \u010diu\u017einiui<br \/>\nAptrauktas LUKKA 38 audiniu (\u017ealia spalva)<br \/>\nAmatinink\u0173 \u0105\u017euolo fasadas<br \/>\nTvirta ir stabili konstrukcija<br \/>\nMink\u0161ta s\u0117dyn\u0117 ir patogus atlo\u0161as<br \/>\nEleganti\u0161ka i\u0161vaizda su nat\u016bralaus med\u017eio akcentais<br \/>\nFunkcinis sofos ir prie sienos prisegamos lovos derinys<br \/>\nLenart sukurtos BED CONCEPT sistemos dalis<br \/>\nNaujas produktas, gamykloje supakuotas, skirtas savaranki\u0161kam surinkimui<\/p>\n<p>\u201eLenart BED CONCEPT BC-18\u201c \u2013 tai sofa, sukurta BC-01 sieninei lovai, skirta 140 cm \u010diu\u017einiui. \u201eLenart\u201c suk\u016br\u0117 \u0161\u012f model\u012f, siekdamas suderinti kasdien\u012f komfort\u0105 su eleganti\u0161ku stiliumi. BC-18 sofa su \u017ealiu LUKKA 38 audiniu ir meni\u0161ko \u0105\u017euolo priekiu puikiai derina modern\u0173 dizain\u0105 su nat\u016bralaus med\u017eio akcentais. \u201eBED CONCEPT\u201c sistema leid\u017eia lengvai paversti svetain\u0119 viso dyd\u017eio miegamuoju. Dien\u0105 sofa yra patogi vieta atsipalaiduoti ir pabendrauti, o vakare ji virsta jaukia lova. \u0160is sprendimas idealiai tinka ma\u017eiems butams, kur svarbus kiekvienas kvadratinis metras erdv\u0117s.<\/p>","protected":false},"excerpt":{"rendered":"<p>Modelis: BC-01 Spalva: \u017dalia\/Artisan Oak Priekis Matmenys: Kaip parodyta paveiksl\u0117lyje Dizainas: Sofa, sukurta prie BC-01 sienin\u0117s lovos Tinka 140 cm \u010diu\u017einiui Apmu\u0161tas LUKKA 38 audiniu (\u017ealia) Artisan Oak Priekis Tvirta ir stabili konstrukcija Mink\u0161ta s\u0117dyn\u0117 ir patogus atlo\u0161as Eleganti\u0161ka i\u0161vaizda su nat\u016bralaus med\u017eio akcentu Funkcinis sofos ir [\u2026] derinys<\/p>","protected":false},"featured_media":249353,"comment_status":"open","ping_status":"open","template":"","meta":[],"product_brand":[],"product_cat":[2454,9196,560],"product_tag":[],"class_list":{"0":"post-249352","1":"product","2":"type-product","3":"status-publish","4":"has-post-thumbnail","6":"product_cat-lenart","7":"product_cat-furniture-system-bed-concept-lenart","8":"product_cat-sofas-and-couches","10":"first","11":"instock","12":"purchasable","13":"product-type-simple"},"_links":{"self":[{"href":"https:\/\/baldumarket.lt\/lt\/wp-json\/wp\/v2\/product\/249352","targetHints":{"allow":["GET"]}}],"collection":[{"href":"https:\/\/baldumarket.lt\/lt\/wp-json\/wp\/v2\/product"}],"about":[{"href":"https:\/\/baldumarket.lt\/lt\/wp-json\/wp\/v2\/types\/product"}],"replies":[{"embeddable":true,"href":"https:\/\/baldumarket.lt\/lt\/wp-json\/wp\/v2\/comments?post=249352"}],"wp:featuredmedia":[{"embeddable":true,"href":"https:\/\/baldumarket.lt\/lt\/wp-json\/wp\/v2\/media\/249353"}],"wp:attachment":[{"href":"https:\/\/baldumarket.lt\/lt\/wp-json\/wp\/v2\/media?parent=249352"}],"wp:term":[{"taxonomy":"product_brand","embeddable":true,"href":"https:\/\/baldumarket.lt\/lt\/wp-json\/wp\/v2\/product_brand?post=249352"},{"taxonomy":"product_cat","embeddable":true,"href":"https:\/\/baldumarket.lt\/lt\/wp-json\/wp\/v2\/product_cat?post=249352"},{"taxonomy":"product_tag","embeddable":true,"href":"https:\/\/baldumarket.lt\/lt\/wp-json\/wp\/v2\/product_tag?post=249352"}],"curies":[{"name":"wp","href":"https:\/\/api.w.org\/{rel}","templated":true}]}}