{"id":249344,"date":"2026-01-10T17:59:42","date_gmt":"2026-01-10T14:59:42","guid":{"rendered":"https:\/\/baldumarket.lt\/product\/bed-concept-bc-18-sofa-140-do-bc-01-zielony-front-kaszmir-2\/"},"modified":"2026-02-11T18:32:13","modified_gmt":"2026-02-11T15:32:13","slug":"bed-concept-bc-18-sofa-140-do-bc-01-zielony-front-kaszmir-2","status":"publish","type":"product","link":"https:\/\/baldumarket.lt\/lt\/produktas\/bed-concept-bc-18-sofa-140-do-bc-01-zielony-front-kaszmir-2\/","title":{"rendered":"Lovos koncepcija BC-18 \u2013 Sofa 140, skirta BC-01 \u2013 \u017ealia\/ka\u0161myro fasadas"},"content":{"rendered":"<p>Modelis: BC-18<br \/>\nSpalva: \u017ealia\/ka\u0161myro priekis<br \/>\nMatmenys: Kaip parodyta paveiksl\u0117lyje<br \/>\nDizainas: Sofa, sukurta prie BC-01 sienin\u0117s lovos<br \/>\nTinka 140 cm \u010diu\u017einiui<br \/>\n\u017dalia spalva apmu\u0161ti (LUKKA 38 audinys)<br \/>\nKa\u0161myro priekis<br \/>\nTvirta ir patvari konstrukcija<br \/>\nMink\u0161ta s\u0117dyn\u0117 ir patogus atlo\u0161as<br \/>\nEleganti\u0161ka, moderni i\u0161vaizda<br \/>\nPrakti\u0161kas sofos ir sienin\u0117s lovos derinys<br \/>\nLenart sukurtos BED CONCEPT sistemos dalis<br \/>\nNaujas produktas, gamykloje supakuotas, skirtas savaranki\u0161kam surinkimui<\/p>\n<p>\u201eLenart BED CONCEPT BC-18\u201c \u2013 tai sofa, sukurta prie BC-01 sienin\u0117s lovos, kurioje telpa 140 cm \u010diu\u017einys. \u201eLenart\u201c suk\u016br\u0117 \u0161\u012f model\u012f tiems, kurie nori suderinti komfort\u0105 ir eleganti\u0161k\u0105 i\u0161vaizd\u0105. BC-18 sofa su \u017ealiais apmu\u0161alais ir ka\u0161myro priekiu yra modernus ir prakti\u0161kas sprendimas, suteikiantis bet kokiam interjerui unikalumo. \u201eBED CONCEPT\u201c sistema leid\u017eia lengvai paversti svetain\u0119 \u012f pilno dyd\u017eio miegam\u0105j\u012f. Sofa yra patogi vieta atsipalaiduoti dien\u0105, o vakare tampa jaukia lova. Tai puikus pasirinkimas gyvenantiems ma\u017eose erdv\u0117se, norintiems m\u0117gautis ir komfortu, ir estetika.<\/p>","protected":false},"excerpt":{"rendered":"<p>Modelis: BC-18 Spalva: \u017dalia\/Ka\u0161myro priekis Matmenys: Kaip parodyta paveiksl\u0117lyje Dizainas: Sofa, sukurta BC-01 sieninei lovai Tinka 140 cm \u010diu\u017einiui \u017dalias apmu\u0161alas (LUKKA 38 audinys) Ka\u0161myro priekis Tvirta ir patvari konstrukcija Mink\u0161ta s\u0117dyn\u0117 ir patogus atlo\u0161as Eleganti\u0161ka, moderni i\u0161vaizda Prakti\u0161kas sofos ir sienin\u0117s lovos derinys BED CONCEPT sistemos dalis, pagaminta [\u2026]<\/p>","protected":false},"featured_media":249345,"comment_status":"open","ping_status":"open","template":"","meta":[],"product_brand":[],"product_cat":[2454,9196,560],"product_tag":[],"class_list":{"0":"post-249344","1":"product","2":"type-product","3":"status-publish","4":"has-post-thumbnail","6":"product_cat-lenart","7":"product_cat-furniture-system-bed-concept-lenart","8":"product_cat-sofas-and-couches","10":"first","11":"instock","12":"purchasable","13":"product-type-simple"},"_links":{"self":[{"href":"https:\/\/baldumarket.lt\/lt\/wp-json\/wp\/v2\/product\/249344","targetHints":{"allow":["GET"]}}],"collection":[{"href":"https:\/\/baldumarket.lt\/lt\/wp-json\/wp\/v2\/product"}],"about":[{"href":"https:\/\/baldumarket.lt\/lt\/wp-json\/wp\/v2\/types\/product"}],"replies":[{"embeddable":true,"href":"https:\/\/baldumarket.lt\/lt\/wp-json\/wp\/v2\/comments?post=249344"}],"wp:featuredmedia":[{"embeddable":true,"href":"https:\/\/baldumarket.lt\/lt\/wp-json\/wp\/v2\/media\/249345"}],"wp:attachment":[{"href":"https:\/\/baldumarket.lt\/lt\/wp-json\/wp\/v2\/media?parent=249344"}],"wp:term":[{"taxonomy":"product_brand","embeddable":true,"href":"https:\/\/baldumarket.lt\/lt\/wp-json\/wp\/v2\/product_brand?post=249344"},{"taxonomy":"product_cat","embeddable":true,"href":"https:\/\/baldumarket.lt\/lt\/wp-json\/wp\/v2\/product_cat?post=249344"},{"taxonomy":"product_tag","embeddable":true,"href":"https:\/\/baldumarket.lt\/lt\/wp-json\/wp\/v2\/product_tag?post=249344"}],"curies":[{"name":"wp","href":"https:\/\/api.w.org\/{rel}","templated":true}]}}