{"id":249336,"date":"2026-01-10T17:59:39","date_gmt":"2026-01-10T14:59:39","guid":{"rendered":"https:\/\/baldumarket.lt\/product\/bed-concept-bc-18-sofa-140-do-bc-01-zielony-front-szary-2\/"},"modified":"2026-02-11T18:32:13","modified_gmt":"2026-02-11T15:32:13","slug":"bed-concept-bc-18-sofa-140-do-bc-01-zielony-front-szary-2","status":"publish","type":"product","link":"https:\/\/baldumarket.lt\/lt\/produktas\/bed-concept-bc-18-sofa-140-do-bc-01-zielony-front-szary-2\/","title":{"rendered":"Lovos koncepcija BC-18 \u2013 Sofa 140, skirta BC-01 \u2013 \u017ealia\/pilka priekin\u0117 dalis"},"content":{"rendered":"<p>Modelis: BC-18<br \/>\nSpalva: J\u016bs\u0173 pasirinkta spalva<br \/>\nMatmenys: Kaip parodyta paveiksl\u0117lyje<br \/>\nDizainas: Sofa, sukurta prie BC-01 sienin\u0117s lovos<br \/>\nTinka 140 cm \u010diu\u017einiui<br \/>\nAptrauktas LUKKA 38 audiniu (\u017ealia spalva)<br \/>\nPilkas priekis<br \/>\nTvirta ir stabili konstrukcija<br \/>\nMink\u0161ta s\u0117dyn\u0117 ir patogus atlo\u0161as<br \/>\nEleganti\u0161kas dizainas, tinkantis \u012fvairioms kompozicijoms<br \/>\nFunkcinis sofos\/sienos lovos derinys<br \/>\nLenart sukurtos BED CONCEPT sistemos dalis<br \/>\nNaujas produktas, gamykloje supakuotas, skirtas savaranki\u0161kam surinkimui<\/p>\n<p>\u201eLenart BED CONCEPT BC-18\u201c \u2013 tai sofa, sukurta prie BC-01 sienin\u0117s lovos, kurioje telpa 140 cm \u010diu\u017einys. \u201eLenart\u201c suk\u016br\u0117 \u0161\u012f model\u012f, siekdamas suderinti kasdien\u012f komfort\u0105 su moderniu stiliumi. BC-18 sofa i\u0161 \u017ealio LUKKA 38 audinio su pilku priekiu yra eleganti\u0161kas ir funkcionalus sprendimas, puikiai papildantis \u0161iuolaikin\u012f interjer\u0105. \u201eBED CONCEPT\u201c sistema leid\u017eia per akimirk\u0105 paversti svetain\u0119 viso dyd\u017eio miegamuoju. Dien\u0105 sofa tarnauja kaip patogi vieta atsipalaiduoti ir pabendrauti, o vakare ji virsta jaukia lova. Tai puikus sprendimas tiems, kurie nori prakti\u0161kai ir esteti\u0161kai sutvarkyti erdv\u0119 ma\u017eame bute.<\/p>","protected":false},"excerpt":{"rendered":"<p>Modelis: BC-18 Spalva: J\u016bs\u0173 pasirinkta spalva Matmenys: Kaip parodyta paveiksl\u0117lyje Dizainas: Sofa, skirta BC-01 sieninei lovai Tinka 140 cm \u010diu\u017einiui Apmu\u0161tas LUKKA 38 audiniu (\u017ealia) Pilkas priekis Tvirta ir stabili konstrukcija Mink\u0161ta s\u0117dyn\u0117 ir patogus atlo\u0161as Eleganti\u0161kas dizainas, tinkantis \u012fvairiems i\u0161d\u0117stymams Funkcinis sofos \/ sienin\u0117s lovos derinys Lovos dalis [\u2026]<\/p>","protected":false},"featured_media":249337,"comment_status":"open","ping_status":"open","template":"","meta":[],"product_brand":[],"product_cat":[2454,9196,560],"product_tag":[],"class_list":{"0":"post-249336","1":"product","2":"type-product","3":"status-publish","4":"has-post-thumbnail","6":"product_cat-lenart","7":"product_cat-furniture-system-bed-concept-lenart","8":"product_cat-sofas-and-couches","10":"first","11":"instock","12":"purchasable","13":"product-type-simple"},"_links":{"self":[{"href":"https:\/\/baldumarket.lt\/lt\/wp-json\/wp\/v2\/product\/249336","targetHints":{"allow":["GET"]}}],"collection":[{"href":"https:\/\/baldumarket.lt\/lt\/wp-json\/wp\/v2\/product"}],"about":[{"href":"https:\/\/baldumarket.lt\/lt\/wp-json\/wp\/v2\/types\/product"}],"replies":[{"embeddable":true,"href":"https:\/\/baldumarket.lt\/lt\/wp-json\/wp\/v2\/comments?post=249336"}],"wp:featuredmedia":[{"embeddable":true,"href":"https:\/\/baldumarket.lt\/lt\/wp-json\/wp\/v2\/media\/249337"}],"wp:attachment":[{"href":"https:\/\/baldumarket.lt\/lt\/wp-json\/wp\/v2\/media?parent=249336"}],"wp:term":[{"taxonomy":"product_brand","embeddable":true,"href":"https:\/\/baldumarket.lt\/lt\/wp-json\/wp\/v2\/product_brand?post=249336"},{"taxonomy":"product_cat","embeddable":true,"href":"https:\/\/baldumarket.lt\/lt\/wp-json\/wp\/v2\/product_cat?post=249336"},{"taxonomy":"product_tag","embeddable":true,"href":"https:\/\/baldumarket.lt\/lt\/wp-json\/wp\/v2\/product_tag?post=249336"}],"curies":[{"name":"wp","href":"https:\/\/api.w.org\/{rel}","templated":true}]}}