{"id":249330,"date":"2026-01-10T17:59:37","date_gmt":"2026-01-10T14:59:37","guid":{"rendered":"https:\/\/baldumarket.lt\/product\/bed-concept-bc-19-sofa-160-do-bc-12-boucle-bezowy-piu-03-front-bialy-2\/"},"modified":"2026-02-11T18:32:13","modified_gmt":"2026-02-11T15:32:13","slug":"bed-concept-bc-19-sofa-160-do-bc-12-boucle-bezowy-piu-03-front-bialy-2","status":"publish","type":"product","link":"https:\/\/baldumarket.lt\/lt\/produktas\/bed-concept-bc-19-sofa-160-do-bc-12-boucle-bezowy-piu-03-front-bialy-2\/","title":{"rendered":"LOVOS KONCEPCIJA BC-19 \u2013 Sofa 160, skirta BC-12 \u2013 bukl\u0117 sm\u0117lio spalvos PIU 03 \/ baltas priekis"},"content":{"rendered":"<p>Modelis: BC-19<br \/>\nSpalva: PIU 03 beige boucl\u00e9 \/ baltas priekis<br \/>\nMatmenys: Kaip parodyta paveiksl\u0117lyje<br \/>\nDizainas: Sofa, sukurta BC-12 sieninei lovai<br \/>\nTinka 160 cm \u010diu\u017einiui<br \/>\nApmu\u0161tas PIU 03 boucl\u00e9 audiniu (sm\u0117lio spalvos)<br \/>\nBaltas priekis<br \/>\nTvirta ir patvari konstrukcija<br \/>\nMink\u0161ta s\u0117dyn\u0117 ir patogus atlo\u0161as<br \/>\nEleganti\u0161ka, moderni i\u0161vaizda<br \/>\nPrakti\u0161kas sofos ir sienin\u0117s lovos derinys<br \/>\nLenart sukurtos BED CONCEPT sistemos dalis<br \/>\nNaujas produktas, gamykloje supakuotas, skirtas savaranki\u0161kam surinkimui<\/p>\n<p>\u201eLenart BED CONCEPT BC-19\u201c \u2013 tai sofa, sukurta BC-12 sieninei lovai po 160 cm \u010diu\u017einiu. \u201eLenart\u201c suk\u016br\u0117 \u0161\u012f model\u012f, siekdamas suderinti funkcionalum\u0105 ir eleganti\u0161k\u0105 i\u0161vaizd\u0105. BC-19 sofa i\u0161 PIU 03 bukl\u0117 audinio su baltu priekiu yra modernus sprendimas, idealiai tinkantis ma\u017eiems butams ir studijoms. \u201eBED CONCEPT\u201c sistema leid\u017eia per akimirk\u0105 paversti svetain\u0119 viso dyd\u017eio miegamuoju. Dien\u0105 sofa yra patogi vieta susiburti ir atsipalaiduoti, o vakare ji virsta patogia lova. Tai puikus b\u016bdas prakti\u0161kai i\u0161naudoti erdv\u0119 nepakenkiant komfortui ar estetikai.<\/p>","protected":false},"excerpt":{"rendered":"<p>Modelis: BC-19 Spalva: PIU 03 sm\u0117lio spalvos bukl\u0117 \/ baltas priekis Matmenys: Kaip parodyta paveiksl\u0117lyje Dizainas: Sofa, skirta BC-12 sieninei lovai Tinka 160 cm \u010diu\u017einiui Apmu\u0161tas PIU 03 bukl\u0117 audiniu (sm\u0117lio spalvos) Baltas priekis Tvirta ir patvari konstrukcija Mink\u0161ta s\u0117dyn\u0117 ir patogus atlo\u0161as Eleganti\u0161ka, moderni i\u0161vaizda Prakti\u0161kas sofos ir sienin\u0117s lovos derinys [\u2026]<\/p>","protected":false},"featured_media":249331,"comment_status":"open","ping_status":"open","template":"","meta":[],"product_brand":[],"product_cat":[2454,9196,560],"product_tag":[],"class_list":{"0":"post-249330","1":"product","2":"type-product","3":"status-publish","4":"has-post-thumbnail","6":"product_cat-lenart","7":"product_cat-furniture-system-bed-concept-lenart","8":"product_cat-sofas-and-couches","10":"first","11":"instock","12":"purchasable","13":"product-type-simple"},"_links":{"self":[{"href":"https:\/\/baldumarket.lt\/lt\/wp-json\/wp\/v2\/product\/249330","targetHints":{"allow":["GET"]}}],"collection":[{"href":"https:\/\/baldumarket.lt\/lt\/wp-json\/wp\/v2\/product"}],"about":[{"href":"https:\/\/baldumarket.lt\/lt\/wp-json\/wp\/v2\/types\/product"}],"replies":[{"embeddable":true,"href":"https:\/\/baldumarket.lt\/lt\/wp-json\/wp\/v2\/comments?post=249330"}],"wp:featuredmedia":[{"embeddable":true,"href":"https:\/\/baldumarket.lt\/lt\/wp-json\/wp\/v2\/media\/249331"}],"wp:attachment":[{"href":"https:\/\/baldumarket.lt\/lt\/wp-json\/wp\/v2\/media?parent=249330"}],"wp:term":[{"taxonomy":"product_brand","embeddable":true,"href":"https:\/\/baldumarket.lt\/lt\/wp-json\/wp\/v2\/product_brand?post=249330"},{"taxonomy":"product_cat","embeddable":true,"href":"https:\/\/baldumarket.lt\/lt\/wp-json\/wp\/v2\/product_cat?post=249330"},{"taxonomy":"product_tag","embeddable":true,"href":"https:\/\/baldumarket.lt\/lt\/wp-json\/wp\/v2\/product_tag?post=249330"}],"curies":[{"name":"wp","href":"https:\/\/api.w.org\/{rel}","templated":true}]}}