{"id":249324,"date":"2026-01-10T17:59:34","date_gmt":"2026-01-10T14:59:34","guid":{"rendered":"https:\/\/baldumarket.lt\/product\/bed-concept-bc-19-sofa-160-do-bc-12-bezowy-art-82610-front-szary-2\/"},"modified":"2026-02-11T18:32:13","modified_gmt":"2026-02-11T15:32:13","slug":"bed-concept-bc-19-sofa-160-do-bc-12-bezowy-art-82610-front-szary-2","status":"publish","type":"product","link":"https:\/\/baldumarket.lt\/lt\/produktas\/bed-concept-bc-19-sofa-160-do-bc-12-bezowy-art-82610-front-szary-2\/","title":{"rendered":"LOVOS KONCEPCIJA BC-19 \u2013 Sofa 160, skirta BC-12 \u2013 sm\u0117lio spalvos ART 82610 \/ pilkas priekis"},"content":{"rendered":"<p>Modelis: BC-19<br \/>\nSpalva: sm\u0117lio spalvos ART 82610 \/ pilka priekin\u0117 dalis<br \/>\nMatmenys: Kaip parodyta paveiksl\u0117lyje<br \/>\nDizainas: Sofa, sukurta taip, kad tikt\u0173 prie BC-12 sienin\u0117s lovos<br \/>\nTinka 160 cm \u010diu\u017einiui<br \/>\nAptrauktas ART 82610 audiniu (sm\u0117lio spalvos)<br \/>\nPilkas priekis<br \/>\nTvirta ir patvari konstrukcija<br \/>\nMink\u0161ta ir patogi s\u0117dyn\u0117<br \/>\nModernus dizainas, tinkantis daugeliui interjer\u0173<br \/>\nPrakti\u0161kas sofos ir sienin\u0117s lovos derinys<br \/>\n\u201eLenart BED CONCEPT\u201c sistemos dalis<br \/>\nNaujas produktas, gamykloje supakuotas, skirtas savaranki\u0161kam surinkimui<\/p>\n<p>\u201eLenart BED CONCEPT BC-19\u201c \u2013 tai sofa, sukurta BC-12 prie sienos tvirtinamai lovai, kurioje telpa 160 cm \u010diu\u017einys. \u201eLenart\u201c suk\u016br\u0117 \u0161\u012f model\u012f, siekdamas suderinti prakti\u0161kum\u0105, komfort\u0105 ir eleganti\u0161k\u0105 i\u0161vaizd\u0105. BC-19 sofa, aptraukta sm\u0117lio spalvos ART 82610 audiniu su pilku priekiu, yra universalus sprendimas, puikiai papildantis modern\u0173 interjer\u0105. \u201eBED CONCEPT\u201c sistema leid\u017eia greitai paversti svetain\u0119 viso dyd\u017eio miegamuoju. Dien\u0105 sofa tarnauja kaip patogi vieta atsipalaiduoti ir pabendrauti, o vakare ji virsta jaukia lova. Tai puikus pasirinkimas ma\u017eiems butams ir studijoms, kur svarbus kiekvienas kvadratinis metras erdv\u0117s.<\/p>","protected":false},"excerpt":{"rendered":"<p>Modelis: BC-19 Spalva: Sm\u0117lio spalvos ART 82610 \/ Pilkas priekis Matmenys: Kaip parodyta paveiksl\u0117lyje Dizainas: Sofa, pritaikyta prie BC-12 sienin\u0117s lovos Tinka 160 cm \u010diu\u017einiui Apmu\u0161tas ART 82610 audiniu (sm\u0117lio spalvos) Pilkas priekis Tvirta ir patvari konstrukcija Mink\u0161ta ir patogi s\u0117dyn\u0117 Modernus dizainas, tinkantis daugeliui interjer\u0173 Prakti\u0161kas sofos ir sienin\u0117s [\u2026] derinys<\/p>","protected":false},"featured_media":249325,"comment_status":"open","ping_status":"open","template":"","meta":[],"product_brand":[],"product_cat":[2454,9196,560],"product_tag":[],"class_list":{"0":"post-249324","1":"product","2":"type-product","3":"status-publish","4":"has-post-thumbnail","6":"product_cat-lenart","7":"product_cat-furniture-system-bed-concept-lenart","8":"product_cat-sofas-and-couches","10":"first","11":"instock","12":"purchasable","13":"product-type-simple"},"_links":{"self":[{"href":"https:\/\/baldumarket.lt\/lt\/wp-json\/wp\/v2\/product\/249324","targetHints":{"allow":["GET"]}}],"collection":[{"href":"https:\/\/baldumarket.lt\/lt\/wp-json\/wp\/v2\/product"}],"about":[{"href":"https:\/\/baldumarket.lt\/lt\/wp-json\/wp\/v2\/types\/product"}],"replies":[{"embeddable":true,"href":"https:\/\/baldumarket.lt\/lt\/wp-json\/wp\/v2\/comments?post=249324"}],"wp:featuredmedia":[{"embeddable":true,"href":"https:\/\/baldumarket.lt\/lt\/wp-json\/wp\/v2\/media\/249325"}],"wp:attachment":[{"href":"https:\/\/baldumarket.lt\/lt\/wp-json\/wp\/v2\/media?parent=249324"}],"wp:term":[{"taxonomy":"product_brand","embeddable":true,"href":"https:\/\/baldumarket.lt\/lt\/wp-json\/wp\/v2\/product_brand?post=249324"},{"taxonomy":"product_cat","embeddable":true,"href":"https:\/\/baldumarket.lt\/lt\/wp-json\/wp\/v2\/product_cat?post=249324"},{"taxonomy":"product_tag","embeddable":true,"href":"https:\/\/baldumarket.lt\/lt\/wp-json\/wp\/v2\/product_tag?post=249324"}],"curies":[{"name":"wp","href":"https:\/\/api.w.org\/{rel}","templated":true}]}}