{"id":249311,"date":"2026-01-10T17:59:29","date_gmt":"2026-01-10T14:59:29","guid":{"rendered":"https:\/\/baldumarket.lt\/product\/bed-concept-bc-31-zaglowek-tapicerowany-90-do-bc-03-grafit\/"},"modified":"2026-02-11T18:32:13","modified_gmt":"2026-02-11T15:32:13","slug":"bed-concept-bc-31-zaglowek-tapicerowany-90-do-bc-03-grafit","status":"publish","type":"product","link":"https:\/\/baldumarket.lt\/lt\/product\/bed-concept-bc-31-zaglowek-tapicerowany-90-do-bc-03-grafit\/","title":{"rendered":"BED CONCEPT BC-31 \u2013 mink\u0161ta galvos atrama 90, skirta BC-03 \u2013 grafito spalvos"},"content":{"rendered":"<p>Modelis: BC-31<br \/>\nSpalva: grafito<br \/>\nMatmenys: Kaip parodyta paveiksl\u0117lyje<br \/>\nGamintojas: Lenart i\u0161 BED CONCEPT kolekcijos<br \/>\nModelis BC-31 \u2013 apmu\u0161tas galv\u016bgalis BC-03 sieninei lovai<br \/>\nTinka lovai su 90 cm plo\u010dio \u010diu\u017einiu<br \/>\nAptrauktas grafito spalvos ART-82630 audiniu<br \/>\nMink\u0161tas u\u017epildas didesniam komfortui<br \/>\nKruop\u0161\u010diai apdirbta apmu\u0161alai, atspar\u016bs kasdieniam d\u0117v\u0117jimui<br \/>\nUniversalus dizainas, tinkantis \u012fvairiems i\u0161d\u0117stymams<br \/>\nNaujas produktas, gamykloje supakuotas, reikalauja savaranki\u0161ko surinkimo<\/p>\n<p>\u201eLenart BED CONCEPT BC-31\u201c \u2013 tai apmu\u0161tas galv\u016bgalis, skirtas BC-03 sieninei lovai, skirtai 90 cm plo\u010dio \u010diu\u017einiui. Tai prakti\u0161kas priedas, padidinantis kasdienio naudojimo komfort\u0105 ir suteikiantis modernumo. \u201eLenart\u201c u\u017etikrino, kad \u0161is elementas b\u016bt\u0173 funkcionalus ir esteti\u0161kai patrauklus, puikiai papildydamas likusi\u0105 \u201eBED CONCEPT\u201c kolekcijos dal\u012f. Apmu\u0161alas pagamintas i\u0161 grafito spalvos ART-82630 audinio. 300 g\/m\u00b2, 100% PES med\u017eiaga yra patvari, maloni liesti ir atspari intensyviam naudojimui. Mink\u0161tas galvos atramos pamink\u0161tinimas suteikia patogi\u0105 atram\u0105 skaitant, mokantis ar ilsintis. \u0160is elementas daro lov\u0105 dar patogesn\u0119 ir eleganti\u0161kesn\u0119.<\/p>","protected":false},"excerpt":{"rendered":"<p>Modelis: BC-31 Spalva: Grafito Matmenys: Kaip parodyta paveiksl\u0117lyje Pagaminta: Lenart i\u0161 BED CONCEPT kolekcijos Modelis BC-31 \u2013 Apmu\u0161tas galv\u016bgalis BC-03 sieninei lovai Tinka lovai su 90 cm plo\u010dio \u010diu\u017einiu Apmu\u0161ta grafito spalvos ART-82630 audiniu Mink\u0161tas u\u017epildas didesniam komfortui Kruop\u0161\u010diai apdirbtas apmu\u0161alas, atsparus kasdieniam d\u0117v\u0117jimuisi Universalus dizainas, tinka [\u2026]<\/p>","protected":false},"featured_media":249312,"comment_status":"open","ping_status":"open","template":"","meta":[],"product_brand":[],"product_cat":[2454,9196],"product_tag":[],"class_list":{"0":"post-249311","1":"product","2":"type-product","3":"status-publish","4":"has-post-thumbnail","6":"product_cat-lenart","7":"product_cat-furniture-system-bed-concept-lenart","9":"first","10":"instock","11":"purchasable","12":"product-type-simple"},"_links":{"self":[{"href":"https:\/\/baldumarket.lt\/lt\/wp-json\/wp\/v2\/product\/249311","targetHints":{"allow":["GET"]}}],"collection":[{"href":"https:\/\/baldumarket.lt\/lt\/wp-json\/wp\/v2\/product"}],"about":[{"href":"https:\/\/baldumarket.lt\/lt\/wp-json\/wp\/v2\/types\/product"}],"replies":[{"embeddable":true,"href":"https:\/\/baldumarket.lt\/lt\/wp-json\/wp\/v2\/comments?post=249311"}],"wp:featuredmedia":[{"embeddable":true,"href":"https:\/\/baldumarket.lt\/lt\/wp-json\/wp\/v2\/media\/249312"}],"wp:attachment":[{"href":"https:\/\/baldumarket.lt\/lt\/wp-json\/wp\/v2\/media?parent=249311"}],"wp:term":[{"taxonomy":"product_brand","embeddable":true,"href":"https:\/\/baldumarket.lt\/lt\/wp-json\/wp\/v2\/product_brand?post=249311"},{"taxonomy":"product_cat","embeddable":true,"href":"https:\/\/baldumarket.lt\/lt\/wp-json\/wp\/v2\/product_cat?post=249311"},{"taxonomy":"product_tag","embeddable":true,"href":"https:\/\/baldumarket.lt\/lt\/wp-json\/wp\/v2\/product_tag?post=249311"}],"curies":[{"name":"wp","href":"https:\/\/api.w.org\/{rel}","templated":true}]}}