{"id":249305,"date":"2026-01-10T17:59:27","date_gmt":"2026-01-10T14:59:27","guid":{"rendered":"https:\/\/baldumarket.lt\/product\/bed-concept-bc-32-zaglowek-tapicerowany-120-do-bc-02-szary\/"},"modified":"2026-02-11T18:32:13","modified_gmt":"2026-02-11T15:32:13","slug":"bed-concept-bc-32-zaglowek-tapicerowany-120-do-bc-02-szary","status":"publish","type":"product","link":"https:\/\/baldumarket.lt\/lt\/product\/bed-concept-bc-32-zaglowek-tapicerowany-120-do-bc-02-szary\/","title":{"rendered":"BED CONCEPT BC-32 \u2013 mink\u0161ta galvos atrama 120, skirta BC-02 \u2013 pilka"},"content":{"rendered":"<p>Modelis: BC-32<br \/>\nSpalva: pilka<br \/>\nMatmenys: Kaip parodyta paveiksl\u0117lyje<br \/>\nGamintojas: Lenart i\u0161 BED CONCEPT kolekcijos<br \/>\nModelis BC-32 \u2013 apmu\u0161tas galv\u016bgalis BC-02 sieninei lovai<br \/>\nTinka lovai su 120 cm plo\u010dio \u010diu\u017einiu<br \/>\nAptrauktas pilku ART-82626 audiniu<br \/>\nMink\u0161tas u\u017epildas komfortui<br \/>\nKruop\u0161\u010diai apmu\u0161ti baldai, atspar\u016bs trin\u010diai ir kasdieniam naudojimui<br \/>\nUniversalus, modernus dizainas, tinkantis \u012fvairiems i\u0161d\u0117stymams<br \/>\nProduktas naujas, gamykloje supakuotas, skirtas savaranki\u0161kam surinkimui<\/p>\n<p>\u201eLenart BED CONCEPT BC-32\u201c \u2013 tai apmu\u0161tas galv\u016bgalis, skirtas BC-02 sieninei lovai su 120 cm plo\u010dio \u010diu\u017einiu. \u0160is elementas padidina kasdienio naudojimo komfort\u0105 ir suteikia eleganti\u0161k\u0105 i\u0161vaizd\u0105. \u201eLenart\u201c suk\u016br\u0117 \u0161\u012f model\u012f kaip funkcional\u0173 ir estetin\u012f papildym\u0105 moderniam dizainui. Galvos atrama aptraukta pilku ART-82626 audiniu. D\u0117l mink\u0161to u\u017epildo ji suteikia patogi\u0105 nugaros atram\u0105 skaitant, \u017ei\u016brint televizori\u0173 ar dirbant ne\u0161iojamuoju kompiuteriu lovoje. \u0160is prakti\u0161kas ir stilingas priedas daro BC-02 sienin\u0119 lov\u0105 dar patogesn\u0119.<\/p>","protected":false},"excerpt":{"rendered":"<p>Modelis: BC-32 Spalva: Pilka Matmenys: Kaip parodyta paveiksl\u0117lyje Pagaminta: Lenart i\u0161 BED CONCEPT kolekcijos Modelis BC-32 \u2013 Apmu\u0161tas galv\u016bgalis BC-02 sieninei lovai Tinka lovai su 120 cm plo\u010dio \u010diu\u017einiu Apmu\u0161ta pilku ART-82626 audiniu Mink\u0161tas u\u017epildas komfortui Kruop\u0161tus apmu\u0161alas, atsparus trin\u010diai ir kasdieniam naudojimui Universalus, modernus dizainas [\u2026]<\/p>","protected":false},"featured_media":249306,"comment_status":"open","ping_status":"open","template":"","meta":[],"product_brand":[],"product_cat":[2454,9196],"product_tag":[],"class_list":{"0":"post-249305","1":"product","2":"type-product","3":"status-publish","4":"has-post-thumbnail","6":"product_cat-lenart","7":"product_cat-furniture-system-bed-concept-lenart","9":"first","10":"instock","11":"purchasable","12":"product-type-simple"},"_links":{"self":[{"href":"https:\/\/baldumarket.lt\/lt\/wp-json\/wp\/v2\/product\/249305","targetHints":{"allow":["GET"]}}],"collection":[{"href":"https:\/\/baldumarket.lt\/lt\/wp-json\/wp\/v2\/product"}],"about":[{"href":"https:\/\/baldumarket.lt\/lt\/wp-json\/wp\/v2\/types\/product"}],"replies":[{"embeddable":true,"href":"https:\/\/baldumarket.lt\/lt\/wp-json\/wp\/v2\/comments?post=249305"}],"wp:featuredmedia":[{"embeddable":true,"href":"https:\/\/baldumarket.lt\/lt\/wp-json\/wp\/v2\/media\/249306"}],"wp:attachment":[{"href":"https:\/\/baldumarket.lt\/lt\/wp-json\/wp\/v2\/media?parent=249305"}],"wp:term":[{"taxonomy":"product_brand","embeddable":true,"href":"https:\/\/baldumarket.lt\/lt\/wp-json\/wp\/v2\/product_brand?post=249305"},{"taxonomy":"product_cat","embeddable":true,"href":"https:\/\/baldumarket.lt\/lt\/wp-json\/wp\/v2\/product_cat?post=249305"},{"taxonomy":"product_tag","embeddable":true,"href":"https:\/\/baldumarket.lt\/lt\/wp-json\/wp\/v2\/product_tag?post=249305"}],"curies":[{"name":"wp","href":"https:\/\/api.w.org\/{rel}","templated":true}]}}