{"id":249299,"date":"2026-01-10T17:59:24","date_gmt":"2026-01-10T14:59:24","guid":{"rendered":"https:\/\/baldumarket.lt\/product\/bed-concept-bc-18-sofa-140-do-bc-01-boucle-bezowy-piu-03-front-bialy-2\/"},"modified":"2026-02-11T18:32:13","modified_gmt":"2026-02-11T15:32:13","slug":"bed-concept-bc-18-sofa-140-do-bc-01-boucle-bezowy-piu-03-front-bialy-2","status":"publish","type":"product","link":"https:\/\/baldumarket.lt\/lt\/produktas\/bed-concept-bc-18-sofa-140-do-bc-01-boucle-bezowy-piu-03-front-bialy-2\/","title":{"rendered":"LOVOS KONCEPCIJA BC-18 \u2013 Sofa 140, skirta BC-01 \u2013 bukl\u0117 sm\u0117lio spalvos PIU 03 \/ baltas priekis"},"content":{"rendered":"<p>Modelis: BC-18<br \/>\nSpalva: PIU 03 beige boucl\u00e9 \/ baltas priekis<br \/>\nMatmenys: Kaip parodyta paveiksl\u0117lyje<br \/>\nDizainas: Sofa, sukurta prie BC-01 sienin\u0117s lovos<br \/>\nTinka 140 cm \u010diu\u017einiui<br \/>\nApmu\u0161tas PIU 03 boucl\u00e9 audiniu<br \/>\nBaltas priekis<br \/>\nTvirta konstrukcija ir tiksli apdaila<br \/>\nMink\u0161ta s\u0117dyn\u0117 patogumui<br \/>\nFunkcinis sofos ir sienin\u0117s lovos derinys<br \/>\nSpecialus \u201eLenart BED CONCEPT\u201c sistemos komponentas<br \/>\nIdealus sprendimas ma\u017eoms erdv\u0117ms<br \/>\nNaujas produktas, gamykloje supakuotas, skirtas savaranki\u0161kam surinkimui<\/p>\n<p>\u201eLenart BED CONCEPT BC-18\u201c \u2013 tai sofa, integruota su BC-01 prie sienos prisegama lova, skirta 140 cm \u010diu\u017einiui. \u201eLenart\u201c suk\u016br\u0117 prakti\u0161k\u0105 sprendim\u0105, leid\u017eiant\u012f akimirksniu paversti svetain\u0119 patogiu miegamuoju. BC-18 sofa, aptraukta PIU 03 bukl\u0117 audiniu ir su baltu priekiu, derina funkcionalum\u0105 ir eleganti\u0161k\u0105 dizain\u0105. Su \u0161iuo sprendimu galite m\u0117gautis patogia susitikim\u0173 erdve dien\u0105 ir pilno dyd\u017eio lova nakt\u012f. \u201eBED CONCEPT\u201c sistema sukurta siekiant maksimaliai padidinti turim\u0105 erdv\u0119, tod\u0117l ji idealiai tinka butams su ribota kvadrat\u016bra. Tai modernus ir prakti\u0161kas po\u017ei\u016bris \u012f interjero dizain\u0105, kuriame derinamas komfortas ir dizainas.<\/p>","protected":false},"excerpt":{"rendered":"<p>Modelis: BC-18 Spalva: PIU 03 sm\u0117lio spalvos bukl\u0117 \/ baltas priekis Matmenys: Kaip parodyta paveiksl\u0117lyje Dizainas: Sofa, skirta BC-01 priekinei lovai Tinka 140 cm \u010diu\u017einiui Apmu\u0161tas PIU 03 bukl\u0117 audiniu Baltas priekis Tvirta konstrukcija ir tiksli apdaila Mink\u0161ta s\u0117dyn\u0117 komfortui Funkcinis sofos ir priekin\u0117s lovos derinys Specialus [\u2026] komponentas<\/p>","protected":false},"featured_media":249300,"comment_status":"open","ping_status":"open","template":"","meta":[],"product_brand":[],"product_cat":[2454,9196,560],"product_tag":[],"class_list":{"0":"post-249299","1":"product","2":"type-product","3":"status-publish","4":"has-post-thumbnail","6":"product_cat-lenart","7":"product_cat-furniture-system-bed-concept-lenart","8":"product_cat-sofas-and-couches","10":"first","11":"instock","12":"purchasable","13":"product-type-simple"},"_links":{"self":[{"href":"https:\/\/baldumarket.lt\/lt\/wp-json\/wp\/v2\/product\/249299","targetHints":{"allow":["GET"]}}],"collection":[{"href":"https:\/\/baldumarket.lt\/lt\/wp-json\/wp\/v2\/product"}],"about":[{"href":"https:\/\/baldumarket.lt\/lt\/wp-json\/wp\/v2\/types\/product"}],"replies":[{"embeddable":true,"href":"https:\/\/baldumarket.lt\/lt\/wp-json\/wp\/v2\/comments?post=249299"}],"wp:featuredmedia":[{"embeddable":true,"href":"https:\/\/baldumarket.lt\/lt\/wp-json\/wp\/v2\/media\/249300"}],"wp:attachment":[{"href":"https:\/\/baldumarket.lt\/lt\/wp-json\/wp\/v2\/media?parent=249299"}],"wp:term":[{"taxonomy":"product_brand","embeddable":true,"href":"https:\/\/baldumarket.lt\/lt\/wp-json\/wp\/v2\/product_brand?post=249299"},{"taxonomy":"product_cat","embeddable":true,"href":"https:\/\/baldumarket.lt\/lt\/wp-json\/wp\/v2\/product_cat?post=249299"},{"taxonomy":"product_tag","embeddable":true,"href":"https:\/\/baldumarket.lt\/lt\/wp-json\/wp\/v2\/product_tag?post=249299"}],"curies":[{"name":"wp","href":"https:\/\/api.w.org\/{rel}","templated":true}]}}