{"id":249286,"date":"2026-01-10T17:59:20","date_gmt":"2026-01-10T14:59:20","guid":{"rendered":"https:\/\/baldumarket.lt\/product\/bed-concept-bc-18-sofa-140-do-bc-01-grafit-art-82630-front-bialy-2\/"},"modified":"2026-02-11T18:32:13","modified_gmt":"2026-02-11T15:32:13","slug":"bed-concept-bc-18-sofa-140-do-bc-01-grafit-art-82630-front-bialy-2","status":"publish","type":"product","link":"https:\/\/baldumarket.lt\/lt\/produktas\/bed-concept-bc-18-sofa-140-do-bc-01-grafit-art-82630-front-bialy-2\/","title":{"rendered":"LOVOS KONCEPCIJA BC-18 \u2013 Sofa 140, skirta BC-01 \u2013 grafito spalvos ART 82630 \/ baltas priekis"},"content":{"rendered":"<p>Modelis: BC-18<br \/>\nSpalva: ART 82630 grafito \/ balta priekin\u0117 dalis<br \/>\nMatmenys: Kaip parodyta paveiksl\u0117lyje<br \/>\nDizainas: Sofa, sukurta prie BC-01 sienin\u0117s lovos<br \/>\nTinka 140 cm \u010diu\u017einiui<br \/>\nAptrauktas ART 82630 audiniu (grafito spalvos)<br \/>\nBaltas priekis<br \/>\nTvirta konstrukcija u\u017etikrina ilgaam\u017ei\u0161kum\u0105<br \/>\nMink\u0161ta ir patogi s\u0117dyn\u0117<br \/>\nEstetinis prakti\u0161kumo ir elegancijos derinys<br \/>\nFunkcinis sofos ir sienin\u0117s lovos derinys<br \/>\nLenart sukurtos BED CONCEPT sistemos dalis<br \/>\nNaujas produktas, gamykloje supakuotas, skirtas savaranki\u0161kam surinkimui<\/p>\n<p>\u201eLenart BED CONCEPT BC-18\u201c \u2013 tai sofa, skirta prie BC-01 sienin\u0117s lovos su 140 cm \u010diu\u017einiu. \u201eLenart\u201c suk\u016br\u0117 \u0161\u012f model\u012f, derindama funkcionalum\u0105 su moderniu dizainu. Grafito spalvos ART 82630 audinio BC-18 sofa su baltu priekiu yra eleganti\u0161kas sprendimas, kuris papildys bet kok\u012f interjer\u0105 ir suteiks jam stiliaus. \u201eBED CONCEPT\u201c sistema leid\u017eia per akimirk\u0105 paversti svetain\u0119 viso dyd\u017eio miegamuoju. Dien\u0105 sofa tarnauja kaip patogi vieta atsipalaiduoti ir pabendrauti, o vakare ji transformuojasi \u012f patogi\u0105 lov\u0105. Tai idealus pasirinkimas tiems, kurie nori prakti\u0161kai i\u0161naudoti erdv\u0119 ma\u017euose butuose ar sve\u010di\u0173 kambariuose.<\/p>","protected":false},"excerpt":{"rendered":"<p>Modelis: BC-18 Spalva: ART 82630 grafito \/ balta priekis Matmenys: Kaip parodyta paveiksl\u0117lyje Dizainas: Sofa, skirta BC-01 priekinei lovai Tinka 140 cm \u010diu\u017einiui Apmu\u0161tas ART 82630 audiniu (grafito) Baltas priekis Tvirta konstrukcija u\u017etikrina ilgaam\u017ei\u0161kum\u0105 Mink\u0161ta ir patogi s\u0117dyn\u0117 Esteti\u0161kas prakti\u0161kumo ir elegancijos derinys Funkcinis sofos ir priekin\u0117s lovos derinys Dalis [\u2026]<\/p>","protected":false},"featured_media":249287,"comment_status":"open","ping_status":"open","template":"","meta":[],"product_brand":[],"product_cat":[2454,9196,560],"product_tag":[],"class_list":{"0":"post-249286","1":"product","2":"type-product","3":"status-publish","4":"has-post-thumbnail","6":"product_cat-lenart","7":"product_cat-furniture-system-bed-concept-lenart","8":"product_cat-sofas-and-couches","10":"first","11":"instock","12":"purchasable","13":"product-type-simple"},"_links":{"self":[{"href":"https:\/\/baldumarket.lt\/lt\/wp-json\/wp\/v2\/product\/249286","targetHints":{"allow":["GET"]}}],"collection":[{"href":"https:\/\/baldumarket.lt\/lt\/wp-json\/wp\/v2\/product"}],"about":[{"href":"https:\/\/baldumarket.lt\/lt\/wp-json\/wp\/v2\/types\/product"}],"replies":[{"embeddable":true,"href":"https:\/\/baldumarket.lt\/lt\/wp-json\/wp\/v2\/comments?post=249286"}],"wp:featuredmedia":[{"embeddable":true,"href":"https:\/\/baldumarket.lt\/lt\/wp-json\/wp\/v2\/media\/249287"}],"wp:attachment":[{"href":"https:\/\/baldumarket.lt\/lt\/wp-json\/wp\/v2\/media?parent=249286"}],"wp:term":[{"taxonomy":"product_brand","embeddable":true,"href":"https:\/\/baldumarket.lt\/lt\/wp-json\/wp\/v2\/product_brand?post=249286"},{"taxonomy":"product_cat","embeddable":true,"href":"https:\/\/baldumarket.lt\/lt\/wp-json\/wp\/v2\/product_cat?post=249286"},{"taxonomy":"product_tag","embeddable":true,"href":"https:\/\/baldumarket.lt\/lt\/wp-json\/wp\/v2\/product_tag?post=249286"}],"curies":[{"name":"wp","href":"https:\/\/api.w.org\/{rel}","templated":true}]}}