{"id":249274,"date":"2026-01-10T17:59:15","date_gmt":"2026-01-10T14:59:15","guid":{"rendered":"https:\/\/baldumarket.lt\/product\/bed-concept-bc-18-sofa-140-do-bc-01-grafit-art-82630-front-dab-artisan-2\/"},"modified":"2026-02-11T18:32:14","modified_gmt":"2026-02-11T15:32:14","slug":"bed-concept-bc-18-sofa-140-do-bc-01-grafit-art-82630-front-dab-artisan-2","status":"publish","type":"product","link":"https:\/\/baldumarket.lt\/lt\/produktas\/bed-concept-bc-18-sofa-140-do-bc-01-grafit-art-82630-front-dab-artisan-2\/","title":{"rendered":"LOVOS KONCEPCIJA BC-18 \u2013 Sofa 140, skirta BC-01 \u2013 grafito spalvos ART 82630 \/ meni\u0161ko \u0105\u017euolo priekis"},"content":{"rendered":"<p>Modelis: BC-18<br \/>\nSpalva: ART 82630 grafito \/ Artisan \u0105\u017euolo priekis<br \/>\nMatmenys: Kaip parodyta paveiksl\u0117lyje<br \/>\nDizainas: Sofa, sukurta taip, kad tikt\u0173 prie BC-01 sienin\u0117s lovos<br \/>\nTinka 140 cm \u010diu\u017einiui<br \/>\nAptrauktas ART 82630 audiniu (grafito spalvos)<br \/>\nPriekin\u0117 dalis i\u0161 artisano \u0105\u017euolo<br \/>\nTvirta konstrukcija ilgaam\u017ei\u0161kumui<br \/>\nMink\u0161ta s\u0117dyn\u0117 ir patogus atlo\u0161as<br \/>\nSujungia elegancij\u0105 su nat\u016bralaus med\u017eio akcentais<br \/>\nPrakti\u0161kas sofos\/sienos lovos derinys<br \/>\nLenart sukurtos BED CONCEPT sistemos dalis<br \/>\nNaujas produktas, gamykloje supakuotas, skirtas savaranki\u0161kam surinkimui<\/p>\n<p>\u201eLenart BED CONCEPT BC-18\u201c \u2013 tai sofa, sukurta prie BC-01 sienin\u0117s lovos, ant kurios telpa 140 cm \u010diu\u017einys. \u201eLenart\u201c suk\u016br\u0117 \u0161\u012f model\u012f tiems, kurie nori derinti funkcionalum\u0105 ir eleganti\u0161k\u0105 stili\u0173. Grafito spalvos ART 82630 audiniu aptraukta ir meni\u0161ko \u0105\u017euolo priekiu aptraukta BC-18 sofa \u2013 tai modernus sprendimas, suteikiantis bet kokiam interjerui jaukumo ir nat\u016bralaus \u017eavesio. \u201eBED CONCEPT\u201c sistema leid\u017eia greitai paversti svetain\u0119 erdviu miegamuoju. Dien\u0105 sofa yra patogi vieta atsipalaiduoti ir pabendrauti, o vakare ji virsta patogia lova. Tai puikus sprendimas ma\u017eiems butams, leid\u017eiantis optimaliai i\u0161naudoti kiekvien\u0105 erdv\u0117s centimetr\u0105 neprarandant estetikos.<\/p>","protected":false},"excerpt":{"rendered":"<p>Modelis: BC-18 Spalva: ART 82630 grafito \/ Artisan \u0105\u017euolo priekis Matmenys: Kaip parodyta paveiksl\u0117lyje Dizainas: Sofa, sukurta prie BC-01 sienin\u0117s lovos Tinka 140 cm \u010diu\u017einiui Apmu\u0161tas ART 82630 audiniu (grafito) Priekin\u0117 dalis i\u0161 Artisan \u0105\u017euolo Tvirta konstrukcija ilgaam\u017ei\u0161kumui Mink\u0161ta s\u0117dyn\u0117 ir patogus atlo\u0161as Elegancijos ir nat\u016bralaus med\u017eio akcento derinys Prakti\u0161kas [\u2026]<\/p>","protected":false},"featured_media":249275,"comment_status":"open","ping_status":"open","template":"","meta":[],"product_brand":[],"product_cat":[2454,9196,560],"product_tag":[],"class_list":{"0":"post-249274","1":"product","2":"type-product","3":"status-publish","4":"has-post-thumbnail","6":"product_cat-lenart","7":"product_cat-furniture-system-bed-concept-lenart","8":"product_cat-sofas-and-couches","10":"first","11":"instock","12":"purchasable","13":"product-type-simple"},"_links":{"self":[{"href":"https:\/\/baldumarket.lt\/lt\/wp-json\/wp\/v2\/product\/249274","targetHints":{"allow":["GET"]}}],"collection":[{"href":"https:\/\/baldumarket.lt\/lt\/wp-json\/wp\/v2\/product"}],"about":[{"href":"https:\/\/baldumarket.lt\/lt\/wp-json\/wp\/v2\/types\/product"}],"replies":[{"embeddable":true,"href":"https:\/\/baldumarket.lt\/lt\/wp-json\/wp\/v2\/comments?post=249274"}],"wp:featuredmedia":[{"embeddable":true,"href":"https:\/\/baldumarket.lt\/lt\/wp-json\/wp\/v2\/media\/249275"}],"wp:attachment":[{"href":"https:\/\/baldumarket.lt\/lt\/wp-json\/wp\/v2\/media?parent=249274"}],"wp:term":[{"taxonomy":"product_brand","embeddable":true,"href":"https:\/\/baldumarket.lt\/lt\/wp-json\/wp\/v2\/product_brand?post=249274"},{"taxonomy":"product_cat","embeddable":true,"href":"https:\/\/baldumarket.lt\/lt\/wp-json\/wp\/v2\/product_cat?post=249274"},{"taxonomy":"product_tag","embeddable":true,"href":"https:\/\/baldumarket.lt\/lt\/wp-json\/wp\/v2\/product_tag?post=249274"}],"curies":[{"name":"wp","href":"https:\/\/api.w.org\/{rel}","templated":true}]}}