{"id":249262,"date":"2026-01-10T17:59:10","date_gmt":"2026-01-10T14:59:10","guid":{"rendered":"https:\/\/baldumarket.lt\/product\/bed-concept-bc-18-sofa-140-do-bc-01-granat-solo-263-front-szary-2\/"},"modified":"2026-02-11T18:32:14","modified_gmt":"2026-02-11T15:32:14","slug":"bed-concept-bc-18-sofa-140-do-bc-01-granat-solo-263-front-szary-2","status":"publish","type":"product","link":"https:\/\/baldumarket.lt\/lt\/produktas\/bed-concept-bc-18-sofa-140-do-bc-01-granat-solo-263-front-szary-2\/","title":{"rendered":"Lovos koncepcija BC-18 \u2013 Sofa 140, skirta BC-01 \u2013 tamsiai m\u0117lyna SOLO 263 \/ pilkas priekis"},"content":{"rendered":"<p>Modelis: BC-18<br \/>\nSpalva: SOLO 263 tamsiai m\u0117lyna \/ pilka priekin\u0117 dalis<br \/>\nMatmenys: Kaip parodyta paveiksl\u0117lyje<br \/>\nDizainas: Sofa, sukurta prie BC-01 sienin\u0117s lovos<br \/>\nTinka 140 cm \u010diu\u017einiui<br \/>\nAptrauktas SOLO 263 audiniu (tamsiai m\u0117lyna)<br \/>\nPilkas priekis<br \/>\nTvirta ir patvari konstrukcija<br \/>\nMink\u0161ta s\u0117dyn\u0117 ir patogus atlo\u0161as<br \/>\nEleganti\u0161kas dizainas, papildantis \u012fvairius interjero stilius<br \/>\nFunkcinis sofos ir sienin\u0117s lovos derinys<br \/>\nLenart sukurtos BED CONCEPT sistemos dalis<br \/>\nNaujas produktas, gamykloje supakuotas, reikalauja savaranki\u0161ko surinkimo<\/p>","protected":false},"excerpt":{"rendered":"<p>Modelis: BC-18 Spalva: SOLO 263 tamsiai m\u0117lyna \/ pilka priekin\u0117 dalis Matmenys: Kaip parodyta paveiksl\u0117lyje Dizainas: Sofa, sukurta BC-01 sieninei lovai Tinka 140 cm \u010diu\u017einiui Apmu\u0161ta SOLO 263 audiniu (tamsiai m\u0117lyna) Pilka priekin\u0117 dalis Tvirta ir patvari konstrukcija Mink\u0161ta s\u0117dyn\u0117 ir patogus atlo\u0161as Eleganti\u0161kas dizainas, kuris dera prie \u012fvairi\u0173 interjero stili\u0173 Funkcionalus [\u2026]<\/p>","protected":false},"featured_media":249263,"comment_status":"open","ping_status":"open","template":"","meta":[],"product_brand":[],"product_cat":[2454,9196,560],"product_tag":[],"class_list":{"0":"post-249262","1":"product","2":"type-product","3":"status-publish","4":"has-post-thumbnail","6":"product_cat-lenart","7":"product_cat-furniture-system-bed-concept-lenart","8":"product_cat-sofas-and-couches","10":"first","11":"instock","12":"purchasable","13":"product-type-simple"},"_links":{"self":[{"href":"https:\/\/baldumarket.lt\/lt\/wp-json\/wp\/v2\/product\/249262","targetHints":{"allow":["GET"]}}],"collection":[{"href":"https:\/\/baldumarket.lt\/lt\/wp-json\/wp\/v2\/product"}],"about":[{"href":"https:\/\/baldumarket.lt\/lt\/wp-json\/wp\/v2\/types\/product"}],"replies":[{"embeddable":true,"href":"https:\/\/baldumarket.lt\/lt\/wp-json\/wp\/v2\/comments?post=249262"}],"wp:featuredmedia":[{"embeddable":true,"href":"https:\/\/baldumarket.lt\/lt\/wp-json\/wp\/v2\/media\/249263"}],"wp:attachment":[{"href":"https:\/\/baldumarket.lt\/lt\/wp-json\/wp\/v2\/media?parent=249262"}],"wp:term":[{"taxonomy":"product_brand","embeddable":true,"href":"https:\/\/baldumarket.lt\/lt\/wp-json\/wp\/v2\/product_brand?post=249262"},{"taxonomy":"product_cat","embeddable":true,"href":"https:\/\/baldumarket.lt\/lt\/wp-json\/wp\/v2\/product_cat?post=249262"},{"taxonomy":"product_tag","embeddable":true,"href":"https:\/\/baldumarket.lt\/lt\/wp-json\/wp\/v2\/product_tag?post=249262"}],"curies":[{"name":"wp","href":"https:\/\/api.w.org\/{rel}","templated":true}]}}