{"id":249256,"date":"2026-01-10T17:59:08","date_gmt":"2026-01-10T14:59:08","guid":{"rendered":"https:\/\/baldumarket.lt\/product\/bed-concept-bc-18-sofa-140-do-bc-01-szary-art-82626-front-bialy-2\/"},"modified":"2026-02-11T18:32:14","modified_gmt":"2026-02-11T15:32:14","slug":"bed-concept-bc-18-sofa-140-do-bc-01-szary-art-82626-front-bialy-2","status":"publish","type":"product","link":"https:\/\/baldumarket.lt\/lt\/produktas\/bed-concept-bc-18-sofa-140-do-bc-01-szary-art-82626-front-bialy-2\/","title":{"rendered":"LOVOS KONCEPCIJA BC-18 \u2013 Sofa 140, skirta BC-01 \u2013 pilka ART 82626 \/ baltas priekis"},"content":{"rendered":"<p>Modelis: BC-18<br \/>\nSpalva: Galima \u012fsigyti pagal j\u016bs\u0173 pasirinkt\u0105 spalv\u0105<br \/>\nMatmenys: pilka ART 82626 \/ balta priekin\u0117 dalis<br \/>\nDizainas: Sofa, sukurta prie BC-01 sienin\u0117s lovos<br \/>\nTinka 140 cm \u010diu\u017einiui<br \/>\nAptrauktas ART 82626 audiniu (pilka spalva)<br \/>\nBaltas priekis<br \/>\nStabili ir tvirta konstrukcija<br \/>\nMink\u0161ta s\u0117dyn\u0117 ir patogus atlo\u0161as<br \/>\nEleganti\u0161kas, nesenstantis dizainas<br \/>\nFunkcinis sofos ir prie sienos prisegamos lovos derinys<br \/>\nLenart sukurtos BED CONCEPT sistemos dalis<br \/>\nNaujas produktas, gamykloje supakuotas, skirtas savaranki\u0161kam surinkimui<\/p>\n<p>\u201eLenart BED CONCEPT BC-18\u201c \u2013 tai sofa, sukurta prie BC-01 prie sienos tvirtinamos lovos, kurioje telpa 140 cm \u010diu\u017einys. \u201eLenart\u201c suk\u016br\u0117 \u0161\u012f model\u012f, siekdamas u\u017etikrinti komfort\u0105 ir kartu pagerinti j\u016bs\u0173 interjero estetik\u0105. Pilko audinio ART 82626 sofa BC-18 su baltu priekiu yra universalus sprendimas, puikiai tinkantis tiek moderniame, tiek klasikiniame interjere. \u201eBED CONCEPT\u201c sistema leid\u017eia per akimirk\u0105 paversti svetain\u0119 pilnaver\u010diu miegamuoju. Dien\u0105 sofa yra jauki vieta susirinkti ir atsipalaiduoti, o vakare ji virsta patogia lova. \u0160is variantas skirtas tiems, kurie nori maksimaliai i\u0161naudoti erdv\u0119 ma\u017eame bute neprarandant komforto ir stiliaus.<\/p>","protected":false},"excerpt":{"rendered":"<p>Modelis: BC-18 Spalva: Galima pasirinkti j\u016bs\u0173 spalv\u0105 Matmenys: Pilka ART 82626 \/ Baltas priekis Dizainas: Sofa, sukurta BC-01 sieninei lovai Tinka 140 cm \u010diu\u017einiui Apmu\u0161tas ART 82626 audiniu (pilku) Baltas priekis Stabili ir tvirta konstrukcija Mink\u0161ta s\u0117dyn\u0117 ir patogus atlo\u0161as Eleganti\u0161kas, nesenstantis dizainas Funkcinis sofos [\u2026] derinys<\/p>","protected":false},"featured_media":249257,"comment_status":"open","ping_status":"open","template":"","meta":[],"product_brand":[],"product_cat":[2454,9196,560],"product_tag":[],"class_list":{"0":"post-249256","1":"product","2":"type-product","3":"status-publish","4":"has-post-thumbnail","6":"product_cat-lenart","7":"product_cat-furniture-system-bed-concept-lenart","8":"product_cat-sofas-and-couches","10":"first","11":"instock","12":"purchasable","13":"product-type-simple"},"_links":{"self":[{"href":"https:\/\/baldumarket.lt\/lt\/wp-json\/wp\/v2\/product\/249256","targetHints":{"allow":["GET"]}}],"collection":[{"href":"https:\/\/baldumarket.lt\/lt\/wp-json\/wp\/v2\/product"}],"about":[{"href":"https:\/\/baldumarket.lt\/lt\/wp-json\/wp\/v2\/types\/product"}],"replies":[{"embeddable":true,"href":"https:\/\/baldumarket.lt\/lt\/wp-json\/wp\/v2\/comments?post=249256"}],"wp:featuredmedia":[{"embeddable":true,"href":"https:\/\/baldumarket.lt\/lt\/wp-json\/wp\/v2\/media\/249257"}],"wp:attachment":[{"href":"https:\/\/baldumarket.lt\/lt\/wp-json\/wp\/v2\/media?parent=249256"}],"wp:term":[{"taxonomy":"product_brand","embeddable":true,"href":"https:\/\/baldumarket.lt\/lt\/wp-json\/wp\/v2\/product_brand?post=249256"},{"taxonomy":"product_cat","embeddable":true,"href":"https:\/\/baldumarket.lt\/lt\/wp-json\/wp\/v2\/product_cat?post=249256"},{"taxonomy":"product_tag","embeddable":true,"href":"https:\/\/baldumarket.lt\/lt\/wp-json\/wp\/v2\/product_tag?post=249256"}],"curies":[{"name":"wp","href":"https:\/\/api.w.org\/{rel}","templated":true}]}}