{"id":249250,"date":"2026-01-10T17:59:05","date_gmt":"2026-01-10T14:59:05","guid":{"rendered":"https:\/\/baldumarket.lt\/product\/bed-concept-bc-18-sofa-140-do-bc-01-szary-art-82626-front-bialy-polysk\/"},"modified":"2026-02-11T18:32:14","modified_gmt":"2026-02-11T15:32:14","slug":"bed-concept-bc-18-sofa-140-do-bc-01-szary-art-82626-front-bialy-polysk","status":"publish","type":"product","link":"https:\/\/baldumarket.lt\/lt\/produktas\/bed-concept-bc-18-sofa-140-do-bc-01-szary-art-82626-front-bialy-polysk\/","title":{"rendered":"LOVOS KONCEPCIJA BC-18 \u2013 Sofa 140, skirta BC-01 \u2013 pilka ART 82626 \/ baltas blizgus priekis"},"content":{"rendered":"<p>Modelis: STAN sofa<br \/>\nSpalva: pilka ART 82626 \/ blizgi balta priekin\u0117 dalis<br \/>\nMatmenys: Kaip parodyta paveiksl\u0117lyje<br \/>\nMed\u017eiaga: Sukurta BC-01 sieninei lovai<br \/>\nTinka 140 cm \u010diu\u017einiui<br \/>\nAptrauktas ART 82626 audiniu (pilka spalva)<br \/>\nBlizgus baltas priekis<br \/>\nTvirta ir patvari konstrukcija<br \/>\nMink\u0161ta s\u0117dyn\u0117 ir patogus atlo\u0161as<br \/>\nEleganti\u0161kas dizainas, derantis prie modernaus interjero<br \/>\nFunkcin\u0117 sofa ir sienin\u0117 lova<br \/>\nLenart \u201eBED CONCEPT\u201c sistemos dalis<br \/>\nNaujas produktas, gamykloje supakuotas, skirtas savaranki\u0161kam surinkimui<\/p>\n<p>\u201eLenart BED CONCEPT BC-18\u201c \u2013 tai sofa, sukurta prie BC-01 prie sienos tvirtinamos lovos, kuri tinka 140 cm \u010diu\u017einiui. \u201eLenart\u201c suk\u016br\u0117 \u0161\u012f model\u012f taip, kad jis b\u016bt\u0173 prakti\u0161kas, patogus ir puikiai der\u0117t\u0173 prie \u0161iuolaikinio interjero. Pilku ART 82626 audiniu aptraukta BC-18 sofa su blizgia balta priekine dalimi \u2013 tai eleganti\u0161kas sprendimas, puikiai derinantis funkcionalum\u0105 ir estetik\u0105. \u201eBED CONCEPT\u201c sistema leid\u017eia greitai paversti svetain\u0119 erdviu miegamuoju. Dien\u0105 sofa yra jauki vieta atsipalaiduoti ir pabendrauti, o vakare ji virsta patogia lova. Tai puikus sprendimas tiems, kurie nori maksimaliai i\u0161naudoti erdv\u0119 ma\u017eame bute neprarandant stiliaus ir komforto.<\/p>","protected":false},"excerpt":{"rendered":"<p>Modelis: STAN Sofa Spalva: Pilka ART 82626 \/ Blizgi balta Priekis Matmenys: Kaip parodyta paveiksl\u0117lyje Med\u017eiaga: Sukurta BC-01 priekinei lovai Tinka 140 cm \u010diu\u017einiui Apmu\u0161tas ART 82626 audiniu (pilku) Blizgi balta Priekis Tvirta ir patvari konstrukcija Mink\u0161ta s\u0117dyn\u0117 ir patogus atlo\u0161as Eleganti\u0161kas dizainas Dera prie modernaus interjero Funkcin\u0117 sofa ir priekin\u0117 lova [\u2026]<\/p>","protected":false},"featured_media":249251,"comment_status":"open","ping_status":"open","template":"","meta":[],"product_brand":[],"product_cat":[2454,9196,560],"product_tag":[],"class_list":{"0":"post-249250","1":"product","2":"type-product","3":"status-publish","4":"has-post-thumbnail","6":"product_cat-lenart","7":"product_cat-furniture-system-bed-concept-lenart","8":"product_cat-sofas-and-couches","10":"first","11":"instock","12":"purchasable","13":"product-type-simple"},"_links":{"self":[{"href":"https:\/\/baldumarket.lt\/lt\/wp-json\/wp\/v2\/product\/249250","targetHints":{"allow":["GET"]}}],"collection":[{"href":"https:\/\/baldumarket.lt\/lt\/wp-json\/wp\/v2\/product"}],"about":[{"href":"https:\/\/baldumarket.lt\/lt\/wp-json\/wp\/v2\/types\/product"}],"replies":[{"embeddable":true,"href":"https:\/\/baldumarket.lt\/lt\/wp-json\/wp\/v2\/comments?post=249250"}],"wp:featuredmedia":[{"embeddable":true,"href":"https:\/\/baldumarket.lt\/lt\/wp-json\/wp\/v2\/media\/249251"}],"wp:attachment":[{"href":"https:\/\/baldumarket.lt\/lt\/wp-json\/wp\/v2\/media?parent=249250"}],"wp:term":[{"taxonomy":"product_brand","embeddable":true,"href":"https:\/\/baldumarket.lt\/lt\/wp-json\/wp\/v2\/product_brand?post=249250"},{"taxonomy":"product_cat","embeddable":true,"href":"https:\/\/baldumarket.lt\/lt\/wp-json\/wp\/v2\/product_cat?post=249250"},{"taxonomy":"product_tag","embeddable":true,"href":"https:\/\/baldumarket.lt\/lt\/wp-json\/wp\/v2\/product_tag?post=249250"}],"curies":[{"name":"wp","href":"https:\/\/api.w.org\/{rel}","templated":true}]}}