{"id":249244,"date":"2026-01-10T17:59:03","date_gmt":"2026-01-10T14:59:03","guid":{"rendered":"https:\/\/baldumarket.lt\/product\/bed-concept-bc-18-sofa-140-do-bc-01-szary-art-82626-front-dab-artisan-2\/"},"modified":"2026-02-11T18:32:14","modified_gmt":"2026-02-11T15:32:14","slug":"bed-concept-bc-18-sofa-140-do-bc-01-szary-art-82626-front-dab-artisan-2","status":"publish","type":"product","link":"https:\/\/baldumarket.lt\/lt\/produktas\/bed-concept-bc-18-sofa-140-do-bc-01-szary-art-82626-front-dab-artisan-2\/","title":{"rendered":"LOVOS KONCEPCIJA BC-18 \u2013 Sofa 140, skirta BC-01 \u2013 pilka ART 82626 \/ meni\u0161ko \u0105\u017euolo priekis"},"content":{"rendered":"<p>Modelis: BC-18<br \/>\nSpalva: Pilka ART 82626 \/ Artisan Oak priekis<br \/>\nMatmenys: Kaip parodyta paveiksl\u0117lyje<br \/>\nDizainas: Sofa, sukurta prie BC-01 sienin\u0117s lovos<br \/>\nTinka 140 cm \u010diu\u017einiui<br \/>\nAptrauktas ART 82626 audiniu (pilka spalva)<br \/>\nArtisan \u0105\u017euolo priekis<br \/>\nStabili ir tvirta konstrukcija<br \/>\nMink\u0161ta ir patogi s\u0117dyn\u0117<br \/>\nNat\u016bralaus med\u017eio akcentas derinamas su moderniu stiliumi<br \/>\nPrakti\u0161kas sofos\/sienos lovos derinys<br \/>\nLenart sukurtos BED CONCEPT sistemos dalis<br \/>\nNaujas produktas, gamykloje supakuotas, skirtas savaranki\u0161kam surinkimui<\/p>\n<p>\u201eLenart BED CONCEPT BC-18\u201c \u2013 tai sofa, sukurta prie BC-01 sienin\u0117s lovos su 140 cm \u010diu\u017einiu. \u201eLenart\u201c suk\u016br\u0117 \u0161\u012f model\u012f tiems, kurie nori derinti kasdien\u012f komfort\u0105 su moderniu stiliumi. Pilko audinio ART 82626 sofa BC-18 su meni\u0161ko \u0105\u017euolo priekiu yra eleganti\u0161kas ir prakti\u0161kas sprendimas, suteikiantis jaukumo ir nat\u016bralumo bet kokiam interjerui. \u201eBED CONCEPT\u201c sistema leid\u017eia greitai paversti svetain\u0119 viso dyd\u017eio miegamuoju. Dien\u0105 sofa tarnauja kaip patogi vieta atsipalaiduoti ir susirinkti, o vakare ji transformuojasi \u012f jauki\u0105 lov\u0105. Tai puikus sprendimas ma\u017eiems butams, leid\u017eiantis pilnai i\u0161naudoti erdv\u0119 neprarandant estetikos ar funkcionalumo.<\/p>","protected":false},"excerpt":{"rendered":"<p>Modelis: BC-18 Spalva: Pilka ART 82626 \/ Artisan Oak priekis Matmenys: Kaip parodyta paveiksl\u0117lyje Dizainas: Sofa, sukurta BC-01 sieninei lovai Tinka 140 cm \u010diu\u017einiui Apmu\u0161tas ART 82626 audiniu (pilkas) Artisan Oak priekis Stabili ir tvirta konstrukcija Mink\u0161ta ir patogi s\u0117dyn\u0117 Nat\u016bralaus med\u017eio akcentas derinamas su moderniu stiliumi Prakti\u0161ka sofa\/sienin\u0117 lova [\u2026]<\/p>","protected":false},"featured_media":249245,"comment_status":"open","ping_status":"open","template":"","meta":[],"product_brand":[],"product_cat":[2454,9196,560],"product_tag":[],"class_list":{"0":"post-249244","1":"product","2":"type-product","3":"status-publish","4":"has-post-thumbnail","6":"product_cat-lenart","7":"product_cat-furniture-system-bed-concept-lenart","8":"product_cat-sofas-and-couches","10":"first","11":"instock","12":"purchasable","13":"product-type-simple"},"_links":{"self":[{"href":"https:\/\/baldumarket.lt\/lt\/wp-json\/wp\/v2\/product\/249244","targetHints":{"allow":["GET"]}}],"collection":[{"href":"https:\/\/baldumarket.lt\/lt\/wp-json\/wp\/v2\/product"}],"about":[{"href":"https:\/\/baldumarket.lt\/lt\/wp-json\/wp\/v2\/types\/product"}],"replies":[{"embeddable":true,"href":"https:\/\/baldumarket.lt\/lt\/wp-json\/wp\/v2\/comments?post=249244"}],"wp:featuredmedia":[{"embeddable":true,"href":"https:\/\/baldumarket.lt\/lt\/wp-json\/wp\/v2\/media\/249245"}],"wp:attachment":[{"href":"https:\/\/baldumarket.lt\/lt\/wp-json\/wp\/v2\/media?parent=249244"}],"wp:term":[{"taxonomy":"product_brand","embeddable":true,"href":"https:\/\/baldumarket.lt\/lt\/wp-json\/wp\/v2\/product_brand?post=249244"},{"taxonomy":"product_cat","embeddable":true,"href":"https:\/\/baldumarket.lt\/lt\/wp-json\/wp\/v2\/product_cat?post=249244"},{"taxonomy":"product_tag","embeddable":true,"href":"https:\/\/baldumarket.lt\/lt\/wp-json\/wp\/v2\/product_tag?post=249244"}],"curies":[{"name":"wp","href":"https:\/\/api.w.org\/{rel}","templated":true}]}}