{"id":249238,"date":"2026-01-10T17:59:00","date_gmt":"2026-01-10T14:59:00","guid":{"rendered":"https:\/\/baldumarket.lt\/product\/bed-concept-bc-19-sofa-160-do-bc-12-boucle-bezowy-piu-03-front-bialy-polysk\/"},"modified":"2026-02-11T18:32:14","modified_gmt":"2026-02-11T15:32:14","slug":"bed-concept-bc-19-sofa-160-do-bc-12-boucle-bezowy-piu-03-front-bialy-polysk","status":"publish","type":"product","link":"https:\/\/baldumarket.lt\/lt\/produktas\/bed-concept-bc-19-sofa-160-do-bc-12-boucle-bezowy-piu-03-front-bialy-polysk\/","title":{"rendered":"LOVOS KONCEPCIJA BC-19 \u2013 Sofa 160, skirta BC-12 \u2013 bukl\u0117 sm\u0117lio spalvos PIU 03 \/ priekis baltas blizgus"},"content":{"rendered":"<p>Modelis: BC-19<br \/>\nSpalva: PIU 03 beige boucl\u00e9 \/ blizgus baltas priekis<br \/>\nMatmenys: Kaip parodyta paveiksl\u0117lyje<br \/>\nDizainas: Sofa, sukurta BC-12 sieninei lovai<br \/>\nTinka 160 cm \u010diu\u017einiui<br \/>\nApmu\u0161tas PIU 03 boucl\u00e9 audiniu (sm\u0117lio spalvos)<br \/>\nBlizgus baltas priekis<br \/>\nTvirta ir patvari konstrukcija<br \/>\nMink\u0161ta ir patogi s\u0117dyn\u0117<br \/>\nEleganti\u0161ka, moderni i\u0161vaizda<br \/>\nFunkcinis sofos\/sienos lovos derinys<br \/>\nLenart sukurtos BED CONCEPT sistemos dalis<br \/>\nNaujas produktas, gamykloje supakuotas, skirtas savaranki\u0161kam surinkimui<\/p>\n<p>\u201eLenart BED CONCEPT BC-19\u201c \u2013 tai sofa, skirta BC-12 sieninei lovai su 160 cm \u010diu\u017einiu. \u201eLenart\u201c suk\u016br\u0117 \u0161\u012f model\u012f, siekdamas suderinti kasdien\u012f komfort\u0105 su eleganti\u0161ka i\u0161vaizda. BC-19 sofa i\u0161 PIU 03 bukl\u0117 audinio su blizgia balta priekine dalimi yra prakti\u0161kas ir modernus sprendimas, puikiai tinkantis ma\u017eiems butams ir studijoms. \u201eBED CONCEPT\u201c sistema leid\u017eia lengvai paversti svetain\u0119 viso dyd\u017eio miegamuoju. Dien\u0105 sofa tarnauja kaip patogi vieta susiburti ir atsipalaiduoti, o vakare ji virsta jaukia lova. Tai puikus sprendimas tiems, kurie nori maksimaliai i\u0161naudoti erdv\u0119 neprarandant estetikos ir komforto.<\/p>","protected":false},"excerpt":{"rendered":"<p>Modelis: BC-19 Spalva: PIU 03 sm\u0117lio spalvos bukl\u0117 \/ blizgi balta priekis Matmenys: Kaip parodyta paveiksl\u0117lyje Dizainas: Sofa, skirta BC-12 sieninei lovai Tinka 160 cm \u010diu\u017einiui Apmu\u0161tas PIU 03 bukl\u0117 audiniu (sm\u0117lio spalvos) Blizgi balta priekis Tvirta ir patvari konstrukcija Mink\u0161ta ir patogi s\u0117dyn\u0117 Eleganti\u0161ka, moderni i\u0161vaizda Funkcinis sofos \/ sienin\u0117s lovos derinys Sudeda i\u0161 [\u2026]<\/p>","protected":false},"featured_media":249239,"comment_status":"open","ping_status":"open","template":"","meta":[],"product_brand":[],"product_cat":[2454,9196,560],"product_tag":[],"class_list":{"0":"post-249238","1":"product","2":"type-product","3":"status-publish","4":"has-post-thumbnail","6":"product_cat-lenart","7":"product_cat-furniture-system-bed-concept-lenart","8":"product_cat-sofas-and-couches","10":"first","11":"instock","12":"purchasable","13":"product-type-simple"},"_links":{"self":[{"href":"https:\/\/baldumarket.lt\/lt\/wp-json\/wp\/v2\/product\/249238","targetHints":{"allow":["GET"]}}],"collection":[{"href":"https:\/\/baldumarket.lt\/lt\/wp-json\/wp\/v2\/product"}],"about":[{"href":"https:\/\/baldumarket.lt\/lt\/wp-json\/wp\/v2\/types\/product"}],"replies":[{"embeddable":true,"href":"https:\/\/baldumarket.lt\/lt\/wp-json\/wp\/v2\/comments?post=249238"}],"wp:featuredmedia":[{"embeddable":true,"href":"https:\/\/baldumarket.lt\/lt\/wp-json\/wp\/v2\/media\/249239"}],"wp:attachment":[{"href":"https:\/\/baldumarket.lt\/lt\/wp-json\/wp\/v2\/media?parent=249238"}],"wp:term":[{"taxonomy":"product_brand","embeddable":true,"href":"https:\/\/baldumarket.lt\/lt\/wp-json\/wp\/v2\/product_brand?post=249238"},{"taxonomy":"product_cat","embeddable":true,"href":"https:\/\/baldumarket.lt\/lt\/wp-json\/wp\/v2\/product_cat?post=249238"},{"taxonomy":"product_tag","embeddable":true,"href":"https:\/\/baldumarket.lt\/lt\/wp-json\/wp\/v2\/product_tag?post=249238"}],"curies":[{"name":"wp","href":"https:\/\/api.w.org\/{rel}","templated":true}]}}