{"id":249232,"date":"2026-01-10T17:58:58","date_gmt":"2026-01-10T14:58:58","guid":{"rendered":"https:\/\/baldumarket.lt\/product\/bed-concept-bc-19-sofa-160-do-bc-12-bezowy-art-82610-front-dab-artisan-2\/"},"modified":"2026-02-11T18:32:14","modified_gmt":"2026-02-11T15:32:14","slug":"bed-concept-bc-19-sofa-160-do-bc-12-bezowy-art-82610-front-dab-artisan-2","status":"publish","type":"product","link":"https:\/\/baldumarket.lt\/lt\/produktas\/bed-concept-bc-19-sofa-160-do-bc-12-bezowy-art-82610-front-dab-artisan-2\/","title":{"rendered":"LOVOS KONCEPCIJA BC-19 \u2013 Sofa 160, skirta BC-12 \u2013 sm\u0117lio spalvos ART 82610 \/ meni\u0161ko \u0105\u017euolo priekis"},"content":{"rendered":"<p>Modelis: BC-19<br \/>\nSpalva: ART 82610 sm\u0117lio \/ Artisan \u0105\u017euolo fasadas<br \/>\nMatmenys: Kaip parodyta paveiksl\u0117lyje<br \/>\nDizainas: Sofa, sukurta BC-12 sieninei lovai<br \/>\nTinka 160 cm \u010diu\u017einiui<br \/>\nAptrauktas ART 82610 audiniu (sm\u0117lio spalvos)<br \/>\nAmatinink\u0173 \u0105\u017euolo fasadas<br \/>\nStabili ir tvirta konstrukcija<br \/>\nMink\u0161ta s\u0117dyn\u0117 ir patogus atlo\u0161as<br \/>\nEleganti\u0161ka apdaila su nat\u016bralaus med\u017eio akcentais<br \/>\nPrakti\u0161kas sofos ir sienin\u0117s lovos derinys<br \/>\nLenart sukurtos BED CONCEPT sistemos dalis<br \/>\nNaujas produktas, gamykloje supakuotas, skirtas savaranki\u0161kam surinkimui<\/p>\n<p>\u201eLenart BED CONCEPT BC-19\u201c \u2013 tai sofa, sukurta prie BC-12 sienin\u0117s lovos su 160 cm \u010diu\u017einiu. \u201eLenart\u201c u\u017etikrino, kad \u0161is modelis derina funkcionalum\u0105 ir eleganti\u0161k\u0105 dizain\u0105. BC-19 sofa, aptraukta sm\u0117lio spalvos ART 82610 audiniu su meni\u0161ko \u0105\u017euolo priekiu, yra stilingas sprendimas, suteikiantis \u0161ilt\u0105 ir nat\u016brali\u0105 atmosfer\u0105 bet kokiam interjerui. \u201eBED CONCEPT\u201c sistema leid\u017eia per akimirk\u0105 paversti svetain\u0119 pilnaver\u010diu miegamuoju. Dienos metu sofa tarnauja kaip patogi vieta susiburti ir atsipalaiduoti, o vakarais ji tampa jaukia lova. Tai puikus pasirinkimas tiems, kurie nori prakti\u0161kai i\u0161naudoti erdv\u0119 ma\u017euose butuose neprarandant komforto ir estetikos.<\/p>","protected":false},"excerpt":{"rendered":"<p>Modelis: BC-19 Spalva: ART 82610 sm\u0117lio spalvos \/ Artisan \u0105\u017euolo priekis Matmenys: Kaip parodyta paveiksl\u0117lyje Dizainas: Sofa, sukurta BC-12 sieninei lovai Tinka 160 cm \u010diu\u017einiui Apmu\u0161tas ART 82610 audiniu (sm\u0117lio spalvos) Artisan \u0105\u017euolo priekis Stabili ir tvirta konstrukcija Mink\u0161ta s\u0117dyn\u0117 ir patogus atlo\u0161as Eleganti\u0161ka apdaila su nat\u016bralaus med\u017eio akcentu Prakti\u0161kas [\u2026] derinys<\/p>","protected":false},"featured_media":249233,"comment_status":"open","ping_status":"open","template":"","meta":[],"product_brand":[],"product_cat":[2454,9196,560],"product_tag":[],"class_list":{"0":"post-249232","1":"product","2":"type-product","3":"status-publish","4":"has-post-thumbnail","6":"product_cat-lenart","7":"product_cat-furniture-system-bed-concept-lenart","8":"product_cat-sofas-and-couches","10":"first","11":"instock","12":"purchasable","13":"product-type-simple"},"_links":{"self":[{"href":"https:\/\/baldumarket.lt\/lt\/wp-json\/wp\/v2\/product\/249232","targetHints":{"allow":["GET"]}}],"collection":[{"href":"https:\/\/baldumarket.lt\/lt\/wp-json\/wp\/v2\/product"}],"about":[{"href":"https:\/\/baldumarket.lt\/lt\/wp-json\/wp\/v2\/types\/product"}],"replies":[{"embeddable":true,"href":"https:\/\/baldumarket.lt\/lt\/wp-json\/wp\/v2\/comments?post=249232"}],"wp:featuredmedia":[{"embeddable":true,"href":"https:\/\/baldumarket.lt\/lt\/wp-json\/wp\/v2\/media\/249233"}],"wp:attachment":[{"href":"https:\/\/baldumarket.lt\/lt\/wp-json\/wp\/v2\/media?parent=249232"}],"wp:term":[{"taxonomy":"product_brand","embeddable":true,"href":"https:\/\/baldumarket.lt\/lt\/wp-json\/wp\/v2\/product_brand?post=249232"},{"taxonomy":"product_cat","embeddable":true,"href":"https:\/\/baldumarket.lt\/lt\/wp-json\/wp\/v2\/product_cat?post=249232"},{"taxonomy":"product_tag","embeddable":true,"href":"https:\/\/baldumarket.lt\/lt\/wp-json\/wp\/v2\/product_tag?post=249232"}],"curies":[{"name":"wp","href":"https:\/\/api.w.org\/{rel}","templated":true}]}}