{"id":249226,"date":"2026-01-10T17:58:55","date_gmt":"2026-01-10T14:58:55","guid":{"rendered":"https:\/\/baldumarket.lt\/product\/bed-concept-bc-19-sofa-160-do-bc-12-grafit-art-82630-front-bialy-2\/"},"modified":"2026-02-11T18:32:14","modified_gmt":"2026-02-11T15:32:14","slug":"bed-concept-bc-19-sofa-160-do-bc-12-grafit-art-82630-front-bialy-2","status":"publish","type":"product","link":"https:\/\/baldumarket.lt\/lt\/produktas\/bed-concept-bc-19-sofa-160-do-bc-12-grafit-art-82630-front-bialy-2\/","title":{"rendered":"LOVOS KONCEPCIJA BC-19 \u2013 Sofa 160, skirta BC-12 \u2013 grafito spalvos ART 82630 \/ baltas priekis"},"content":{"rendered":"<p>Modelis: BC-19<br \/>\nSpalva: ART 82630 grafito \/ balta priekin\u0117 dalis<br \/>\nMatmenys: Kaip parodyta paveiksl\u0117lyje<br \/>\nDizainas: Sofa, sukurta BC-12 sieninei lovai<br \/>\nTinka 160 cm \u010diu\u017einiui<br \/>\nAptrauktas ART 82630 audiniu (grafito spalvos)<br \/>\nBaltas priekis<br \/>\nTvirta ir patvari konstrukcija<br \/>\nMink\u0161ta ir patogi s\u0117dyn\u0117<br \/>\nEleganti\u0161kas dizainas, tinkantis \u0161iuolaikiniam interjerui<br \/>\nFunkcinis sofos ir prie sienos prisegamos lovos derinys<br \/>\nLenart sukurtos BED CONCEPT sistemos dalis<br \/>\nNaujas produktas, gamykloje supakuotas, skirtas savaranki\u0161kam surinkimui<\/p>\n<p>\u201eLenart BED CONCEPT BC-19\u201c \u2013 tai sofa, sukurta prie BC-12 sienin\u0117s lovos, kurioje telpa 160 cm \u010diu\u017einys. \u201eLenart\u201c suk\u016br\u0117 \u0161\u012f model\u012f, siekdamas suderinti kasdien\u012f komfort\u0105 su moderniu stiliumi. Grafito spalvos ART 82630 audiniu aptraukta BC-19 sofa su baltu priekiu yra eleganti\u0161kas baldas, puikiai tinkantis moderniam interjerui ir ma\u017eoms erdv\u0117ms. \u201eBED CONCEPT\u201c sistema leid\u017eia lengvai paversti svetain\u0119 viso dyd\u017eio miegamuoju. Dien\u0105 sofa yra patogi vieta atsipalaiduoti ir susirinkti, o vakare ji virsta jaukia lova. \u0160is prakti\u0161kas sprendimas leid\u017eia maksimaliai i\u0161naudoti erdv\u0119 ma\u017euose butuose ir studijose, neaukojant estetikos.<\/p>","protected":false},"excerpt":{"rendered":"<p>Modelis: BC-19 Spalva: ART 82630 grafito \/ balta priekis Matmenys: Kaip parodyta paveiksl\u0117lyje Dizainas: Sofa, skirta BC-12 sieninei lovai Tinka 160 cm \u010diu\u017einiui Apmu\u0161ta ART 82630 audiniu (grafito) Baltas priekis Tvirta ir patvari konstrukcija Mink\u0161ta ir patogi s\u0117dyn\u0117 Eleganti\u0161kas dizainas, tinkantis \u0161iuolaikiniam interjerui Funkcinis sofos ir [\u2026] derinys<\/p>","protected":false},"featured_media":249227,"comment_status":"open","ping_status":"open","template":"","meta":[],"product_brand":[],"product_cat":[2454,9196,560],"product_tag":[],"class_list":{"0":"post-249226","1":"product","2":"type-product","3":"status-publish","4":"has-post-thumbnail","6":"product_cat-lenart","7":"product_cat-furniture-system-bed-concept-lenart","8":"product_cat-sofas-and-couches","10":"first","11":"instock","12":"purchasable","13":"product-type-simple"},"_links":{"self":[{"href":"https:\/\/baldumarket.lt\/lt\/wp-json\/wp\/v2\/product\/249226","targetHints":{"allow":["GET"]}}],"collection":[{"href":"https:\/\/baldumarket.lt\/lt\/wp-json\/wp\/v2\/product"}],"about":[{"href":"https:\/\/baldumarket.lt\/lt\/wp-json\/wp\/v2\/types\/product"}],"replies":[{"embeddable":true,"href":"https:\/\/baldumarket.lt\/lt\/wp-json\/wp\/v2\/comments?post=249226"}],"wp:featuredmedia":[{"embeddable":true,"href":"https:\/\/baldumarket.lt\/lt\/wp-json\/wp\/v2\/media\/249227"}],"wp:attachment":[{"href":"https:\/\/baldumarket.lt\/lt\/wp-json\/wp\/v2\/media?parent=249226"}],"wp:term":[{"taxonomy":"product_brand","embeddable":true,"href":"https:\/\/baldumarket.lt\/lt\/wp-json\/wp\/v2\/product_brand?post=249226"},{"taxonomy":"product_cat","embeddable":true,"href":"https:\/\/baldumarket.lt\/lt\/wp-json\/wp\/v2\/product_cat?post=249226"},{"taxonomy":"product_tag","embeddable":true,"href":"https:\/\/baldumarket.lt\/lt\/wp-json\/wp\/v2\/product_tag?post=249226"}],"curies":[{"name":"wp","href":"https:\/\/api.w.org\/{rel}","templated":true}]}}