{"id":249202,"date":"2026-01-10T17:58:45","date_gmt":"2026-01-10T14:58:45","guid":{"rendered":"https:\/\/baldumarket.lt\/product\/bed-concept-bc-31-zaglowek-tapicerowany-90-do-bc-03-bezowy\/"},"modified":"2026-02-11T18:32:14","modified_gmt":"2026-02-11T15:32:14","slug":"bed-concept-bc-31-zaglowek-tapicerowany-90-do-bc-03-bezowy","status":"publish","type":"product","link":"https:\/\/baldumarket.lt\/lt\/product\/bed-concept-bc-31-zaglowek-tapicerowany-90-do-bc-03-bezowy\/","title":{"rendered":"BED CONCEPT BC-31 \u2013 mink\u0161ta galvos atrama 90, skirta BC-03 \u2013 sm\u0117lio spalvos"},"content":{"rendered":"<p>Modelis: BC-31<br \/>\nSpalva: sm\u0117lio spalvos<br \/>\nMatmenys: Kaip parodyta paveiksl\u0117lyje<br \/>\nGamintojas: Lenart i\u0161 BED CONCEPT kolekcijos<br \/>\nModelis BC-31 \u2013 apmu\u0161tas galv\u016bgalis BC-03 sieninei lovai<br \/>\nTinka lovai su 90 cm plo\u010dio \u010diu\u017einiu<br \/>\nApmu\u0161tas sm\u0117lio spalvos ART-82610 audiniu<br \/>\nMink\u0161tas u\u017epildas patogiam atlo\u0161ui<br \/>\nPatvarus kasdieniam naudojimui ir lengvai pri\u017ei\u016brimas<br \/>\nStilinga apdaila, tinkanti moderniam interjerui<br \/>\nNaujas produktas, gamykloje supakuotas, skirtas savaranki\u0161kam surinkimui<\/p>\n<p>\u201eLenart BED CONCEPT BC-31\u201c \u2013 tai apmu\u0161tas galv\u016bgalis, skirtas BC-03 sieninei lovai su 90 cm plo\u010dio \u010diu\u017einiu. Tai funkcionalus ir eleganti\u0161kas priedas, padidinantis lovos komfort\u0105 ir suteikiantis jaukumo poj\u016bt\u012f. \u201eLenart\u201c u\u017etikrino, kad BC-31 modelis b\u016bt\u0173 ne tik prakti\u0161kas, bet ir esteti\u0161kai patrauklus, puikiai papildantis modern\u0173 interjer\u0105. Galvos atrama pagaminta i\u0161 sm\u0117lio spalvos ART-82610 audinio. \u0160i 300 g\/m\u00b2, 100% PES med\u017eiaga yra mink\u0161ta, patvari ir atspari kasdieniam naudojimui. Mink\u0161tas u\u017epildas u\u017etikrina patogi\u0105 atram\u0105 skaitant, \u017ei\u016brint televizori\u0173 ar dirbant ne\u0161iojamuoju kompiuteriu. \u0160is prakti\u0161kas elementas padidina miego komfort\u0105 ir suteikia lovai eleganti\u0161k\u0105 akcent\u0105.<\/p>","protected":false},"excerpt":{"rendered":"<p>Modelis: BC-31 Spalva: Sm\u0117lio spalvos Matmenys: Kaip parodyta paveiksl\u0117lyje Pagaminta: Lenart i\u0161 BED CONCEPT kolekcijos Modelis BC-31 \u2013 Apmu\u0161tas galv\u016bgalis BC-03 sieninei lovai Tinka lovai su 90 cm plo\u010dio \u010diu\u017einiu Apmu\u0161ta sm\u0117lio spalvos ART-82610 audiniu Mink\u0161tas u\u017epildas patogiam atlo\u0161ui Patvarus kasdieniam naudojimui ir lengvai prie\u017ei\u016brai Stilinga apdaila, tinkanti [\u2026]<\/p>","protected":false},"featured_media":249203,"comment_status":"open","ping_status":"open","template":"","meta":[],"product_brand":[],"product_cat":[2454,9196],"product_tag":[],"class_list":{"0":"post-249202","1":"product","2":"type-product","3":"status-publish","4":"has-post-thumbnail","6":"product_cat-lenart","7":"product_cat-furniture-system-bed-concept-lenart","9":"first","10":"instock","11":"purchasable","12":"product-type-simple"},"_links":{"self":[{"href":"https:\/\/baldumarket.lt\/lt\/wp-json\/wp\/v2\/product\/249202","targetHints":{"allow":["GET"]}}],"collection":[{"href":"https:\/\/baldumarket.lt\/lt\/wp-json\/wp\/v2\/product"}],"about":[{"href":"https:\/\/baldumarket.lt\/lt\/wp-json\/wp\/v2\/types\/product"}],"replies":[{"embeddable":true,"href":"https:\/\/baldumarket.lt\/lt\/wp-json\/wp\/v2\/comments?post=249202"}],"wp:featuredmedia":[{"embeddable":true,"href":"https:\/\/baldumarket.lt\/lt\/wp-json\/wp\/v2\/media\/249203"}],"wp:attachment":[{"href":"https:\/\/baldumarket.lt\/lt\/wp-json\/wp\/v2\/media?parent=249202"}],"wp:term":[{"taxonomy":"product_brand","embeddable":true,"href":"https:\/\/baldumarket.lt\/lt\/wp-json\/wp\/v2\/product_brand?post=249202"},{"taxonomy":"product_cat","embeddable":true,"href":"https:\/\/baldumarket.lt\/lt\/wp-json\/wp\/v2\/product_cat?post=249202"},{"taxonomy":"product_tag","embeddable":true,"href":"https:\/\/baldumarket.lt\/lt\/wp-json\/wp\/v2\/product_tag?post=249202"}],"curies":[{"name":"wp","href":"https:\/\/api.w.org\/{rel}","templated":true}]}}