{"id":249196,"date":"2026-01-10T17:58:42","date_gmt":"2026-01-10T14:58:42","guid":{"rendered":"https:\/\/baldumarket.lt\/product\/bed-concept-bc-31-zaglowek-tapicerowany-90-do-bc-03-granat\/"},"modified":"2026-02-11T18:32:14","modified_gmt":"2026-02-11T15:32:14","slug":"bed-concept-bc-31-zaglowek-tapicerowany-90-do-bc-03-granat","status":"publish","type":"product","link":"https:\/\/baldumarket.lt\/lt\/produktas\/bed-concept-bc-31-zaglowek-tapicerowany-90-do-bc-03-granat\/","title":{"rendered":"Lovos koncepcija BC-31 \u2013 mink\u0161ta galvos atrama 90, skirta BC-03 \u2013 tamsiai m\u0117lyna"},"content":{"rendered":"<p>Modelis: BC-31<br \/>\nSpalva: tamsiai m\u0117lyna<br \/>\nMatmenys: Kaip parodyta paveiksl\u0117lyje<br \/>\nGamintojas: Lenart i\u0161 BED CONCEPT kolekcijos<br \/>\nModelis BC-31 \u2013 apmu\u0161tas galv\u016bgalis BC-03 sieninei lovai<br \/>\nTinka lovai su 90 cm plo\u010dio \u010diu\u017einiu<br \/>\nAptrauktas tamsiai m\u0117lynu \u201eSolo 263\u201c audiniu<br \/>\nMink\u0161tas u\u017epildas komfortui<br \/>\nKruop\u0161\u010diai apmu\u0161ti baldai, atspar\u016bs trin\u010diai ir kasdieniam naudojimui<br \/>\nEleganti\u0161kas dizainas, tinkantis prie modernaus interjero<br \/>\nNaujas produktas, gamykloje supakuotas, skirtas savaranki\u0161kam surinkimui<\/p>\n<p>\u201eLenart BED CONCEPT BC-31\u201c \u2013 tai apmu\u0161tas galv\u016bgalis, skirtas BC-03 prie sienos tvirtinamai lovai su 90 cm plo\u010dio \u010diu\u017einiu. Tai prakti\u0161kas ir eleganti\u0161kas elementas, padidinantis lovos komfort\u0105 ir suteikiantis jai stiling\u0105 i\u0161vaizd\u0105. \u201eLenart\u201c suk\u016br\u0117 \u0161\u012f model\u012f, kad jis puikiai papildyt\u0173 prie sienos tvirtinamos lovos funkcionalum\u0105 ir pabr\u0117\u017et\u0173 jos modern\u0173 charakter\u012f. Galv\u016bgalis pagamintas i\u0161 tamsiai m\u0117lyno \u201eSolo 263\u201c audinio. 320 g\/m\u00b2 gramat\u016bros sverianti 100% PES med\u017eiaga pasi\u017eymi dideliu patvarumu, atsparumu kasdieniam naudojimui ir malonia liesti tekst\u016bra. D\u0117l mink\u0161to u\u017epildo galvos atrama suteikia patogi\u0105 nugaros atram\u0105 skaitant, dirbant ar ilsintis lovoje. \u0160is sprendimas apjungia prakti\u0161kum\u0105 ir elegancij\u0105 viename.<\/p>","protected":false},"excerpt":{"rendered":"<p>Modelis: BC-31 Spalva: Tamsiai m\u0117lyna Matmenys: Kaip parodyta paveiksl\u0117lyje Gamintojas: Lenart i\u0161 BED CONCEPT kolekcijos Modelis BC-31 \u2013 Apmu\u0161tas galv\u016bgalis BC-03 sieninei lovai Tinka lovai su 90 cm plo\u010dio \u010diu\u017einiu Apmu\u0161tas tamsiai m\u0117lynu Solo 263 audiniu Mink\u0161tas u\u017epildas komfortui Kruop\u0161\u010diai aptrauktas apmu\u0161alas, atsparus trin\u010diai ir kasdieniam naudojimui [\u2026]<\/p>","protected":false},"featured_media":249197,"comment_status":"open","ping_status":"open","template":"","meta":[],"product_brand":[],"product_cat":[2454,9196],"product_tag":[],"class_list":{"0":"post-249196","1":"product","2":"type-product","3":"status-publish","4":"has-post-thumbnail","6":"product_cat-lenart","7":"product_cat-furniture-system-bed-concept-lenart","9":"first","10":"instock","11":"purchasable","12":"product-type-simple"},"_links":{"self":[{"href":"https:\/\/baldumarket.lt\/lt\/wp-json\/wp\/v2\/product\/249196","targetHints":{"allow":["GET"]}}],"collection":[{"href":"https:\/\/baldumarket.lt\/lt\/wp-json\/wp\/v2\/product"}],"about":[{"href":"https:\/\/baldumarket.lt\/lt\/wp-json\/wp\/v2\/types\/product"}],"replies":[{"embeddable":true,"href":"https:\/\/baldumarket.lt\/lt\/wp-json\/wp\/v2\/comments?post=249196"}],"wp:featuredmedia":[{"embeddable":true,"href":"https:\/\/baldumarket.lt\/lt\/wp-json\/wp\/v2\/media\/249197"}],"wp:attachment":[{"href":"https:\/\/baldumarket.lt\/lt\/wp-json\/wp\/v2\/media?parent=249196"}],"wp:term":[{"taxonomy":"product_brand","embeddable":true,"href":"https:\/\/baldumarket.lt\/lt\/wp-json\/wp\/v2\/product_brand?post=249196"},{"taxonomy":"product_cat","embeddable":true,"href":"https:\/\/baldumarket.lt\/lt\/wp-json\/wp\/v2\/product_cat?post=249196"},{"taxonomy":"product_tag","embeddable":true,"href":"https:\/\/baldumarket.lt\/lt\/wp-json\/wp\/v2\/product_tag?post=249196"}],"curies":[{"name":"wp","href":"https:\/\/api.w.org\/{rel}","templated":true}]}}