{"id":249190,"date":"2026-01-10T17:58:40","date_gmt":"2026-01-10T14:58:40","guid":{"rendered":"https:\/\/baldumarket.lt\/product\/bed-concept-bc-31-zaglowek-tapicerowany-90-do-bc-03-szary\/"},"modified":"2026-02-11T18:32:14","modified_gmt":"2026-02-11T15:32:14","slug":"bed-concept-bc-31-zaglowek-tapicerowany-90-do-bc-03-szary","status":"publish","type":"product","link":"https:\/\/baldumarket.lt\/lt\/produktas\/bed-concept-bc-31-zaglowek-tapicerowany-90-do-bc-03-szary\/","title":{"rendered":"Lovos koncepcija BC-31 \u2013 mink\u0161ta galvos atrama 90, skirta BC-03 \u2013 pilka"},"content":{"rendered":"<p>Modelis: BC-31<br \/>\nSpalva: pilka<br \/>\nMatmenys: Kaip parodyta paveiksl\u0117lyje<br \/>\nGamintojas: Lenart i\u0161 BED CONCEPT kolekcijos<br \/>\nModelis BC-31 \u2013 apmu\u0161tas galv\u016bgalis BC-03 prie sienos tvirtinamai lovai<br \/>\nTinka lovai su 90 cm plo\u010dio \u010diu\u017einiu<br \/>\nAptrauktas pilku ART-82626 audiniu<br \/>\nMink\u0161tas u\u017epildas komfortui<br \/>\nKruop\u0161\u010diai apmu\u0161ti baldai, atspar\u016bs trin\u010diai ir kasdieniam naudojimui<br \/>\nMinimalistinis dizainas, tinkantis \u012fvairioms kompozicijoms<br \/>\nNaujas produktas, gamykloje supakuotas, skirtas savaranki\u0161kam surinkimui<\/p>\n<p>\u201eLenart BED CONCEPT BC-31\u201c \u2013 tai apmu\u0161tas galv\u016bgalis, skirtas BC-03 sieninei lovai, skirtai 90 cm plo\u010dio \u010diu\u017einiui. \u0160is elementas padidina lovos komfort\u0105 ir kartu sustiprina jos moderni\u0105 i\u0161vaizd\u0105. \u201eLenart\u201c u\u017etikrino, kad BC-31 modelis b\u016bt\u0173 ir funkcionalus, ir eleganti\u0161kas visos BED CONCEPT kolekcijos papildymas. Galv\u016bgalis pagamintas i\u0161 pilkos spalvos ART-82626 audinio. 100% PES med\u017eiaga, sverianti 300 g\/m\u00b2, yra mink\u0161ta, patvari ir atspari kasdieniam naudojimui. Mink\u0161tas u\u017epildas suteikia patogi\u0105 nugaros atram\u0105 skaitant, mokantis ar ilsintis. \u0160is prakti\u0161kas ir esteti\u0161kai patrauklus elementas daro lov\u0105 dar patogesn\u0119 ir jaukesn\u0119.<\/p>","protected":false},"excerpt":{"rendered":"<p>Modelis: BC-31 Spalva: Pilka Matmenys: Kaip parodyta paveiksl\u0117lyje Pagaminta: Lenart i\u0161 BED CONCEPT kolekcijos Modelis BC-31 \u2013 Apmu\u0161tas galv\u016bgalis BC-03 sieninei lovai Tinka lovai su 90 cm plo\u010dio \u010diu\u017einiu Apmu\u0161ta pilku ART-82626 audiniu Mink\u0161tas u\u017epildas komfortui Kruop\u0161tus apmu\u0161alas, atsparus trin\u010diai ir kasdieniam naudojimui Minimalistinis dizainas, tinkantis [\u2026]<\/p>","protected":false},"featured_media":249191,"comment_status":"open","ping_status":"open","template":"","meta":[],"product_brand":[],"product_cat":[2454,9196],"product_tag":[],"class_list":{"0":"post-249190","1":"product","2":"type-product","3":"status-publish","4":"has-post-thumbnail","6":"product_cat-lenart","7":"product_cat-furniture-system-bed-concept-lenart","9":"first","10":"instock","11":"purchasable","12":"product-type-simple"},"_links":{"self":[{"href":"https:\/\/baldumarket.lt\/lt\/wp-json\/wp\/v2\/product\/249190","targetHints":{"allow":["GET"]}}],"collection":[{"href":"https:\/\/baldumarket.lt\/lt\/wp-json\/wp\/v2\/product"}],"about":[{"href":"https:\/\/baldumarket.lt\/lt\/wp-json\/wp\/v2\/types\/product"}],"replies":[{"embeddable":true,"href":"https:\/\/baldumarket.lt\/lt\/wp-json\/wp\/v2\/comments?post=249190"}],"wp:featuredmedia":[{"embeddable":true,"href":"https:\/\/baldumarket.lt\/lt\/wp-json\/wp\/v2\/media\/249191"}],"wp:attachment":[{"href":"https:\/\/baldumarket.lt\/lt\/wp-json\/wp\/v2\/media?parent=249190"}],"wp:term":[{"taxonomy":"product_brand","embeddable":true,"href":"https:\/\/baldumarket.lt\/lt\/wp-json\/wp\/v2\/product_brand?post=249190"},{"taxonomy":"product_cat","embeddable":true,"href":"https:\/\/baldumarket.lt\/lt\/wp-json\/wp\/v2\/product_cat?post=249190"},{"taxonomy":"product_tag","embeddable":true,"href":"https:\/\/baldumarket.lt\/lt\/wp-json\/wp\/v2\/product_tag?post=249190"}],"curies":[{"name":"wp","href":"https:\/\/api.w.org\/{rel}","templated":true}]}}