{"id":249184,"date":"2026-01-10T17:58:37","date_gmt":"2026-01-10T14:58:37","guid":{"rendered":"https:\/\/baldumarket.lt\/product\/bed-concept-bc-31-zaglowek-90-do-bc-03-zielony-lukka-38\/"},"modified":"2026-02-11T18:32:14","modified_gmt":"2026-02-11T15:32:14","slug":"bed-concept-bc-31-zaglowek-90-do-bc-03-zielony-lukka-38","status":"publish","type":"product","link":"https:\/\/baldumarket.lt\/lt\/produktas\/bed-concept-bc-31-zaglowek-90-do-bc-03-zielony-lukka-38\/","title":{"rendered":"Lovos koncepcija BC-31 \u2013 galvos atrama 90, skirta BC-03, \u017ealia LUKKA 38"},"content":{"rendered":"<p>Modelis: BC-31<br \/>\nSpalva: \u017ealia<br \/>\nMatmenys: Kaip parodyta paveiksl\u0117lyje<br \/>\nGamintojas: Lenart i\u0161 BED CONCEPT kolekcijos<br \/>\nModelis BC-31 \u2013 apmu\u0161tas galv\u016bgalis BC-03 prie sienos tvirtinamai lovai<br \/>\nTinka lovai su 90 cm plo\u010dio \u010diu\u017einiu<br \/>\nAptrauktas \u017ealiu LUKKA 38 audiniu<br \/>\nMink\u0161tas u\u017epildas u\u017etikrina patogi\u0105 nugaros atram\u0105<br \/>\nKruop\u0161\u010diai apdirbta apmu\u0161alai, atspar\u016bs kasdieniam d\u0117v\u0117jimui<br \/>\nModernus dizainas, tinkantis \u012fvairiems interjero stiliams<br \/>\nNaujas produktas, gamykloje supakuotas, skirtas savaranki\u0161kam surinkimui<\/p>\n<p>\u201eLenart BED CONCEPT BC-31\u201c \u2013 tai apmu\u0161tas galv\u016bgalis, skirtas BC-03 prie sienos tvirtinamai lovai, skirtai 90 cm plo\u010dio \u010diu\u017einiui. \u0160is prakti\u0161kas elementas padidina lovos komfort\u0105 ir suteikia jai eleganti\u0161k\u0105 charakter\u012f. \u201eLenart\u201c suk\u016br\u0117 BC-31 kaip funkcional\u0173 prie sienos tvirtinamos lovos papildym\u0105, pabr\u0117\u017edamas modern\u0173 visos \u201eBED CONCEPT\u201c kolekcijos stili\u0173. Galv\u016bgalis pagamintas i\u0161 \u017ealio LUKKA 38 audinio. 100% PL med\u017eiaga, kurios didelis gramat\u016bros svoris \u2013 370 g\/m\u00b2, yra mink\u0161ta, maloni liesti ir atspari kasdieniam naudojimui. D\u0117l mink\u0161to u\u017epildo galvos atrama suteikia patogi\u0105 nugaros atram\u0105 skaitant, \u017ei\u016brint televizori\u0173 ar ilsintis lovoje. \u0160is komforto ir estetikos derinys daro lov\u0105 dar funkcionalesn\u0119 ir stilingesn\u0119.<\/p>","protected":false},"excerpt":{"rendered":"<p>Modelis: BC-31 Spalva: \u017dalia Matmenys: Kaip parodyta paveiksl\u0117lyje Pagaminta: Lenart i\u0161 BED CONCEPT kolekcijos Modelis BC-31 \u2013 Apmu\u0161tas galv\u016bgalis BC-03 sieninei lovai Tinka lovai su 90 cm plo\u010dio \u010diu\u017einiu Apmu\u0161ta \u017ealiu LUKKA 38 audiniu Mink\u0161tas u\u017epildas u\u017etikrina patogi\u0105 nugaros atram\u0105 Kruop\u0161\u010diai apdirbtas apmu\u0161alas, atsparus kasdieniam d\u0117v\u0117jimuisi Modernus dizainas [\u2026]<\/p>","protected":false},"featured_media":249185,"comment_status":"open","ping_status":"open","template":"","meta":[],"product_brand":[],"product_cat":[2454,9196],"product_tag":[],"class_list":{"0":"post-249184","1":"product","2":"type-product","3":"status-publish","4":"has-post-thumbnail","6":"product_cat-lenart","7":"product_cat-furniture-system-bed-concept-lenart","9":"first","10":"instock","11":"purchasable","12":"product-type-simple"},"_links":{"self":[{"href":"https:\/\/baldumarket.lt\/lt\/wp-json\/wp\/v2\/product\/249184","targetHints":{"allow":["GET"]}}],"collection":[{"href":"https:\/\/baldumarket.lt\/lt\/wp-json\/wp\/v2\/product"}],"about":[{"href":"https:\/\/baldumarket.lt\/lt\/wp-json\/wp\/v2\/types\/product"}],"replies":[{"embeddable":true,"href":"https:\/\/baldumarket.lt\/lt\/wp-json\/wp\/v2\/comments?post=249184"}],"wp:featuredmedia":[{"embeddable":true,"href":"https:\/\/baldumarket.lt\/lt\/wp-json\/wp\/v2\/media\/249185"}],"wp:attachment":[{"href":"https:\/\/baldumarket.lt\/lt\/wp-json\/wp\/v2\/media?parent=249184"}],"wp:term":[{"taxonomy":"product_brand","embeddable":true,"href":"https:\/\/baldumarket.lt\/lt\/wp-json\/wp\/v2\/product_brand?post=249184"},{"taxonomy":"product_cat","embeddable":true,"href":"https:\/\/baldumarket.lt\/lt\/wp-json\/wp\/v2\/product_cat?post=249184"},{"taxonomy":"product_tag","embeddable":true,"href":"https:\/\/baldumarket.lt\/lt\/wp-json\/wp\/v2\/product_tag?post=249184"}],"curies":[{"name":"wp","href":"https:\/\/api.w.org\/{rel}","templated":true}]}}