{"id":249178,"date":"2026-01-10T17:58:35","date_gmt":"2026-01-10T14:58:35","guid":{"rendered":"https:\/\/baldumarket.lt\/product\/bed-concept-bc-32-zaglowek-tapicerowany-120-do-bc-02-boucle-bezowy\/"},"modified":"2026-02-11T18:32:14","modified_gmt":"2026-02-11T15:32:14","slug":"bed-concept-bc-32-zaglowek-tapicerowany-120-do-bc-02-boucle-bezowy","status":"publish","type":"product","link":"https:\/\/baldumarket.lt\/lt\/produktas\/bed-concept-bc-32-zaglowek-tapicerowany-120-do-bc-02-boucle-bezowy\/","title":{"rendered":"LOVOS KONCEPCIJA BC-32 \u2013 mink\u0161ta galvos atrama 120, skirta BC-02 \u2013 bukl\u0117 sm\u0117lio spalvos"},"content":{"rendered":"<p>Modelis: BC-32<br \/>\nSpalva: sm\u0117lio spalvos bukle<br \/>\nMatmenys: Kaip parodyta paveiksl\u0117lyje<br \/>\nGamintojas: Lenart i\u0161 BED CONCEPT kolekcijos<br \/>\nModelis BC-32 \u2013 apmu\u0161tas galv\u016bgalis BC-02 sieninei lovai<br \/>\nTinka lovai su 120 cm plo\u010dio \u010diu\u017einiu<br \/>\nApmu\u0161tas sm\u0117lio spalvos PIU 03 boucl\u00e9 audiniu<br \/>\nMink\u0161tas u\u017epildas u\u017etikrina komfort\u0105<br \/>\nKruop\u0161\u010diai pagaminta apmu\u0161alai, atspar\u016bs kasdieniam d\u0117v\u0117jimui<br \/>\nEleganti\u0161kas dizainas, lengvai integruojamas \u012f modern\u0173 interjer\u0105<br \/>\nProduktas naujas, gamykloje supakuotas, skirtas savaranki\u0161kam surinkimui<\/p>\n<p>\u201eLenart BED CONCEPT BC-32\u201c \u2013 tai apmu\u0161tas galv\u016bgalis, skirtas BC-02 sieninei lovai su 120 cm plo\u010dio \u010diu\u017einiu. Tai prakti\u0161kas lovos papildymas, padidinantis kasdienio naudojimo komfort\u0105 ir suteikiantis jaukumo poj\u016bt\u012f. \u201eLenart\u201c suk\u016br\u0117 BC-32, siekdamas suderinti funkcionalum\u0105 su eleganti\u0161ka i\u0161vaizda, kuri papildo modern\u0173 interjer\u0105. Galvos atrama pagaminta i\u0161 sm\u0117lio spalvos PIU 03 bukl\u0117 audinio. \u0160i 100% PL med\u017eiaga, kurios didelis gramat\u016bros svoris \u2013 780 g\/m\u00b2, pasi\u017eymi patvarumu, stora strukt\u016bra ir malonia liesti apdaila. D\u0117l mink\u0161to u\u017epildo galvos atrama suteikia patogi\u0105 nugaros atram\u0105 skaitant, dirbant ne\u0161iojamuoju kompiuteriu ar \u017ei\u016brint televizori\u0173. \u0160is elementas padidina miego komfort\u0105 ir tuo pa\u010diu pabr\u0117\u017eia modern\u0173 BED CONCEPT kolekcijos stili\u0173.<\/p>","protected":false},"excerpt":{"rendered":"<p>Modelis: BC-32 Spalva: Sm\u0117lio spalvos bukl\u0117 Matmenys: Kaip parodyta paveiksl\u0117lyje Gamintojas: Lenart i\u0161 BED CONCEPT kolekcijos Modelis BC-32 \u2013 Apmu\u0161tas galv\u016bgalis BC-02 sieninei lovai Tinka lovai su 120 cm plo\u010dio \u010diu\u017einiu Apmu\u0161tas sm\u0117lio spalvos PIU 03 bukl\u0117 audiniu Mink\u0161tas u\u017epildas u\u017etikrina komfort\u0105 Kruop\u0161\u010diai pagaminta apmu\u0161alai, atspar\u016bs kasdieniam naudojimui [\u2026]<\/p>","protected":false},"featured_media":249179,"comment_status":"open","ping_status":"open","template":"","meta":[],"product_brand":[],"product_cat":[2454,9196],"product_tag":[],"class_list":{"0":"post-249178","1":"product","2":"type-product","3":"status-publish","4":"has-post-thumbnail","6":"product_cat-lenart","7":"product_cat-furniture-system-bed-concept-lenart","9":"first","10":"instock","11":"purchasable","12":"product-type-simple"},"_links":{"self":[{"href":"https:\/\/baldumarket.lt\/lt\/wp-json\/wp\/v2\/product\/249178","targetHints":{"allow":["GET"]}}],"collection":[{"href":"https:\/\/baldumarket.lt\/lt\/wp-json\/wp\/v2\/product"}],"about":[{"href":"https:\/\/baldumarket.lt\/lt\/wp-json\/wp\/v2\/types\/product"}],"replies":[{"embeddable":true,"href":"https:\/\/baldumarket.lt\/lt\/wp-json\/wp\/v2\/comments?post=249178"}],"wp:featuredmedia":[{"embeddable":true,"href":"https:\/\/baldumarket.lt\/lt\/wp-json\/wp\/v2\/media\/249179"}],"wp:attachment":[{"href":"https:\/\/baldumarket.lt\/lt\/wp-json\/wp\/v2\/media?parent=249178"}],"wp:term":[{"taxonomy":"product_brand","embeddable":true,"href":"https:\/\/baldumarket.lt\/lt\/wp-json\/wp\/v2\/product_brand?post=249178"},{"taxonomy":"product_cat","embeddable":true,"href":"https:\/\/baldumarket.lt\/lt\/wp-json\/wp\/v2\/product_cat?post=249178"},{"taxonomy":"product_tag","embeddable":true,"href":"https:\/\/baldumarket.lt\/lt\/wp-json\/wp\/v2\/product_tag?post=249178"}],"curies":[{"name":"wp","href":"https:\/\/api.w.org\/{rel}","templated":true}]}}