{"id":249172,"date":"2026-01-10T17:58:33","date_gmt":"2026-01-10T14:58:33","guid":{"rendered":"https:\/\/baldumarket.lt\/product\/bed-concept-bc-32-zaglowek-tapicerowany-120-do-bc-02-bezowy\/"},"modified":"2026-02-11T18:32:14","modified_gmt":"2026-02-11T15:32:14","slug":"bed-concept-bc-32-zaglowek-tapicerowany-120-do-bc-02-bezowy","status":"publish","type":"product","link":"https:\/\/baldumarket.lt\/lt\/product\/bed-concept-bc-32-zaglowek-tapicerowany-120-do-bc-02-bezowy\/","title":{"rendered":"BED CONCEPT BC-32 \u2013 mink\u0161ta galvos atrama 120, skirta BC-02 \u2013 sm\u0117lio spalvos"},"content":{"rendered":"<p>Modelis: BC-32<br \/>\nSpalva: sm\u0117lio spalvos<br \/>\nMatmenys: Kaip parodyta paveiksl\u0117lyje<br \/>\nGamintojas: Lenart i\u0161 BED CONCEPT kolekcijos<br \/>\nModelis BC-32 \u2013 apmu\u0161tas galv\u016bgalis BC-02 sieninei lovai<br \/>\nTinka lovai su 120 cm plo\u010dio \u010diu\u017einiu<br \/>\nApmu\u0161tas sm\u0117lio spalvos ART-82610 audiniu<br \/>\nMink\u0161tas u\u017epildas komfortui<br \/>\nApmu\u0161alai atspar\u016bs kasdieniam naudojimui ir trin\u010diai<br \/>\nEleganti\u0161kas dizainas, papildantis \u012fvairius interjero dizainus<br \/>\nNaujas produktas, gamykloje u\u017eplombuotas, skirtas savaranki\u0161kam surinkimui<\/p>\n<p>\u201eLenart BED CONCEPT BC-32\u201c \u2013 tai apmu\u0161tas galv\u016bgalis, skirtas BC-02 prie sienos tvirtinamai lovai su 120 cm plo\u010dio \u010diu\u017einiu. \u0160is prakti\u0161kas aksesuaras padidina lovos komfort\u0105 ir suteikia jai eleganti\u0161k\u0105 i\u0161vaizd\u0105. \u201eLenart\u201c suk\u016br\u0117 BC-32 kaip puik\u0173 pried\u0105 prie prie sienos tvirtinamos lovos, puikiai tinkant\u012f moderniam interjerui, kuriame svarbus ir komfortas, ir estetika. Galv\u016bgalis aptrauktas sm\u0117lio spalvos ART-82610 audiniu. \u0160i 100% PES med\u017eiaga, kurios svoris 300 g\/m\u00b2, yra maloni liesti, patvari ir atspari kasdieniam naudojimui. D\u0117l mink\u0161to u\u017epildo galv\u016bgalis suteikia patogi\u0105 nugaros atram\u0105 skaitant, dirbant su ne\u0161iojamuoju kompiuteriu ar ilsintis. \u0160is prakti\u0161kas ir stilingas priedas daro lov\u0105 dar patogesn\u0119 ir funkcionalesn\u0119.<\/p>","protected":false},"excerpt":{"rendered":"<p>Modelis: BC-32 Spalva: Sm\u0117lio spalvos Matmenys: Kaip parodyta paveiksl\u0117lyje Gamintojas: Lenart i\u0161 BED CONCEPT kolekcijos Modelis BC-32 \u2013 Apmu\u0161tas galv\u016bgalis BC-02 sieninei lovai Tinka lovai su 120 cm plo\u010dio \u010diu\u017einiu Apmu\u0161tas sm\u0117lio spalvos ART-82610 audiniu Mink\u0161tas u\u017epildas komfortui Apmu\u0161alas atsparus kasdieniam naudojimui ir trin\u010diai Eleganti\u0161kas dizainas, kuris papildo [\u2026]<\/p>","protected":false},"featured_media":249173,"comment_status":"open","ping_status":"open","template":"","meta":[],"product_brand":[],"product_cat":[2454,9196],"product_tag":[],"class_list":{"0":"post-249172","1":"product","2":"type-product","3":"status-publish","4":"has-post-thumbnail","6":"product_cat-lenart","7":"product_cat-furniture-system-bed-concept-lenart","9":"first","10":"instock","11":"purchasable","12":"product-type-simple"},"_links":{"self":[{"href":"https:\/\/baldumarket.lt\/lt\/wp-json\/wp\/v2\/product\/249172","targetHints":{"allow":["GET"]}}],"collection":[{"href":"https:\/\/baldumarket.lt\/lt\/wp-json\/wp\/v2\/product"}],"about":[{"href":"https:\/\/baldumarket.lt\/lt\/wp-json\/wp\/v2\/types\/product"}],"replies":[{"embeddable":true,"href":"https:\/\/baldumarket.lt\/lt\/wp-json\/wp\/v2\/comments?post=249172"}],"wp:featuredmedia":[{"embeddable":true,"href":"https:\/\/baldumarket.lt\/lt\/wp-json\/wp\/v2\/media\/249173"}],"wp:attachment":[{"href":"https:\/\/baldumarket.lt\/lt\/wp-json\/wp\/v2\/media?parent=249172"}],"wp:term":[{"taxonomy":"product_brand","embeddable":true,"href":"https:\/\/baldumarket.lt\/lt\/wp-json\/wp\/v2\/product_brand?post=249172"},{"taxonomy":"product_cat","embeddable":true,"href":"https:\/\/baldumarket.lt\/lt\/wp-json\/wp\/v2\/product_cat?post=249172"},{"taxonomy":"product_tag","embeddable":true,"href":"https:\/\/baldumarket.lt\/lt\/wp-json\/wp\/v2\/product_tag?post=249172"}],"curies":[{"name":"wp","href":"https:\/\/api.w.org\/{rel}","templated":true}]}}