{"id":249166,"date":"2026-01-10T17:58:30","date_gmt":"2026-01-10T14:58:30","guid":{"rendered":"https:\/\/baldumarket.lt\/product\/bed-concept-bc-32-zaglowek-tapicerowany-120-do-bc-02-granat\/"},"modified":"2026-02-11T18:32:14","modified_gmt":"2026-02-11T15:32:14","slug":"bed-concept-bc-32-zaglowek-tapicerowany-120-do-bc-02-granat","status":"publish","type":"product","link":"https:\/\/baldumarket.lt\/lt\/produktas\/bed-concept-bc-32-zaglowek-tapicerowany-120-do-bc-02-granat\/","title":{"rendered":"Lovos koncepcija BC-32 \u2013 mink\u0161ta galvos atrama 120, skirta BC-02 \u2013 tamsiai m\u0117lyna"},"content":{"rendered":"<p>Modelis: BC-32<br \/>\nSpalva: tamsiai m\u0117lyna<br \/>\nMatmenys: Kaip parodyta paveiksl\u0117lyje<br \/>\nGamintojas: Lenart i\u0161 BED CONCEPT kolekcijos<br \/>\nModelis BC-32 \u2013 apmu\u0161tas galv\u016bgalis BC-02 sieninei lovai<br \/>\nTinka lovai su 120 cm plo\u010dio \u010diu\u017einiu<br \/>\nAptrauktas tamsiai m\u0117lynu \u201eSolo 263\u201c audiniu<br \/>\nMink\u0161tas u\u017epildas komfortui<br \/>\nKruop\u0161\u010diai apmu\u0161ti baldai, atspar\u016bs trin\u010diai ir kasdieniam naudojimui<br \/>\nStilingas dizainas lengvai prisitaiko prie modernaus interjero<br \/>\nNaujas produktas, gamykloje supakuotas, skirtas savaranki\u0161kam surinkimui<\/p>\n<p>\u201eLenart BED CONCEPT BC-32\u201c \u2013 tai apmu\u0161tas galv\u016bgalis, skirtas BC-02 sieninei lovai su 120 cm plo\u010dio \u010diu\u017einiu. \u0160is funkcionalus priedas padidina lovos komfort\u0105 ir suteikia jai eleganti\u0161k\u0105 i\u0161vaizd\u0105. \u201eLenart\u201c suk\u016br\u0117 BC-32, siekdama suderinti prakti\u0161kum\u0105 su moderniu dizainu ir papildyti \u012fvairius interjero dizainus. Galv\u016bgalis pagamintas i\u0161 tamsiai m\u0117lyno \u201eSolo 263\u201c audinio. 100% PES med\u017eiaga, kurios gramat\u016bra yra 320 g\/m\u00b2, i\u0161siskiria mink\u0161tumu, ilgaam\u017ei\u0161kumu ir atsparumu kasdieniam naudojimui. D\u0117l mink\u0161to u\u017epildo galvos atrama suteikia patogi\u0105 nugaros atram\u0105 skaitant, \u017ei\u016brint televizori\u0173 ar dirbant ne\u0161iojamuoju kompiuteriu. \u0160is esteti\u0161kas ir prakti\u0161kas priedas suteikia lovai modern\u0173 charakter\u012f ir dar didesn\u012f funkcionalum\u0105.<\/p>","protected":false},"excerpt":{"rendered":"<p>Modelis: BC-32 Spalva: Tamsiai m\u0117lyna Matmenys: Kaip parodyta paveiksl\u0117lyje Pagaminta: Lenart i\u0161 BED CONCEPT kolekcijos Modelis BC-32 \u2013 Apmu\u0161tas galv\u016bgalis BC-02 sieninei lovai Tinka lovai su 120 cm plo\u010dio \u010diu\u017einiu Apmu\u0161ta tamsiai m\u0117lynu Solo 263 audiniu Mink\u0161tas u\u017epildas komfortui Kruop\u0161tus apmu\u0161alas, atsparus trin\u010diai ir kasdieniam naudojimui Stilinga [\u2026]<\/p>","protected":false},"featured_media":249167,"comment_status":"open","ping_status":"open","template":"","meta":[],"product_brand":[],"product_cat":[2454,9196],"product_tag":[],"class_list":{"0":"post-249166","1":"product","2":"type-product","3":"status-publish","4":"has-post-thumbnail","6":"product_cat-lenart","7":"product_cat-furniture-system-bed-concept-lenart","9":"first","10":"instock","11":"purchasable","12":"product-type-simple"},"_links":{"self":[{"href":"https:\/\/baldumarket.lt\/lt\/wp-json\/wp\/v2\/product\/249166","targetHints":{"allow":["GET"]}}],"collection":[{"href":"https:\/\/baldumarket.lt\/lt\/wp-json\/wp\/v2\/product"}],"about":[{"href":"https:\/\/baldumarket.lt\/lt\/wp-json\/wp\/v2\/types\/product"}],"replies":[{"embeddable":true,"href":"https:\/\/baldumarket.lt\/lt\/wp-json\/wp\/v2\/comments?post=249166"}],"wp:featuredmedia":[{"embeddable":true,"href":"https:\/\/baldumarket.lt\/lt\/wp-json\/wp\/v2\/media\/249167"}],"wp:attachment":[{"href":"https:\/\/baldumarket.lt\/lt\/wp-json\/wp\/v2\/media?parent=249166"}],"wp:term":[{"taxonomy":"product_brand","embeddable":true,"href":"https:\/\/baldumarket.lt\/lt\/wp-json\/wp\/v2\/product_brand?post=249166"},{"taxonomy":"product_cat","embeddable":true,"href":"https:\/\/baldumarket.lt\/lt\/wp-json\/wp\/v2\/product_cat?post=249166"},{"taxonomy":"product_tag","embeddable":true,"href":"https:\/\/baldumarket.lt\/lt\/wp-json\/wp\/v2\/product_tag?post=249166"}],"curies":[{"name":"wp","href":"https:\/\/api.w.org\/{rel}","templated":true}]}}