{"id":249160,"date":"2026-01-10T17:58:28","date_gmt":"2026-01-10T14:58:28","guid":{"rendered":"https:\/\/baldumarket.lt\/product\/bed-concept-bc-32-zaglowek-120-do-bc-02-zielony-lukka-38\/"},"modified":"2026-02-11T18:32:15","modified_gmt":"2026-02-11T15:32:15","slug":"bed-concept-bc-32-zaglowek-120-do-bc-02-zielony-lukka-38","status":"publish","type":"product","link":"https:\/\/baldumarket.lt\/lt\/produktas\/bed-concept-bc-32-zaglowek-120-do-bc-02-zielony-lukka-38\/","title":{"rendered":"Lovos koncepcija BC-32 \u2013 galvos atrama 120, skirta BC-02, \u017ealia LUKKA 38"},"content":{"rendered":"<p>Modelis: BC-32<br \/>\nSpalva: \u017ealia<br \/>\nMatmenys: Kaip parodyta paveiksl\u0117lyje<br \/>\nGamintojas: Lenart i\u0161 BED CONCEPT kolekcijos<br \/>\nModelis BC-32 \u2013 apmu\u0161tas galv\u016bgalis BC-02 sieninei lovai<br \/>\nTinka lovai su 120 cm plo\u010dio \u010diu\u017einiu<br \/>\nAptrauktas \u017ealiu LUKKA 38 audiniu<br \/>\nMink\u0161tas u\u017epildas komfortui<br \/>\nMalonus liesti ir patvarus apmu\u0161alas, atsparus kasdieniam naudojimui<br \/>\nKruop\u0161\u010diai apgalvotos detal\u0117s u\u017etikrina eleganti\u0161k\u0105 i\u0161vaizd\u0105<br \/>\nModernus dizainas, tinkantis \u012fvairiems interjero stiliams<br \/>\nNaujas produktas, gamykloje supakuotas, skirtas savaranki\u0161kam surinkimui<\/p>\n<p>\u201eLenart BED CONCEPT BC-32\u201c \u2013 tai apmu\u0161tas galv\u016bgalis, skirtas BC-02 sieninei lovai su 120 cm plo\u010dio \u010diu\u017einiu. \u0160is eleganti\u0161kas ir funkcionalus priedas padidina lovos komfort\u0105 ir daro j\u0105 dar prakti\u0161kesn\u0119. \u201eLenart\u201c suk\u016br\u0117 \u0161\u012f model\u012f taip, kad jis puikiai papildyt\u0173 sienin\u0119 lov\u0105 ir pabr\u0117\u017et\u0173 jos modern\u0173 stili\u0173. Galvos atrama pagaminta i\u0161 \u017ealio atspalvio LUKKA 38 audinio. \u0160i med\u017eiaga pasi\u017eymi patvarumu, malonia liesti tekst\u016bra ir atsparumu kasdieniam naudojimui. Mink\u0161tas u\u017epildas u\u017etikrina patogi\u0105 atram\u0105 skaitant, \u017ei\u016brint televizori\u0173 ar dirbant ne\u0161iojamuoju kompiuteriu lovoje. Tai esteti\u0161kas ir prakti\u0161kas elementas, kuris padidina komfort\u0105 ir suteikia jaukumo bet kokiam interjerui.<\/p>","protected":false},"excerpt":{"rendered":"<p>Modelis: BC-32 Spalva: \u017dalia Matmenys: Kaip parodyta paveiksl\u0117lyje Pagaminta: Lenart i\u0161 BED CONCEPT kolekcijos Modelis BC-32 \u2013 Apmu\u0161tas galv\u016bgalis BC-02 sieninei lovai Tinka lovai su 120 cm plo\u010dio \u010diu\u017einiu Apmu\u0161ta \u017ealiu LUKKA 38 audiniu Mink\u0161tas u\u017epildas komfortui Malonus liesti ir patvarus apmu\u0161alas, atsparus kasdieniam naudojimui Kruop\u0161\u010diai pagaminta [\u2026]<\/p>","protected":false},"featured_media":249161,"comment_status":"open","ping_status":"open","template":"","meta":[],"product_brand":[],"product_cat":[2454,9196],"product_tag":[],"class_list":{"0":"post-249160","1":"product","2":"type-product","3":"status-publish","4":"has-post-thumbnail","6":"product_cat-lenart","7":"product_cat-furniture-system-bed-concept-lenart","9":"first","10":"instock","11":"purchasable","12":"product-type-simple"},"_links":{"self":[{"href":"https:\/\/baldumarket.lt\/lt\/wp-json\/wp\/v2\/product\/249160","targetHints":{"allow":["GET"]}}],"collection":[{"href":"https:\/\/baldumarket.lt\/lt\/wp-json\/wp\/v2\/product"}],"about":[{"href":"https:\/\/baldumarket.lt\/lt\/wp-json\/wp\/v2\/types\/product"}],"replies":[{"embeddable":true,"href":"https:\/\/baldumarket.lt\/lt\/wp-json\/wp\/v2\/comments?post=249160"}],"wp:featuredmedia":[{"embeddable":true,"href":"https:\/\/baldumarket.lt\/lt\/wp-json\/wp\/v2\/media\/249161"}],"wp:attachment":[{"href":"https:\/\/baldumarket.lt\/lt\/wp-json\/wp\/v2\/media?parent=249160"}],"wp:term":[{"taxonomy":"product_brand","embeddable":true,"href":"https:\/\/baldumarket.lt\/lt\/wp-json\/wp\/v2\/product_brand?post=249160"},{"taxonomy":"product_cat","embeddable":true,"href":"https:\/\/baldumarket.lt\/lt\/wp-json\/wp\/v2\/product_cat?post=249160"},{"taxonomy":"product_tag","embeddable":true,"href":"https:\/\/baldumarket.lt\/lt\/wp-json\/wp\/v2\/product_tag?post=249160"}],"curies":[{"name":"wp","href":"https:\/\/api.w.org\/{rel}","templated":true}]}}