{"id":249154,"date":"2026-01-10T17:58:26","date_gmt":"2026-01-10T14:58:26","guid":{"rendered":"https:\/\/baldumarket.lt\/product\/bed-concept-bc-33-zaglowek-tapicerowany-180-do-bc-13-granat\/"},"modified":"2026-02-11T18:32:15","modified_gmt":"2026-02-11T15:32:15","slug":"bed-concept-bc-33-zaglowek-tapicerowany-180-do-bc-13-granat","status":"publish","type":"product","link":"https:\/\/baldumarket.lt\/lt\/product\/bed-concept-bc-33-zaglowek-tapicerowany-180-do-bc-13-granat\/","title":{"rendered":"BED CONCEPT BC-33 \u2013 mink\u0161ta galvos atrama 180, skirta BC-13 \u2013 tamsiai m\u0117lyna"},"content":{"rendered":"<p>Modelis: BC-33<br \/>\nSpalva: tamsiai m\u0117lyna<br \/>\nMatmenys: Kaip parodyta paveiksl\u0117lyje<br \/>\nGamintojas: Lenart i\u0161 BED CONCEPT kolekcijos<br \/>\nModelis BC-33 \u2013 apmu\u0161tas galv\u016bgalis BC-13 sieninei lovai<br \/>\nTinka lovai su 180 cm plo\u010dio \u010diu\u017einiu<br \/>\nAptrauktas tamsiai m\u0117lynu \u201eSolo 263\u201c audiniu<br \/>\nMink\u0161tas u\u017epildas komfortui<br \/>\nApmu\u0161alai atspar\u016bs trin\u010diai ir kasdieniam naudojimui<br \/>\nKruop\u0161\u010diai apgalvotos detal\u0117s pabr\u0117\u017eia eleganti\u0161k\u0105 i\u0161vaizd\u0105<br \/>\nUniversalus dizainas, tinkantis moderniam interjerui<br \/>\nProduktas naujas, gamykloje supakuotas, skirtas savaranki\u0161kam surinkimui<\/p>\n<p>\u201eLenart BED CONCEPT BC-33\u201c \u2013 tai apmu\u0161tas galv\u016bgalis, skirtas BC-13 sieninei lovai su 180 cm plo\u010dio \u010diu\u017einiu. Tai eleganti\u0161kas ir prakti\u0161kas elementas, padidinantis lovos komfort\u0105 ir suteikiantis jai modernumo. \u201eLenart\u201c suk\u016br\u0117 BC-33 model\u012f kaip funkcional\u0173 ir stiling\u0105 BED CONCEPT kolekcijos papildym\u0105. Galvos atrama aptraukta tamsiai m\u0117lynu \u201eSolo 263\u201c audiniu. \u0160i 100% PES med\u017eiaga pasi\u017eymi maloniu liesti pavir\u0161iumi, patvarumu ir atsparumu kasdieniam naudojimui. Mink\u0161tas pamink\u0161tinimas u\u017etikrina patogi\u0105 galvos atram\u0105 skaitant, \u017ei\u016brint televizori\u0173 ar dirbant ne\u0161iojamuoju kompiuteriu. \u0160is prakti\u0161kas ir esteti\u0161kas papildymas daro BC-13 sienin\u0119 lov\u0105 dar patogesn\u0119 ir eleganti\u0161kesn\u0119.<\/p>","protected":false},"excerpt":{"rendered":"<p>Modelis: BC-33 Spalva: Tamsiai m\u0117lyna Matmenys: Kaip parodyta paveiksl\u0117lyje Pagaminta: Lenart i\u0161 BED CONCEPT kolekcijos Modelis BC-33 \u2013 Apmu\u0161tas galv\u016bgalis BC-13 sieninei lovai Tinka lovai su 180 cm plo\u010dio \u010diu\u017einiu Apmu\u0161ta tamsiai m\u0117lynu Solo 263 audiniu Mink\u0161tas u\u017epildas komfortui Apmu\u0161alas atsparus trin\u010diai ir kasdieniam naudojimui Atsparus [\u2026]<\/p>","protected":false},"featured_media":249155,"comment_status":"open","ping_status":"open","template":"","meta":[],"product_brand":[],"product_cat":[2454,9196],"product_tag":[],"class_list":{"0":"post-249154","1":"product","2":"type-product","3":"status-publish","4":"has-post-thumbnail","6":"product_cat-lenart","7":"product_cat-furniture-system-bed-concept-lenart","9":"first","10":"instock","11":"purchasable","12":"product-type-simple"},"_links":{"self":[{"href":"https:\/\/baldumarket.lt\/lt\/wp-json\/wp\/v2\/product\/249154","targetHints":{"allow":["GET"]}}],"collection":[{"href":"https:\/\/baldumarket.lt\/lt\/wp-json\/wp\/v2\/product"}],"about":[{"href":"https:\/\/baldumarket.lt\/lt\/wp-json\/wp\/v2\/types\/product"}],"replies":[{"embeddable":true,"href":"https:\/\/baldumarket.lt\/lt\/wp-json\/wp\/v2\/comments?post=249154"}],"wp:featuredmedia":[{"embeddable":true,"href":"https:\/\/baldumarket.lt\/lt\/wp-json\/wp\/v2\/media\/249155"}],"wp:attachment":[{"href":"https:\/\/baldumarket.lt\/lt\/wp-json\/wp\/v2\/media?parent=249154"}],"wp:term":[{"taxonomy":"product_brand","embeddable":true,"href":"https:\/\/baldumarket.lt\/lt\/wp-json\/wp\/v2\/product_brand?post=249154"},{"taxonomy":"product_cat","embeddable":true,"href":"https:\/\/baldumarket.lt\/lt\/wp-json\/wp\/v2\/product_cat?post=249154"},{"taxonomy":"product_tag","embeddable":true,"href":"https:\/\/baldumarket.lt\/lt\/wp-json\/wp\/v2\/product_tag?post=249154"}],"curies":[{"name":"wp","href":"https:\/\/api.w.org\/{rel}","templated":true}]}}