{"id":249147,"date":"2026-01-10T17:58:23","date_gmt":"2026-01-10T14:58:23","guid":{"rendered":"https:\/\/baldumarket.lt\/product\/bed-concept-bc-33-zaglowek-180-do-bc-13-zielony-lukka-38\/"},"modified":"2026-02-11T18:32:15","modified_gmt":"2026-02-11T15:32:15","slug":"bed-concept-bc-33-zaglowek-180-do-bc-13-zielony-lukka-38","status":"publish","type":"product","link":"https:\/\/baldumarket.lt\/lt\/produktas\/bed-concept-bc-33-zaglowek-180-do-bc-13-zielony-lukka-38\/","title":{"rendered":"Lovos koncepcija BC-33 \u2013 galvos atrama 180, skirta BC-13, \u017ealia LUKKA 38"},"content":{"rendered":"<p>Modelis: BC-33<br \/>\nSpalva: \u017ealia<br \/>\nMatmenys: Kaip parodyta paveiksl\u0117lyje<br \/>\nGamintojas: Lenart i\u0161 BED CONCEPT kolekcijos<br \/>\nModelis BC-33 \u2013 apmu\u0161tas galv\u016bgalis BC-13 sieninei lovai<br \/>\nTinka lovai su 180 cm plo\u010dio \u010diu\u017einiu<br \/>\nAptrauktas \u017ealiu LUKKA 38 audiniu<br \/>\nMink\u0161tas u\u017epildas u\u017etikrina komfort\u0105 ir patogi\u0105 nugaros atram\u0105<br \/>\nPatvarus, patvarus apmu\u0161alas, kuris atlaiko kasdien\u012f naudojim\u0105 ir yra malonus liesti<br \/>\nStilinga apdaila papildo modern\u0173 interjero dizain\u0105<br \/>\nNaujas produktas, gamykloje u\u017eplombuotas, skirtas savaranki\u0161kam surinkimui<\/p>\n<p>\u201eLenart BED CONCEPT BC-33\u201c \u2013 tai apmu\u0161tas galv\u016bgalis, skirtas BC-13 sieninei lovai, skirtai 180 cm plo\u010dio \u010diu\u017einiui. \u0160is aksesuaras padidina lovos komfort\u0105 ir tuo pa\u010diu pabr\u0117\u017eia jos modern\u0173 charakter\u012f. \u201eLenart\u201c suk\u016br\u0117 \u0161\u012f model\u012f, kad jis b\u016bt\u0173 prakti\u0161kas ir esteti\u0161kai patrauklus \u2013 puikiai papildyt\u0173 vis\u0105 \u201eBED CONCEPT\u201c kolekcij\u0105. Galvos atrama pagaminta i\u0161 \u017ealio LUKKA 38 audinio, kuris yra malonus liesti, patvarus ir atsparus kasdieniam naudojimui. Mink\u0161tas u\u017epildas suteikia patogi\u0105 nugaros atram\u0105, tod\u0117l idealiai tinka skaityti, \u017ei\u016br\u0117ti televizori\u0173 ar dirbti lovoje. \u0160is elementas derina funkcionalum\u0105 ir elegancij\u0105, suteikdamas jaukumo bet kokiam interjerui.<\/p>","protected":false},"excerpt":{"rendered":"<p>Modelis: BC-33 Spalva: \u017dalia Matmenys: Kaip parodyta paveiksl\u0117lyje Pagaminta: Lenart i\u0161 BED CONCEPT kolekcijos Modelis BC-33 \u2013 Apmu\u0161tas galv\u016bgalis BC-13 sieninei lovai Tinka lovai su 180 cm plo\u010dio \u010diu\u017einiu Apmu\u0161ta \u017ealiu LUKKA 38 audiniu Mink\u0161tas u\u017epildas u\u017etikrina komfort\u0105 ir patogi\u0105 nugaros atram\u0105 Patvarus, patvarus apmu\u0161alas, atlaikantis kasdienes [\u2026]<\/p>","protected":false},"featured_media":249148,"comment_status":"open","ping_status":"open","template":"","meta":[],"product_brand":[],"product_cat":[2454,9196],"product_tag":[],"class_list":{"0":"post-249147","1":"product","2":"type-product","3":"status-publish","4":"has-post-thumbnail","6":"product_cat-lenart","7":"product_cat-furniture-system-bed-concept-lenart","9":"first","10":"instock","11":"purchasable","12":"product-type-simple"},"_links":{"self":[{"href":"https:\/\/baldumarket.lt\/lt\/wp-json\/wp\/v2\/product\/249147","targetHints":{"allow":["GET"]}}],"collection":[{"href":"https:\/\/baldumarket.lt\/lt\/wp-json\/wp\/v2\/product"}],"about":[{"href":"https:\/\/baldumarket.lt\/lt\/wp-json\/wp\/v2\/types\/product"}],"replies":[{"embeddable":true,"href":"https:\/\/baldumarket.lt\/lt\/wp-json\/wp\/v2\/comments?post=249147"}],"wp:featuredmedia":[{"embeddable":true,"href":"https:\/\/baldumarket.lt\/lt\/wp-json\/wp\/v2\/media\/249148"}],"wp:attachment":[{"href":"https:\/\/baldumarket.lt\/lt\/wp-json\/wp\/v2\/media?parent=249147"}],"wp:term":[{"taxonomy":"product_brand","embeddable":true,"href":"https:\/\/baldumarket.lt\/lt\/wp-json\/wp\/v2\/product_brand?post=249147"},{"taxonomy":"product_cat","embeddable":true,"href":"https:\/\/baldumarket.lt\/lt\/wp-json\/wp\/v2\/product_cat?post=249147"},{"taxonomy":"product_tag","embeddable":true,"href":"https:\/\/baldumarket.lt\/lt\/wp-json\/wp\/v2\/product_tag?post=249147"}],"curies":[{"name":"wp","href":"https:\/\/api.w.org\/{rel}","templated":true}]}}