{"id":249139,"date":"2026-01-10T17:58:20","date_gmt":"2026-01-10T14:58:20","guid":{"rendered":"https:\/\/baldumarket.lt\/product\/komoda-quant-qa-08-dab-artisan-czarny\/"},"modified":"2026-02-11T18:32:15","modified_gmt":"2026-02-11T15:32:15","slug":"komoda-quant-qa-08-dab-artisan-czarny","status":"publish","type":"product","link":"https:\/\/baldumarket.lt\/lt\/product\/komoda-quant-qa-08-dab-artisan-czarny\/","title":{"rendered":"QUANT QA-08 Komoda \u201eArtisan\u201c \u0105\u017euolas\/juoda"},"content":{"rendered":"<p>Modelis: QA-08 Spalva: artisan \u0105\u017euolas \/ juoda Matmenys: Plotis: 130 cm Auk\u0161tis: 90 cm Gylis: 41 cm Pagrindin\u0117 informacija: korpuso pavadinimas: QA-08 kolekcijos pavadinimas: QUANT korpuso indeksas: Q8DAC spalvos: artisan \u0105\u017euolas \/ juoda bald\u0173 tipas: komoda korpuso charakteristikos: 1D4S plotis: 130 cm auk\u0161tis: 90 cm gylis: 41 cm korpuso svoris: 58 kg surinkimas: reikalingas surinkimas kolekcijos stilius: modernus interjeras 1 tipas: svetain\u0117 \u012franga: 1x lentyna stal\u010di\u0173 skai\u010dius: 4 dureli\u0173 skai\u010dius: 1 furnit\u016bra: vyris: standartinis pasl\u0117ptas stal\u010dius b\u0117gelis: tvirtinamas apa\u010dioje b\u0117gelis p\u0117da \/ koja: slysta su vinimis \u012ftrauktas ap\u0161vietimas: yra ap\u0161vietimo tipas: LED juostel\u0117 Med\u017eiaga: korpusas: laminuota med\u017eio dro\u017eli\u0173 plok\u0161t\u0117: 16 mm; 22 mm korpuso kra\u0161to apdaila: A 0,45 mm korpuso spalva: juoda \/ artisan \u0105\u017euolas vir\u0161us: laminuota med\u017eio dro\u017eli\u0173 plok\u0161t\u0117; 22 mm vir\u0161utin\u0117s kra\u0161to apdaila: A 0,45 mm klijuot\u0173 vir\u0161utini\u0173 kra\u0161t\u0173 skai\u010dius: 4 vir\u0161utin\u0117s spalvos: artisan \u0105\u017euolas galin\u0117 sienel\u0117: HDF plok\u0161t\u0117; 3 mm storio matomos galin\u0117s sienel\u0117s dalies apdaila: laminatas; nematomos galin\u0117s sienel\u0117s dalies apdaila: neapdorota; galin\u0117s sienos tvirtinimas: \u201eNuta\u201c; galin\u0117s sienel\u0117s spalva: juoda; lentyna: laminuota med\u017eio dro\u017eli\u0173 plok\u0161t\u0117; 16 mm; lentynos kra\u0161to apdaila: A 0,45 mm; klijuot\u0173 lentyn\u0173 kra\u0161t\u0173 skai\u010dius: 1; leistina lentynos apkrova: 5 kg; lentynos spalva: meni\u0161kas \u0105\u017euolas; lentyn\u0173 skai\u010dius: 1; priekis: laminuota med\u017eio dro\u017eli\u0173 plok\u0161t\u0117; 16 mm, 16 mm MDF plok\u0161t\u0117; priekin\u0117 spalva: meni\u0161kas \u0105\u017euolas; stal\u010diaus vidin\u0117 apdaila: balta juostel\u0117; stal\u010diaus dugnas: HDF plok\u0161t\u0117; 3 mm. Svarbu: \u0161i komoda gaminama pagal u\u017esakym\u0105. U\u017esakymo at\u0161aukti negalima pra\u0117jus 48 valandoms nuo pateikimo. Pra\u0161ome apsipirkti atid\u017eiai.<\/p>","protected":false},"excerpt":{"rendered":"<p>Modelis: QA-08 Spalva: \u0105\u017euolo imitacija \/ juoda Matmenys: Plotis: 130 cm Auk\u0161tis: 90 cm Gylis: 41 cm Pagrindin\u0117 informacija: korpuso pavadinimas: QA-08 kolekcijos pavadinimas: QUANT korpuso indeksas: Q8DAC spalvos: \u0105\u017euolo imitacija \/ juoda bald\u0173 tipas: komoda korpuso charakteristikos: 1D4S plotis: 130 cm auk\u0161tis: 90 cm gylis: 41 cm korpuso svoris: 58 kg surinkimas: reikalingas surinkimas kolekcija [\u2026]<\/p>","protected":false},"featured_media":249140,"comment_status":"open","ping_status":"open","template":"","meta":[],"product_brand":[],"product_cat":[9252,1173,2454],"product_tag":[],"class_list":{"0":"post-249139","1":"product","2":"type-product","3":"status-publish","4":"has-post-thumbnail","6":"product_cat-furniture-system-quant-lenart","7":"product_cat-chests-of-drawers","8":"product_cat-lenart","10":"first","11":"instock","12":"purchasable","13":"product-type-simple"},"_links":{"self":[{"href":"https:\/\/baldumarket.lt\/lt\/wp-json\/wp\/v2\/product\/249139","targetHints":{"allow":["GET"]}}],"collection":[{"href":"https:\/\/baldumarket.lt\/lt\/wp-json\/wp\/v2\/product"}],"about":[{"href":"https:\/\/baldumarket.lt\/lt\/wp-json\/wp\/v2\/types\/product"}],"replies":[{"embeddable":true,"href":"https:\/\/baldumarket.lt\/lt\/wp-json\/wp\/v2\/comments?post=249139"}],"wp:featuredmedia":[{"embeddable":true,"href":"https:\/\/baldumarket.lt\/lt\/wp-json\/wp\/v2\/media\/249140"}],"wp:attachment":[{"href":"https:\/\/baldumarket.lt\/lt\/wp-json\/wp\/v2\/media?parent=249139"}],"wp:term":[{"taxonomy":"product_brand","embeddable":true,"href":"https:\/\/baldumarket.lt\/lt\/wp-json\/wp\/v2\/product_brand?post=249139"},{"taxonomy":"product_cat","embeddable":true,"href":"https:\/\/baldumarket.lt\/lt\/wp-json\/wp\/v2\/product_cat?post=249139"},{"taxonomy":"product_tag","embeddable":true,"href":"https:\/\/baldumarket.lt\/lt\/wp-json\/wp\/v2\/product_tag?post=249139"}],"curies":[{"name":"wp","href":"https:\/\/api.w.org\/{rel}","templated":true}]}}