{"id":249133,"date":"2026-01-10T17:58:18","date_gmt":"2026-01-10T14:58:18","guid":{"rendered":"https:\/\/baldumarket.lt\/product\/bed-concept-bc-18-sofa-140-do-bc-01-boucle-bezowy-piu-03-front-dab-artisan-2\/"},"modified":"2026-02-11T18:32:15","modified_gmt":"2026-02-11T15:32:15","slug":"bed-concept-bc-18-sofa-140-do-bc-01-boucle-bezowy-piu-03-front-dab-artisan-2","status":"publish","type":"product","link":"https:\/\/baldumarket.lt\/lt\/produktas\/bed-concept-bc-18-sofa-140-do-bc-01-boucle-bezowy-piu-03-front-dab-artisan-2\/","title":{"rendered":"LOVOS KONCEPCIJA BC-18 \u2013 Sofa 140, skirta BC-01 \u2013 bukl\u0117 sm\u0117lio spalvos PIU 03 \/ \u0105\u017euolo priekis"},"content":{"rendered":"<p>Modelis: BC-18<br \/>\nSpalva: PIU 03 beige boucl\u00e9 \/ artisan \u0105\u017euolo priekis<br \/>\nMatmenys: Kaip parodyta paveiksl\u0117lyje<br \/>\nDizainas: Sofa, sukurta taip, kad tikt\u0173 prie BC-01 sienin\u0117s lovos<br \/>\nTinka 140 cm \u010diu\u017einiui<br \/>\nApmu\u0161tas PIU 03 boucl\u00e9 audiniu<br \/>\nAmatinink\u0173 \u0105\u017euolo fasadas<br \/>\nTvirta konstrukcija ir esteti\u0161kas apdaila<br \/>\nMink\u0161ta s\u0117dyn\u0117 ir patogus atlo\u0161as<br \/>\nSujungia funkcionali\u0105 sof\u0105 su prie sienos priglundan\u010dia lova<br \/>\nSpecialus \u201eLenart BED CONCEPT\u201c sistemos komponentas<br \/>\nIdealus sprendimas kambariams su ribota erdve<br \/>\nNaujas produktas, gamykloje u\u017eplombuotas, skirtas savaranki\u0161kam surinkimui<\/p>\n<p>\u201eLenart BED CONCEPT BC-18\u201c \u2013 tai sofa, sukurta BC-01 sieninei lovai, ant kurios telpa 140 cm \u010diu\u017einys. \u201eLenart\u201c suk\u016br\u0117 \u0161\u012f model\u012f tiems, kurie nori suderinti modern\u0173 dizain\u0105 su maksimaliu funkcionalumu. BC-18 sofa, aptraukta PIU 03 bukl\u0117 audiniu ir su meni\u0161ko \u0105\u017euolo priekiu, skland\u017eiai dera prie \u012fvairi\u0173 interjer\u0173, suteikdama jauki\u0105 ir eleganti\u0161k\u0105 atmosfer\u0105. Su \u201eBED CONCEPT\u201c sistema galite akimirksniu paversti savo patogi\u0105 svetain\u0119 pilno dyd\u017eio miegamuoju. Sofa su sienine lova leid\u017eia patogiai i\u0161naudoti erdv\u0119 dienos metu ir u\u017etikrina ram\u0173 bei patog\u0173 mieg\u0105 vakare. \u0160is prakti\u0161kas sprendimas idealiai tinka ma\u017eiems butams ir sve\u010di\u0173 kambariams.<\/p>","protected":false},"excerpt":{"rendered":"<p>Modelis: BC-18 Spalva: PIU 03 sm\u0117lio spalvos bukl\u0117 \/ artisan \u0105\u017euolo priekis Matmenys: Kaip parodyta paveiksl\u0117lyje Dizainas: Sofa, pritaikyta prie BC-01 sienin\u0117s lovos Tinka 140 cm \u010diu\u017einiui Apmu\u0161ta PIU 03 bukl\u0117 audiniu Artisan \u0105\u017euolo priekis Tvirta konstrukcija ir esteti\u0161ka apdaila Mink\u0161ta s\u0117dyn\u0117 ir patogus atlo\u0161as Funkcionali sofa su sienine [\u2026]<\/p>","protected":false},"featured_media":249134,"comment_status":"open","ping_status":"open","template":"","meta":[],"product_brand":[],"product_cat":[2454,9196,560],"product_tag":[],"class_list":{"0":"post-249133","1":"product","2":"type-product","3":"status-publish","4":"has-post-thumbnail","6":"product_cat-lenart","7":"product_cat-furniture-system-bed-concept-lenart","8":"product_cat-sofas-and-couches","10":"first","11":"instock","12":"purchasable","13":"product-type-simple"},"_links":{"self":[{"href":"https:\/\/baldumarket.lt\/lt\/wp-json\/wp\/v2\/product\/249133","targetHints":{"allow":["GET"]}}],"collection":[{"href":"https:\/\/baldumarket.lt\/lt\/wp-json\/wp\/v2\/product"}],"about":[{"href":"https:\/\/baldumarket.lt\/lt\/wp-json\/wp\/v2\/types\/product"}],"replies":[{"embeddable":true,"href":"https:\/\/baldumarket.lt\/lt\/wp-json\/wp\/v2\/comments?post=249133"}],"wp:featuredmedia":[{"embeddable":true,"href":"https:\/\/baldumarket.lt\/lt\/wp-json\/wp\/v2\/media\/249134"}],"wp:attachment":[{"href":"https:\/\/baldumarket.lt\/lt\/wp-json\/wp\/v2\/media?parent=249133"}],"wp:term":[{"taxonomy":"product_brand","embeddable":true,"href":"https:\/\/baldumarket.lt\/lt\/wp-json\/wp\/v2\/product_brand?post=249133"},{"taxonomy":"product_cat","embeddable":true,"href":"https:\/\/baldumarket.lt\/lt\/wp-json\/wp\/v2\/product_cat?post=249133"},{"taxonomy":"product_tag","embeddable":true,"href":"https:\/\/baldumarket.lt\/lt\/wp-json\/wp\/v2\/product_tag?post=249133"}],"curies":[{"name":"wp","href":"https:\/\/api.w.org\/{rel}","templated":true}]}}