{"id":249127,"date":"2026-01-10T17:58:16","date_gmt":"2026-01-10T14:58:16","guid":{"rendered":"https:\/\/baldumarket.lt\/product\/bed-concept-bc-19-sofa-160-do-bc-12-granat-solo-263-front-dab-artisan-2\/"},"modified":"2026-02-11T18:32:15","modified_gmt":"2026-02-11T15:32:15","slug":"bed-concept-bc-19-sofa-160-do-bc-12-granat-solo-263-front-dab-artisan-2","status":"publish","type":"product","link":"https:\/\/baldumarket.lt\/lt\/produktas\/bed-concept-bc-19-sofa-160-do-bc-12-granat-solo-263-front-dab-artisan-2\/","title":{"rendered":"Lovos koncepcija BC-19 \u2013 Sofa 160 iki BC-12 \u2013 tamsiai m\u0117lyna SOLO 263 \/ \u0105\u017euolo priekis"},"content":{"rendered":"<p>Modelis: BC-19<br \/>\nSpalva: SOLO 263 tamsiai m\u0117lyna \/ \u0105\u017euolo imitacija priekyje<br \/>\nMatmenys: Kaip parodyta paveiksl\u0117lyje<br \/>\nGamintojas: Lenart i\u0161 BED CONCEPT kolekcijos<br \/>\n160 dyd\u017eio sofa, tinkanti prie sienos tvirtinamos lovos BC-12<br \/>\nNat\u016braliai atrodan\u010dios meni\u0161ko \u0105\u017euolo spalvos spintos priekis<br \/>\nAptrauktas tamsiai m\u0117lynu \u201eSolo 263\u201c audiniu<br \/>\nTvirta konstrukcija garantuoja stabilum\u0105 ir ilgaam\u017ei\u0161kum\u0105<br \/>\nApdaila, kurioje dera modernus dizainas ir funkcionalumas<br \/>\nLengvai integruojasi \u012f \u012fvairius interjero dizainus<br \/>\nIdealiai tinka namams, kuriuose svarbus kiekvienas kvadratinis metras<br \/>\nPatogus ir esteti\u0161kai patrauklus prie sienos tvirtinamos lovos papildymas<br \/>\nNaujas produktas, gamykloje u\u017eplombuotas, skirtas savaranki\u0161kam surinkimui<\/p>\n<p>\u201eLenart BED CONCEPT BC-19 160\u201c sofa yra prakti\u0161kas BC-12 sienin\u0117s lovos komplekto papildymas. Sofa buvo specialiai sukurta \u0105\u017euolo versijai, sukuriant darn\u0173 ir eleganti\u0161k\u0105 komplekt\u0105. \u201eLenart\u201c suk\u016br\u0117 \u0161\u012f model\u012f taip, kad jis puikiai papildyt\u0173 \u0161iuolaikinius interjerus, kuriuose svarbiausia yra ir i\u0161vaizda, ir funkcionalumas. Aptrauktas tamsiai m\u0117lynu \u201eSolo 263\u201c audiniu, modelis suteikia charakterio ir subtilios elegancijos. D\u0117l to BC-12 komplektas su BC-19 sofa puikiai tinka ma\u017eoms erdv\u0117ms \u2013 nuo studij\u0173 iki ma\u017e\u0173 but\u0173, kur vienas baldas gali atlikti kelis vaidmenis. \u0160is sprendimas leid\u017eia per kelias akimirkas paversti svetain\u0119 patogiu miegamuoju.<\/p>","protected":false},"excerpt":{"rendered":"<p>Modelis: BC-19 Spalva: SOLO 263 tamsiai m\u0117lyna \/ dirbtinio \u0105\u017euolo priekis Matmenys: Kaip parodyta paveiksl\u0117lyje Pagaminta: Lenart i\u0161 BED CONCEPT kolekcijos Sofos dydis 160, dera prie BC-12 sienin\u0117s lovos Spintos priekis su nat\u016braliai atrodan\u010dia dirbtinio \u0105\u017euolo apdaila Apmu\u0161ta tamsiai m\u0117lynu Solo 263 audiniu Tvirta konstrukcija garantuoja stabilum\u0105 ir ilgaam\u017ei\u0161kum\u0105 Apdaila, kurioje dera modern\u016bs [\u2026]<\/p>","protected":false},"featured_media":249128,"comment_status":"open","ping_status":"open","template":"","meta":[],"product_brand":[],"product_cat":[2454,9196,560],"product_tag":[],"class_list":{"0":"post-249127","1":"product","2":"type-product","3":"status-publish","4":"has-post-thumbnail","6":"product_cat-lenart","7":"product_cat-furniture-system-bed-concept-lenart","8":"product_cat-sofas-and-couches","10":"first","11":"instock","12":"purchasable","13":"product-type-simple"},"_links":{"self":[{"href":"https:\/\/baldumarket.lt\/lt\/wp-json\/wp\/v2\/product\/249127","targetHints":{"allow":["GET"]}}],"collection":[{"href":"https:\/\/baldumarket.lt\/lt\/wp-json\/wp\/v2\/product"}],"about":[{"href":"https:\/\/baldumarket.lt\/lt\/wp-json\/wp\/v2\/types\/product"}],"replies":[{"embeddable":true,"href":"https:\/\/baldumarket.lt\/lt\/wp-json\/wp\/v2\/comments?post=249127"}],"wp:featuredmedia":[{"embeddable":true,"href":"https:\/\/baldumarket.lt\/lt\/wp-json\/wp\/v2\/media\/249128"}],"wp:attachment":[{"href":"https:\/\/baldumarket.lt\/lt\/wp-json\/wp\/v2\/media?parent=249127"}],"wp:term":[{"taxonomy":"product_brand","embeddable":true,"href":"https:\/\/baldumarket.lt\/lt\/wp-json\/wp\/v2\/product_brand?post=249127"},{"taxonomy":"product_cat","embeddable":true,"href":"https:\/\/baldumarket.lt\/lt\/wp-json\/wp\/v2\/product_cat?post=249127"},{"taxonomy":"product_tag","embeddable":true,"href":"https:\/\/baldumarket.lt\/lt\/wp-json\/wp\/v2\/product_tag?post=249127"}],"curies":[{"name":"wp","href":"https:\/\/api.w.org\/{rel}","templated":true}]}}