{"id":249073,"date":"2026-01-10T17:57:56","date_gmt":"2026-01-10T14:57:56","guid":{"rendered":"https:\/\/baldumarket.lt\/product\/bed-concept-bc-19-sofa-160-do-bc-12-zielony-front-szary-2\/"},"modified":"2026-02-11T18:32:15","modified_gmt":"2026-02-11T15:32:15","slug":"bed-concept-bc-19-sofa-160-do-bc-12-zielony-front-szary-2","status":"publish","type":"product","link":"https:\/\/baldumarket.lt\/lt\/produktas\/bed-concept-bc-19-sofa-160-do-bc-12-zielony-front-szary-2\/","title":{"rendered":"Lovos koncepcija BC-19 \u2013 Sofa 160, skirta BC-12 \u2013 \u017ealia\/pilka priekin\u0117 dalis"},"content":{"rendered":"<p>Modelis: BC-19<br \/>\nSpalva: \u017ealia\/pilka priekin\u0117 dalis<br \/>\nMatmenys: Kaip parodyta paveiksl\u0117lyje<br \/>\nGamintojas: \u201eLenart\u201c sofa i\u0161 \u201eBED CONCEPT\u201c kolekcijos<br \/>\n160 cm dyd\u017eio BC-19 modelis, skirtas BC-12 prie sienos tvirtinamai lovai<br \/>\nSpintos priekis yra modernios pilkos spalvos<br \/>\nAptrauktas \u017ealiu LUKKA 38 audiniu<br \/>\nTvirta konstrukcija u\u017etikrina komfort\u0105 ir ilgaam\u017ei\u0161kum\u0105<br \/>\nEleganti\u0161kas \u017ealios ir neutralios pilkos spalvos derinys<br \/>\nPuikus pasirinkimas butams ir studijoms, kur ma\u017eai vietos<br \/>\nFunkcinis sofos ir lovos derinys viename<br \/>\nStilingas dizainas, tinkantis prie \u0161iuolaikinio interjero<br \/>\nNaujas produktas, gamykloje supakuotas, skirtas savaranki\u0161kam surinkimui<\/p>\n<p>\u201eLenart BED CONCEPT BC-19\u201c sofa 160 cm puikiai papildo pilk\u0105 sienin\u0119 lov\u0105 BC-12. \u0160is sprendimas sukurtas moderniam interjerui, kuriame svarbiausia yra sumanus erdv\u0117s valdymas. \u201eLenart\u201c suk\u016br\u0117 BC-19 sof\u0105, kad ji u\u017etikrint\u0173 kasdien\u012f komfort\u0105 ir tuo pa\u010diu metu skland\u017eiai \u012fsiliet\u0173 \u012f modern\u0173 buto ar studijos interjer\u0105. Modelis aptrauktas \u017ealiu LUKKA 38 audiniu, kuris kartu su pilka spintos priekine dalimi sukuria eleganti\u0161k\u0105 ir gaiv\u0173 efekt\u0105. \u0160is derinys i\u0161skiria bald\u0105 i\u0161 minios ir gali tapti bet kokio interjero traukos centru. BC-12 komplektas su BC-19 sofa yra prakti\u0161kas ir esteti\u0161kai patrauklus sprendimas, leid\u017eiantis per kelias sekundes paversti svetain\u0119 patogiu miegamuoju.<\/p>","protected":false},"excerpt":{"rendered":"<p>Modelis: BC-19 Spalva: \u017dalia\/Pilka Priekio matmenys: Kaip parodyta paveiksl\u0117lyje Pagaminta: Lenart sofa i\u0161 BED CONCEPT kolekcijos BC-19 modelis, 160 cm dyd\u017eio, skirtas BC-12 sieninei lovai Spintos priekis yra modernios pilkos spalvos Apmu\u0161tas \u017ealiu LUKKA 38 audiniu Tvirta konstrukcija u\u017etikrina komfort\u0105 ir ilgaam\u017ei\u0161kum\u0105 Eleganti\u0161kas \u017ealios ir [\u2026]<\/p>","protected":false},"featured_media":249074,"comment_status":"open","ping_status":"open","template":"","meta":[],"product_brand":[],"product_cat":[2454,9196,560],"product_tag":[],"class_list":{"0":"post-249073","1":"product","2":"type-product","3":"status-publish","4":"has-post-thumbnail","6":"product_cat-lenart","7":"product_cat-furniture-system-bed-concept-lenart","8":"product_cat-sofas-and-couches","10":"first","11":"instock","12":"purchasable","13":"product-type-simple"},"_links":{"self":[{"href":"https:\/\/baldumarket.lt\/lt\/wp-json\/wp\/v2\/product\/249073","targetHints":{"allow":["GET"]}}],"collection":[{"href":"https:\/\/baldumarket.lt\/lt\/wp-json\/wp\/v2\/product"}],"about":[{"href":"https:\/\/baldumarket.lt\/lt\/wp-json\/wp\/v2\/types\/product"}],"replies":[{"embeddable":true,"href":"https:\/\/baldumarket.lt\/lt\/wp-json\/wp\/v2\/comments?post=249073"}],"wp:featuredmedia":[{"embeddable":true,"href":"https:\/\/baldumarket.lt\/lt\/wp-json\/wp\/v2\/media\/249074"}],"wp:attachment":[{"href":"https:\/\/baldumarket.lt\/lt\/wp-json\/wp\/v2\/media?parent=249073"}],"wp:term":[{"taxonomy":"product_brand","embeddable":true,"href":"https:\/\/baldumarket.lt\/lt\/wp-json\/wp\/v2\/product_brand?post=249073"},{"taxonomy":"product_cat","embeddable":true,"href":"https:\/\/baldumarket.lt\/lt\/wp-json\/wp\/v2\/product_cat?post=249073"},{"taxonomy":"product_tag","embeddable":true,"href":"https:\/\/baldumarket.lt\/lt\/wp-json\/wp\/v2\/product_tag?post=249073"}],"curies":[{"name":"wp","href":"https:\/\/api.w.org\/{rel}","templated":true}]}}