{"id":249067,"date":"2026-01-10T17:57:54","date_gmt":"2026-01-10T14:57:54","guid":{"rendered":"https:\/\/baldumarket.lt\/product\/bed-concept-bc-33-zaglowek-tapicerowany-180-do-bc-13-boucle-bezowy\/"},"modified":"2026-02-11T18:32:15","modified_gmt":"2026-02-11T15:32:15","slug":"bed-concept-bc-33-zaglowek-tapicerowany-180-do-bc-13-boucle-bezowy","status":"publish","type":"product","link":"https:\/\/baldumarket.lt\/lt\/produktas\/bed-concept-bc-33-zaglowek-tapicerowany-180-do-bc-13-boucle-bezowy\/","title":{"rendered":"LOVOS KONCEPCIJA BC-33 \u2013 mink\u0161ta galvos atrama 180, skirta BC-13 \u2013 bukl\u0117 sm\u0117lio spalvos"},"content":{"rendered":"<p>Modelis: BC-33<br \/>\nSpalva: sm\u0117lio spalvos bukle<br \/>\nMatmenys: Kaip parodyta paveiksl\u0117lyje<br \/>\nGamintojas: Lenart i\u0161 BED CONCEPT kolekcijos<br \/>\nModelis BC-33 \u2013 apmu\u0161tas galv\u016bgalis BC-13 sieninei lovai<br \/>\nTinka lovai su 180 cm plo\u010dio \u010diu\u017einiu<br \/>\nApmu\u0161tas PIU 03 sm\u0117lio spalvos boucl\u00e9 audiniu<br \/>\nMink\u0161tas u\u017epildas suteikia patogi\u0105 nugaros atram\u0105<br \/>\nPatvarus apmu\u0161alas su i\u0161skirtine bukl\u0117 tekst\u016bra<br \/>\nModernus dizainas, tinkantis eleganti\u0161koms ir jaukioms kompozicijoms<br \/>\nNaujas produktas, gamykloje supakuotas, skirtas savaranki\u0161kam surinkimui<\/p>\n<p>\u201eLenart BED CONCEPT BC-33\u201c \u2013 tai apmu\u0161tas galv\u016bgalis, skirtas BC-13 prie sienos tvirtinamai lovai su 180 cm plo\u010dio \u010diu\u017einiu. \u0160is eleganti\u0161kas ir funkcionalus priedas padidina lovos komfort\u0105 ir pabr\u0117\u017eia jos modern\u0173 charakter\u012f. \u201eLenart\u201c suk\u016br\u0117 \u0161\u012f model\u012f kaip tobul\u0105 prie sienos tvirtinamos lovos papildym\u0105, derindamas prakti\u0161kum\u0105 ir jaukum\u0105. Galvos atrama pagaminta i\u0161 sm\u0117lio spalvos PIU 03 bukl\u0117 audinio. \u0160i 100% PL med\u017eiaga, kurios didelis gramat\u016bros svoris \u2013 780 g\/m\u00b2, pasi\u017eymi mink\u0161ta, i\u0161skirtine tekst\u016bra ir dideliu patvarumu, tod\u0117l idealiai tinka kasdieniam naudojimui. D\u0117l mink\u0161to u\u017epildo galvos atrama suteikia patogi\u0105 atram\u0105 skaitant, \u017ei\u016brint televizori\u0173 ar dirbant lovoje. \u0160is prakti\u0161kas ir esteti\u0161kas elementas daro BC-13 prie sienos tvirtinam\u0105 lov\u0105 dar patogesne.<\/p>","protected":false},"excerpt":{"rendered":"<p>Modelis: BC-33 Spalva: Sm\u0117lio spalvos bukl\u0117 Matmenys: Kaip parodyta paveiksl\u0117lyje Gamintojas: Lenart i\u0161 BED CONCEPT kolekcijos Modelis BC-33 \u2013 Apmu\u0161tas galv\u016bgalis BC-13 sieninei lovai Tinka lovai su 180 cm plo\u010dio \u010diu\u017einiu Apmu\u0161tas PIU 03 sm\u0117lio spalvos bukl\u0117 audiniu Mink\u0161tas u\u017epildas suteikia patogi\u0105 nugaros atram\u0105 Patvarus apmu\u0161alas su i\u0161skirtiniu bukl\u0117 ra\u0161tu [\u2026]<\/p>","protected":false},"featured_media":249068,"comment_status":"open","ping_status":"open","template":"","meta":[],"product_brand":[],"product_cat":[2454,9196],"product_tag":[],"class_list":{"0":"post-249067","1":"product","2":"type-product","3":"status-publish","4":"has-post-thumbnail","6":"product_cat-lenart","7":"product_cat-furniture-system-bed-concept-lenart","9":"first","10":"instock","11":"purchasable","12":"product-type-simple"},"_links":{"self":[{"href":"https:\/\/baldumarket.lt\/lt\/wp-json\/wp\/v2\/product\/249067","targetHints":{"allow":["GET"]}}],"collection":[{"href":"https:\/\/baldumarket.lt\/lt\/wp-json\/wp\/v2\/product"}],"about":[{"href":"https:\/\/baldumarket.lt\/lt\/wp-json\/wp\/v2\/types\/product"}],"replies":[{"embeddable":true,"href":"https:\/\/baldumarket.lt\/lt\/wp-json\/wp\/v2\/comments?post=249067"}],"wp:featuredmedia":[{"embeddable":true,"href":"https:\/\/baldumarket.lt\/lt\/wp-json\/wp\/v2\/media\/249068"}],"wp:attachment":[{"href":"https:\/\/baldumarket.lt\/lt\/wp-json\/wp\/v2\/media?parent=249067"}],"wp:term":[{"taxonomy":"product_brand","embeddable":true,"href":"https:\/\/baldumarket.lt\/lt\/wp-json\/wp\/v2\/product_brand?post=249067"},{"taxonomy":"product_cat","embeddable":true,"href":"https:\/\/baldumarket.lt\/lt\/wp-json\/wp\/v2\/product_cat?post=249067"},{"taxonomy":"product_tag","embeddable":true,"href":"https:\/\/baldumarket.lt\/lt\/wp-json\/wp\/v2\/product_tag?post=249067"}],"curies":[{"name":"wp","href":"https:\/\/api.w.org\/{rel}","templated":true}]}}