{"id":249059,"date":"2026-01-10T17:57:51","date_gmt":"2026-01-10T14:57:51","guid":{"rendered":"https:\/\/baldumarket.lt\/product\/szuflada-luna-ln-09-bialy-rozowy\/"},"modified":"2026-02-11T18:32:15","modified_gmt":"2026-02-11T15:32:15","slug":"szuflada-luna-ln-09-bialy-rozowy","status":"publish","type":"product","link":"https:\/\/baldumarket.lt\/lt\/product\/szuflada-luna-ln-09-bialy-rozowy\/","title":{"rendered":"LUNA LN-09 stal\u010dius | Balta, ro\u017ein\u0117"},"content":{"rendered":"<p>Modelis: LN-09<br \/>\nSpalva: balta\/ro\u017ein\u0117<br \/>\nMatmenys: Plotis: 98 cm<br \/>\nAuk\u0161tis: 15 cm<br \/>\nGylis: 96 cm<br \/>\nPagrindin\u0117 informacija: Modelio pavadinimas: LN-09<br \/>\nKolekcijos pavadinimas: LUNA<br \/>\nModelio indeksas: LN9BR<br \/>\nSpalva: balta\/ro\u017ein\u0117<br \/>\nBald\u0173 tipas: lovos stal\u010dius<br \/>\nPlotis: 98 cm<br \/>\nAuk\u0161tis: 15 cm<br \/>\nGylis: 96 cm<br \/>\nModelio svoris: 16 kg<br \/>\nSurinkimas: reikalingas surinkimas<br \/>\nKolekcijos stilius: modernus<br \/>\n1 interjero tipas: jaunimo kambarys<br \/>\nJungtys: rankena: plastikin\u0117<br \/>\nMed\u017eiaga: priekin\u0117 dalis: laminuota med\u017eio dro\u017eli\u0173 plok\u0161t\u0117; 16 mm<br \/>\nPriekinio kra\u0161to apdaila: A 0,45 mm<br \/>\nPriekin\u0117 spalva: balta<br \/>\nStal\u010diaus vidin\u0117 apdaila: laminuota plok\u0161t\u0117, tokios pa\u010dios spalvos kaip ir korpusas<br \/>\nStal\u010diaus dugnas: HDF plok\u0161t\u0117; 3 mm<br \/>\nSvarbu<br \/>\n\u0160is stal\u010dius gaminamas pagal u\u017esakym\u0105. U\u017esakymo at\u0161aukti negalima pra\u0117jus 48 valandoms nuo u\u017esakymo pateikimo. Pra\u0161ome apsipirkti atsargiai.<\/p>","protected":false},"excerpt":{"rendered":"<p>Modelis: LN-09 Spalva: balta\/ro\u017ein\u0117 Matmenys: Plotis: 98 cm Auk\u0161tis: 15 cm Gylis: 96 cm Pagrindin\u0117 informacija: Modelio pavadinimas: LN-09 Kolekcijos pavadinimas: LUNA Modelio indeksas: LN9BR Spalva: balta\/ro\u017ein\u0117 Bald\u0173 tipas: lova su stal\u010diumi Plotis: 98 cm Auk\u0161tis: 15 cm Gylis: 96 cm Modelio svoris: 16 kg Surinkimas: reikalingas surinkimas Kolekcijos stilius: modernus Interjero tipas 1: jaunimo kambarys Furnit\u016bra: rankena: plastikas Med\u017eiaga: priekis: laminuota med\u017eio dro\u017eli\u0173 plok\u0161t\u0117; [\u2026]<\/p>","protected":false},"featured_media":249060,"comment_status":"open","ping_status":"open","template":"","meta":[],"product_brand":[],"product_cat":[9255,9251,2454],"product_tag":[],"class_list":{"0":"post-249059","1":"product","2":"type-product","3":"status-publish","4":"has-post-thumbnail","6":"product_cat-furniture-system-luna-lenart","7":"product_cat-musor","8":"product_cat-lenart","10":"first","11":"instock","12":"purchasable","13":"product-type-simple"},"_links":{"self":[{"href":"https:\/\/baldumarket.lt\/lt\/wp-json\/wp\/v2\/product\/249059","targetHints":{"allow":["GET"]}}],"collection":[{"href":"https:\/\/baldumarket.lt\/lt\/wp-json\/wp\/v2\/product"}],"about":[{"href":"https:\/\/baldumarket.lt\/lt\/wp-json\/wp\/v2\/types\/product"}],"replies":[{"embeddable":true,"href":"https:\/\/baldumarket.lt\/lt\/wp-json\/wp\/v2\/comments?post=249059"}],"wp:featuredmedia":[{"embeddable":true,"href":"https:\/\/baldumarket.lt\/lt\/wp-json\/wp\/v2\/media\/249060"}],"wp:attachment":[{"href":"https:\/\/baldumarket.lt\/lt\/wp-json\/wp\/v2\/media?parent=249059"}],"wp:term":[{"taxonomy":"product_brand","embeddable":true,"href":"https:\/\/baldumarket.lt\/lt\/wp-json\/wp\/v2\/product_brand?post=249059"},{"taxonomy":"product_cat","embeddable":true,"href":"https:\/\/baldumarket.lt\/lt\/wp-json\/wp\/v2\/product_cat?post=249059"},{"taxonomy":"product_tag","embeddable":true,"href":"https:\/\/baldumarket.lt\/lt\/wp-json\/wp\/v2\/product_tag?post=249059"}],"curies":[{"name":"wp","href":"https:\/\/api.w.org\/{rel}","templated":true}]}}