{"id":249053,"date":"2026-01-10T17:57:49","date_gmt":"2026-01-10T14:57:49","guid":{"rendered":"https:\/\/baldumarket.lt\/product\/szafa-przesuwna-dwudrzwiowa-arti-ar-17-dab-shetland\/"},"modified":"2026-02-11T18:32:15","modified_gmt":"2026-02-11T15:32:15","slug":"szafa-przesuwna-dwudrzwiowa-arti-ar-17-dab-shetland","status":"publish","type":"product","link":"https:\/\/baldumarket.lt\/lt\/product\/szafa-przesuwna-dwudrzwiowa-arti-ar-17-dab-shetland\/","title":{"rendered":"ARTI AR-17 dviej\u0173 dur\u0173 stumdoma spinta, \u0160etlando \u0105\u017euolas"},"content":{"rendered":"<p>Modelis: AR-17 Spalva: \u0160etlando \u0105\u017euolas Matmenys: Plotis: 180 cm Auk\u0161tis: 218 cm Gylis: 57 cm Pagrindin\u0117 informacija: Formos pavadinimas: AR-17 Kolekcijos pavadinimas: ARTI Formos indeksas: AR17BI Spalva: \u0160etlando \u0105\u017euolas Baldo tipas: spinta Formos charakteristikos: 2D Plotis: 180 cm Auk\u0161tis: 218 cm Gylis: 57 cm Formos svoris: 202 kg Surinkimas: Reikalingas surinkimas Kolekcijos stilius: modernus 1 interjero tipas: svetain\u0117 2 interjero tipas: miegamasis \u012eranga: 3x b\u0117geliai, 5x lentynos Dur\u0173 skai\u010dius: 2 Furnit\u016bra: Rankena: plastikin\u0117 Spintos priekin\u0117 kreipian\u010dioji: aliumin\u0117; montuojama apa\u010dioje ir vir\u0161uje Kojel\u0117\/kojel\u0117: slystantis su vinimi Ap\u0161vietimas \u012ftrauktas: yra Ap\u0161vietimo tipas: LED Energijos klas\u0117: A++<br \/>\nMed\u017eiaga: Korpusas: laminuota med\u017eio dro\u017eli\u0173 plok\u0161t\u0117: 16 mm; 32 mm korpusas; kra\u0161to apdaila: A 0,45 mm; korpuso spalva: \u0160etlando \u0105\u017euolas; stalvir\u0161is: laminuota med\u017eio dro\u017eli\u0173 plok\u0161t\u0117; 16 mm; stalvir\u0161io kra\u0161to apdaila: A 0,45 mm; kra\u0161t\u0173 juosteli\u0173 skai\u010dius: 2; stalvir\u0161io spalva: \u0160etlando \u0105\u017euolas; galin\u0117 sienel\u0117: HDF plok\u0161t\u0117; 3 mm matoma galin\u0117s sienel\u0117s apdaila: laminatas; nematoma galin\u0117s sienel\u0117s apdaila: laminatas; galin\u0117s sienel\u0117s tvirtinimas: freza; galin\u0117s sienel\u0117s spalva: balta; lentyna: laminuota med\u017eio dro\u017eli\u0173 plok\u0161t\u0117; 16 mm lentynos kra\u0161to apdaila: A 0,45 mm; kra\u0161t\u0173 juosteli\u0173 skai\u010dius: 1; lentynos keliamoji galia: 5 kg; lentynos spalva: \u0160etlando \u0105\u017euolas; lentyn\u0173 skai\u010dius: 4; priekin\u0117: laminuota med\u017eio dro\u017eli\u0173 plok\u0161t\u0117; 16 mm priekin\u0117s kra\u0161to apdaila: A 0,45 mm; priekin\u0117s spalvos: \u0160etlando \u0105\u017euolas; veidrodis: veidrodinis; 3 mm veidrod\u017eio spalva: balta<\/p>","protected":false},"excerpt":{"rendered":"<p>Modelis: AR-17 Spalva: \u0160etlando \u0105\u017euolas Matmenys: Plotis: 180 cm Auk\u0161tis: 218 cm Gylis: 57 cm Pagrindin\u0117 informacija: Formos pavadinimas: AR-17 Kolekcijos pavadinimas: ARTI Formos indeksas: AR17BI Spalva: \u0160etlando \u0105\u017euolas Baldo tipas: spinta Formos charakteristikos: 2D Plotis: 180 cm Auk\u0161tis: 218 cm Gylis: 57 cm Formos svoris: 202 kg Surinkimas: Reikalingas surinkimas Kolekcijos stilius: modernus Interjero tipas 1: svetain\u0117 [\u2026]<\/p>","protected":false},"featured_media":249054,"comment_status":"open","ping_status":"open","template":"","meta":[],"product_brand":[],"product_cat":[9265,2454,1177],"product_tag":[],"class_list":{"0":"post-249053","1":"product","2":"type-product","3":"status-publish","4":"has-post-thumbnail","6":"product_cat-furniture-system-arti-lenart","7":"product_cat-lenart","8":"product_cat-wardrobes","10":"first","11":"instock","12":"purchasable","13":"product-type-simple"},"_links":{"self":[{"href":"https:\/\/baldumarket.lt\/lt\/wp-json\/wp\/v2\/product\/249053","targetHints":{"allow":["GET"]}}],"collection":[{"href":"https:\/\/baldumarket.lt\/lt\/wp-json\/wp\/v2\/product"}],"about":[{"href":"https:\/\/baldumarket.lt\/lt\/wp-json\/wp\/v2\/types\/product"}],"replies":[{"embeddable":true,"href":"https:\/\/baldumarket.lt\/lt\/wp-json\/wp\/v2\/comments?post=249053"}],"wp:featuredmedia":[{"embeddable":true,"href":"https:\/\/baldumarket.lt\/lt\/wp-json\/wp\/v2\/media\/249054"}],"wp:attachment":[{"href":"https:\/\/baldumarket.lt\/lt\/wp-json\/wp\/v2\/media?parent=249053"}],"wp:term":[{"taxonomy":"product_brand","embeddable":true,"href":"https:\/\/baldumarket.lt\/lt\/wp-json\/wp\/v2\/product_brand?post=249053"},{"taxonomy":"product_cat","embeddable":true,"href":"https:\/\/baldumarket.lt\/lt\/wp-json\/wp\/v2\/product_cat?post=249053"},{"taxonomy":"product_tag","embeddable":true,"href":"https:\/\/baldumarket.lt\/lt\/wp-json\/wp\/v2\/product_tag?post=249053"}],"curies":[{"name":"wp","href":"https:\/\/api.w.org\/{rel}","templated":true}]}}