{"id":249025,"date":"2026-01-10T17:57:38","date_gmt":"2026-01-10T14:57:38","guid":{"rendered":"https:\/\/baldumarket.lt\/product\/bed-concept-bc-19-sofa-160-do-bc-12-zielony-front-dab-artisan-2\/"},"modified":"2026-02-11T18:32:16","modified_gmt":"2026-02-11T15:32:16","slug":"bed-concept-bc-19-sofa-160-do-bc-12-zielony-front-dab-artisan-2","status":"publish","type":"product","link":"https:\/\/baldumarket.lt\/lt\/produktas\/bed-concept-bc-19-sofa-160-do-bc-12-zielony-front-dab-artisan-2\/","title":{"rendered":"Lovos koncepcija BC-19 \u2013 Sofa 160, skirta BC-12 \u2013 \u017ealia\/dirbtinio \u0105\u017euolo fasadas"},"content":{"rendered":"<p>Modelis: BC-19<br \/>\nSpalva: \u017ealia \/ \u0105\u017euolo spalvos priekis<br \/>\nMatmenys: Kaip parodyta paveiksl\u0117lyje<br \/>\nGamintojas: \u201eLenart\u201c sofa i\u0161 \u201eBED CONCEPT\u201c kolekcijos<br \/>\n160 cm dyd\u017eio BC-19 modelis, skirtas BC-12 prie sienos tvirtinamai lovai<br \/>\nSpintos priekis apdailintas nat\u016bralaus charakterio \u201eArtisan Oak\u201c apdaila.<br \/>\nAptrauktas \u017ealiu LUKKA 38 audiniu<br \/>\nTvirta konstrukcija garantuoja stabilum\u0105 ir komfort\u0105<br \/>\nStilingas \u017ealios spalvos ir \u0161ilto med\u017eio atspalvio derinys<br \/>\nYpa\u010d rekomenduojama ma\u017eiems butams ir studijoms<br \/>\nFunkcinis sofos ir lovos derinys viename<br \/>\nModernus dizainas, tinkantis \u012fvairiems interjero stiliams<br \/>\nNaujas produktas, gamykloje supakuotas, skirtas savaranki\u0161kam surinkimui<\/p>\n<p>\u201eLenart BED CONCEPT BC-19\u201c sofa 160 cm yra modernus BC-12 sienin\u0117s lovos papildymas su \u201eArtisan Oak\u201c apdaila. \u0160is komplektas skirtas tiems, kurie nori maksimaliai i\u0161naudoti savo buto erdv\u0119 neprarandant komforto ar elegancijos. \u201eLenart\u201c suk\u016br\u0117 BC-19 sof\u0105, kad ji puikiai papildyt\u0173 sienin\u0119 lov\u0105 ir suteikt\u0173 interjerui unikalaus charakterio. Modelis aptrauktas \u017ealiu LUKKA 38 audiniu, kuris kartu su nat\u016braliu meni\u0161ko \u0105\u017euolo atspalviu sukuria gaiv\u0173 ir jauk\u0173 derin\u012f. Tai puikus pasirinkimas tiems baldams, kuriems svarbus ir prakti\u0161kumas, ir estetinis patrauklumas. \u0160is \u201eBED CONCEPT\u201c komplektas leis per kelias sekundes paversti savo svetain\u0119 patogiu miegamuoju.<\/p>","protected":false},"excerpt":{"rendered":"<p>Modelis: BC-19 Spalva: \u017dalia\/Artisan Oak priekis Matmenys: Kaip parodyta paveiksl\u0117lyje Pagaminta: Lenart sofa i\u0161 BED CONCEPT kolekcijos BC-19 modelis, 160 cm dyd\u017eio, skirtas BC-12 sieninei lovai Spintos priekis apdailintas Artisan Oak apdaila su nat\u016braliu charakteriu Apmu\u0161tas \u017ealiu LUKKA 38 audiniu Tvirta konstrukcija garantuoja stabilum\u0105 [\u2026]<\/p>","protected":false},"featured_media":249026,"comment_status":"open","ping_status":"open","template":"","meta":[],"product_brand":[],"product_cat":[2454,9196,560],"product_tag":[],"class_list":{"0":"post-249025","1":"product","2":"type-product","3":"status-publish","4":"has-post-thumbnail","6":"product_cat-lenart","7":"product_cat-furniture-system-bed-concept-lenart","8":"product_cat-sofas-and-couches","10":"first","11":"instock","12":"purchasable","13":"product-type-simple"},"_links":{"self":[{"href":"https:\/\/baldumarket.lt\/lt\/wp-json\/wp\/v2\/product\/249025","targetHints":{"allow":["GET"]}}],"collection":[{"href":"https:\/\/baldumarket.lt\/lt\/wp-json\/wp\/v2\/product"}],"about":[{"href":"https:\/\/baldumarket.lt\/lt\/wp-json\/wp\/v2\/types\/product"}],"replies":[{"embeddable":true,"href":"https:\/\/baldumarket.lt\/lt\/wp-json\/wp\/v2\/comments?post=249025"}],"wp:featuredmedia":[{"embeddable":true,"href":"https:\/\/baldumarket.lt\/lt\/wp-json\/wp\/v2\/media\/249026"}],"wp:attachment":[{"href":"https:\/\/baldumarket.lt\/lt\/wp-json\/wp\/v2\/media?parent=249025"}],"wp:term":[{"taxonomy":"product_brand","embeddable":true,"href":"https:\/\/baldumarket.lt\/lt\/wp-json\/wp\/v2\/product_brand?post=249025"},{"taxonomy":"product_cat","embeddable":true,"href":"https:\/\/baldumarket.lt\/lt\/wp-json\/wp\/v2\/product_cat?post=249025"},{"taxonomy":"product_tag","embeddable":true,"href":"https:\/\/baldumarket.lt\/lt\/wp-json\/wp\/v2\/product_tag?post=249025"}],"curies":[{"name":"wp","href":"https:\/\/api.w.org\/{rel}","templated":true}]}}