{"id":249017,"date":"2026-01-10T17:57:35","date_gmt":"2026-01-10T14:57:35","guid":{"rendered":"https:\/\/baldumarket.lt\/product\/bed-concept-bc-01-polkotapczan-pionowy-140-szary\/"},"modified":"2026-02-11T18:32:16","modified_gmt":"2026-02-11T15:32:16","slug":"bed-concept-bc-01-polkotapczan-pionowy-140-szary","status":"publish","type":"product","link":"https:\/\/baldumarket.lt\/lt\/produktas\/bed-concept-bc-01-polkotapczan-pionowy-140-szary\/","title":{"rendered":"Lovos koncepcija BC-01 \u2013 vertikali prie sienos montuojama lova 140 \u2013 pilka"},"content":{"rendered":"<p>Modelis: BC-01<br \/>\nSpalva: pilka<br \/>\nMatmenys: Kaip parodyta paveiksl\u0117lyje<br \/>\nGamintojas: \u201eLenart\u201c prek\u0117s \u017eenklo produktas i\u0161 \u201eBED CONCEPT\u201c serijos<br \/>\nModelis BC-01 \u2013 vertikali prie sienos tvirtinama lova 200 \u00d7 140 cm \u010diu\u017einiui<br \/>\nPriekyje modernus pilkos spalvos dekoras<br \/>\nStabilus prie sienos tvirtinamas korpusas ir metalinis lovos r\u0117mas<br \/>\nMedinis groteli\u0173 r\u0117mas su \u010diu\u017einio stabilizatoriumi<br \/>\nPneumatiniai keltuvai lengvam ir saugiam naudojimui<br \/>\n\u0160velnaus u\u017edarymo sistema tyliam lankstymui<br \/>\nPrakti\u0161ki tvirtinimo dir\u017eeliai patalynei laikyti lovoje<br \/>\n\u012emontuotos vidin\u0117s lentynos knygoms ir kasdieniams daiktams<br \/>\nGalima papildomai \u012frengti BC-07, BC-08 knyg\u0173 lentynas ir LED ap\u0161vietim\u0105<br \/>\nPagaminta i\u0161 laminuot\u0173 ir MDF plok\u0161\u010di\u0173 su atspariu pa\u017eeidimams ABS kra\u0161tu<br \/>\nNaujas, gamykloje supakuotas produktas, skirtas savaranki\u0161kam surinkimui<\/p>\n<p>\u201eLenart BED CONCEPT BC-01\u201c vertikali sienin\u0117 lova, 140 cm, pilka. Pilka \u2013 prakti\u0161kas ir modernus sprendimas interjerams, kuriuose svarbu sumaniai i\u0161naudoti erdv\u0119. Su \u0161iuo modeliu galite lengvai paversti svetain\u0119, jaunimo kambar\u012f ar studijos tipo but\u0105 patogiu miegamuoju. \u201eLenart\u201c suk\u016br\u0117 BC-01 lov\u0105, kad suderint\u0173 kasdienio miego komfort\u0105 su funkcionalumu ir estetika. Joje yra prakti\u0161kos vidin\u0117s lentynos, puikiai tinkan\u010dios knygoms, dekoracijoms ar kasdieniams daiktams laikyti. Tvirta konstrukcija \u2013 metalinis r\u0117mas, medinis groteli\u0173 r\u0117mas ir \u010diu\u017einio stabilizatorius \u2013 garantuoja ilgaam\u017ei\u0161kum\u0105 ir komfort\u0105. Pneumatiniai keltuvai leid\u017eia lengvai ir saugiai atidaryti ir u\u017edaryti lov\u0105, o \u0161velnaus u\u017edarymo sistema prakti\u0161kai panaikina triuk\u0161m\u0105.<\/p>","protected":false},"excerpt":{"rendered":"<p>Modelis: BC-01 Spalva: Pilka Matmenys: Kaip parodyta paveiksl\u0117lyje Gamintojas: \u201eLenart\u201c prek\u0117s \u017eenklo produktas i\u0161 \u201eBED CONCEPT\u201c serijos Modelis BC-01 \u2013 vertikali sienin\u0117 lova 200 \u00d7 140 cm \u010diu\u017einiui Priekin\u0117 dalis su moderniu pilkos spalvos dekoru Stabilus prie sienos tvirtinamas korpusas ir metalinis lovos r\u0117mas Medinis groteli\u0173 r\u0117mas su \u010diu\u017einio stabilizatoriumi Pneumatiniai keltuvai lengvam ir saugiam naudojimui Mink\u0161tas [\u2026]<\/p>","protected":false},"featured_media":249018,"comment_status":"open","ping_status":"open","template":"","meta":[],"product_brand":[],"product_cat":[1043],"product_tag":[],"class_list":{"0":"post-249017","1":"product","2":"type-product","3":"status-publish","4":"has-post-thumbnail","6":"product_cat-extras","8":"first","9":"instock","10":"purchasable","11":"product-type-simple"},"_links":{"self":[{"href":"https:\/\/baldumarket.lt\/lt\/wp-json\/wp\/v2\/product\/249017","targetHints":{"allow":["GET"]}}],"collection":[{"href":"https:\/\/baldumarket.lt\/lt\/wp-json\/wp\/v2\/product"}],"about":[{"href":"https:\/\/baldumarket.lt\/lt\/wp-json\/wp\/v2\/types\/product"}],"replies":[{"embeddable":true,"href":"https:\/\/baldumarket.lt\/lt\/wp-json\/wp\/v2\/comments?post=249017"}],"wp:featuredmedia":[{"embeddable":true,"href":"https:\/\/baldumarket.lt\/lt\/wp-json\/wp\/v2\/media\/249018"}],"wp:attachment":[{"href":"https:\/\/baldumarket.lt\/lt\/wp-json\/wp\/v2\/media?parent=249017"}],"wp:term":[{"taxonomy":"product_brand","embeddable":true,"href":"https:\/\/baldumarket.lt\/lt\/wp-json\/wp\/v2\/product_brand?post=249017"},{"taxonomy":"product_cat","embeddable":true,"href":"https:\/\/baldumarket.lt\/lt\/wp-json\/wp\/v2\/product_cat?post=249017"},{"taxonomy":"product_tag","embeddable":true,"href":"https:\/\/baldumarket.lt\/lt\/wp-json\/wp\/v2\/product_tag?post=249017"}],"curies":[{"name":"wp","href":"https:\/\/api.w.org\/{rel}","templated":true}]}}