{"id":249011,"date":"2026-01-10T17:57:32","date_gmt":"2026-01-10T14:57:32","guid":{"rendered":"https:\/\/baldumarket.lt\/product\/bed-concept-bc-35-sofa-180-do-bc-13-boucle-bezowy-front-bialy-2\/"},"modified":"2026-02-11T18:32:16","modified_gmt":"2026-02-11T15:32:16","slug":"bed-concept-bc-35-sofa-180-do-bc-13-boucle-bezowy-front-bialy-2","status":"publish","type":"product","link":"https:\/\/baldumarket.lt\/lt\/produktas\/bed-concept-bc-35-sofa-180-do-bc-13-boucle-bezowy-front-bialy-2\/","title":{"rendered":"LOVOS KONCEPCIJA BC-35 \u2013 Sofa 180, skirta BC-13 \u2013 bukl\u0117 sm\u0117lio spalvos\/baltas priekis"},"content":{"rendered":"<p>Modelis: BC-35<br \/>\nSpalva: Beige boucl\u00e9\/Baltas priekis<br \/>\nMatmenys: Kaip parodyta paveiksl\u0117lyje<br \/>\nPagaminta: \u201eLenart\u201c prek\u0117s \u017eenklo produktas i\u0161 \u201eBED CONCEPT\u201c kolekcijos<br \/>\nModelis BC-35 \u2013 sofa, skirta BC-13 sieninei lovai<br \/>\nTinka 180 cm plo\u010dio lovai<br \/>\nApmu\u0161tas PIU 03 sm\u0117lio spalvos boucl\u00e9 audiniu<br \/>\nPriekin\u0117 dalis balta<br \/>\nDidelio svorio ir patvarus audinys, atsparus kasdieniam naudojimui<br \/>\nMink\u0161ta s\u0117dyn\u0117s pamink\u0161tinimas u\u017etikrina komfort\u0105<br \/>\nEleganti\u0161kas dizainas pabr\u0117\u017eia modern\u0173 interjero charakter\u012f<br \/>\nPrakti\u0161kas sofos ir lovos funkcij\u0173 derinys viename sprendime<br \/>\nNaujas, gamykloje supakuotas produktas, reikalauja savaranki\u0161ko surinkimo<\/p>","protected":false},"excerpt":{"rendered":"<p>Modelis: BC-35 Spalva: Sm\u0117lio spalvos bukl\u0117 \/ Baltas priekis Matmenys: Kaip parodyta paveiksl\u0117lyje Gamintojas: \u201eLenart\u201c prek\u0117s \u017eenklo produktas i\u0161 BED CONCEPT kolekcijos Modelis BC-35 \u2013 sofa, sukurta BC-13 sieninei lovai Tinka 180 cm plo\u010dio lovai Apmu\u0161tas PIU 03 sm\u0117lio spalvos bukl\u0117 audiniu Baltas priekis Didelio svorio ir patvarus audinys, atsparus kasdieniam naudojimui Mink\u0161tas [\u2026]<\/p>","protected":false},"featured_media":249012,"comment_status":"open","ping_status":"open","template":"","meta":[],"product_brand":[],"product_cat":[2454,9196,560],"product_tag":[],"class_list":{"0":"post-249011","1":"product","2":"type-product","3":"status-publish","4":"has-post-thumbnail","6":"product_cat-lenart","7":"product_cat-furniture-system-bed-concept-lenart","8":"product_cat-sofas-and-couches","10":"first","11":"instock","12":"purchasable","13":"product-type-simple"},"_links":{"self":[{"href":"https:\/\/baldumarket.lt\/lt\/wp-json\/wp\/v2\/product\/249011","targetHints":{"allow":["GET"]}}],"collection":[{"href":"https:\/\/baldumarket.lt\/lt\/wp-json\/wp\/v2\/product"}],"about":[{"href":"https:\/\/baldumarket.lt\/lt\/wp-json\/wp\/v2\/types\/product"}],"replies":[{"embeddable":true,"href":"https:\/\/baldumarket.lt\/lt\/wp-json\/wp\/v2\/comments?post=249011"}],"wp:featuredmedia":[{"embeddable":true,"href":"https:\/\/baldumarket.lt\/lt\/wp-json\/wp\/v2\/media\/249012"}],"wp:attachment":[{"href":"https:\/\/baldumarket.lt\/lt\/wp-json\/wp\/v2\/media?parent=249011"}],"wp:term":[{"taxonomy":"product_brand","embeddable":true,"href":"https:\/\/baldumarket.lt\/lt\/wp-json\/wp\/v2\/product_brand?post=249011"},{"taxonomy":"product_cat","embeddable":true,"href":"https:\/\/baldumarket.lt\/lt\/wp-json\/wp\/v2\/product_cat?post=249011"},{"taxonomy":"product_tag","embeddable":true,"href":"https:\/\/baldumarket.lt\/lt\/wp-json\/wp\/v2\/product_tag?post=249011"}],"curies":[{"name":"wp","href":"https:\/\/api.w.org\/{rel}","templated":true}]}}