{"id":248997,"date":"2026-01-10T17:57:27","date_gmt":"2026-01-10T14:57:27","guid":{"rendered":"https:\/\/baldumarket.lt\/product\/bed-concept-bc-01-polkotapczan-pionowy-140-bialy\/"},"modified":"2026-02-11T18:32:16","modified_gmt":"2026-02-11T15:32:16","slug":"bed-concept-bc-01-polkotapczan-pionowy-140-bialy","status":"publish","type":"product","link":"https:\/\/baldumarket.lt\/lt\/produktas\/bed-concept-bc-01-polkotapczan-pionowy-140-bialy\/","title":{"rendered":"Lovos koncepcija BC-01 \u2013 vertikali prie sienos montuojama lova 140 \u2013 balta"},"content":{"rendered":"<p>Modelis: BC-01<br \/>\nSpalva: balta<br \/>\nMatmenys: Kaip parodyta paveiksl\u0117lyje<br \/>\nPagaminta: \u201eLenart\u201c prek\u0117s \u017eenklo produktas i\u0161 \u201eBED CONCEPT\u201c kolekcijos<br \/>\nModelis BC-01, vertikali sienin\u0117 lova 200 \u00d7 140 cm \u010diu\u017einiui<br \/>\nPriekin\u0117 dalis eleganti\u0161ka balta apdaila<br \/>\nStabilus prie sienos tvirtinamas korpusas, metalinis ir medinis r\u0117mai<br \/>\nPneumatiniai keltuvai lengvam ir saugiam atidarymui ir u\u017edarymui<br \/>\n\u0160velnaus u\u017edarymo sistema tyliam naudojimui<br \/>\n\u012emontuotos vidin\u0117s lentynos knygoms ir smulkiems daiktams<br \/>\nPatalyn\u0117 su dir\u017eeliais pa\u0161alina papildomos vietos daiktams laikyti poreik\u012f<br \/>\nGalima modifikuoti su BC-07, BC-08 lentynomis ir LED ap\u0161vietimu<br \/>\nD\u0117l laminuotos plok\u0161t\u0117s, MDF ir ABS kra\u0161t\u0173 naudojimo itin atsparus pa\u017eeidimams<br \/>\nNaujas produktas, gamykloje supakuotas, skirtas savaranki\u0161kam surinkimui<\/p>\n<p>\u201eLenart BED CONCEPT BC-01\u201c vertikali sienin\u0117 lova, 140 cm, baltos spalvos, yra funkcionalus sprendimas moderniam interjerui, kuriame svarbi erdv\u0117 ir komfortas. Komfortas. \u0160is modelis buvo sukurtas tam, kad per kelias sekundes svetain\u0119, jaunimo kambar\u012f ar studijos tipo but\u0105 paverst\u0173 patogiu miegamuoju. \u201eLenart\u201c prek\u0117s \u017eenklas \u012frodo, kad sienin\u0117 lova gali b\u016bti tokia pat patogi ir tvirta kaip ir tradicin\u0117 lova, tuo pa\u010diu suteikiant papildomos vietos kasdieniam naudojimui. Ji turi prakti\u0161kas vidines lentynas, puikiai tinkan\u010dias knygoms, dekoracijoms ar kasdieniams daiktams laikyti. D\u0117l \u012fmontuoto groteli\u0173 r\u0117mo, metalinio r\u0117mo ir \u010diu\u017einio stabilizatoriaus ji u\u017etikrina visi\u0161k\u0105 miego komfort\u0105. Pneumatiniai keltuvai leid\u017eia lengvai, saugiai ir patogiai atidaryti ir u\u017edaryti lov\u0105, o \u0161velnaus u\u017edarymo sistema garantuoja beveik tyl\u0173 sulankstym\u0105. BC-01 modelis buvo \u012fvertintas presti\u017einiu Poznan\u0117s tarptautin\u0117s parodos 2019 m. aukso medaliu, patvirtinan\u010diu jo kokyb\u0119 ir inovatyvum\u0105.<\/p>","protected":false},"excerpt":{"rendered":"<p>Modelis: BC-01 Spalva: Balta Matmenys: Kaip parodyta paveiksl\u0117lyje Pagaminta: \u201eLenart\u201c prek\u0117s \u017eenklo produktas i\u0161 BED CONCEPT kolekcijos Modelis BC-01, vertikali sienin\u0117 lova 200 \u00d7 140 cm \u010diu\u017einiui Priekin\u0117 dalis eleganti\u0161kos baltos spalvos Stabilus prie sienos tvirtinamas korpusas, metalinis ir medinis r\u0117mai Pneumatiniai keltuvai lengvam ir saugiam atidarymui ir u\u017edarymui \u0160velnaus u\u017edarymo sistema tyliam [\u2026]<\/p>","protected":false},"featured_media":248998,"comment_status":"open","ping_status":"open","template":"","meta":[],"product_brand":[],"product_cat":[1043],"product_tag":[],"class_list":{"0":"post-248997","1":"product","2":"type-product","3":"status-publish","4":"has-post-thumbnail","6":"product_cat-extras","8":"first","9":"instock","10":"purchasable","11":"product-type-simple"},"_links":{"self":[{"href":"https:\/\/baldumarket.lt\/lt\/wp-json\/wp\/v2\/product\/248997","targetHints":{"allow":["GET"]}}],"collection":[{"href":"https:\/\/baldumarket.lt\/lt\/wp-json\/wp\/v2\/product"}],"about":[{"href":"https:\/\/baldumarket.lt\/lt\/wp-json\/wp\/v2\/types\/product"}],"replies":[{"embeddable":true,"href":"https:\/\/baldumarket.lt\/lt\/wp-json\/wp\/v2\/comments?post=248997"}],"wp:featuredmedia":[{"embeddable":true,"href":"https:\/\/baldumarket.lt\/lt\/wp-json\/wp\/v2\/media\/248998"}],"wp:attachment":[{"href":"https:\/\/baldumarket.lt\/lt\/wp-json\/wp\/v2\/media?parent=248997"}],"wp:term":[{"taxonomy":"product_brand","embeddable":true,"href":"https:\/\/baldumarket.lt\/lt\/wp-json\/wp\/v2\/product_brand?post=248997"},{"taxonomy":"product_cat","embeddable":true,"href":"https:\/\/baldumarket.lt\/lt\/wp-json\/wp\/v2\/product_cat?post=248997"},{"taxonomy":"product_tag","embeddable":true,"href":"https:\/\/baldumarket.lt\/lt\/wp-json\/wp\/v2\/product_tag?post=248997"}],"curies":[{"name":"wp","href":"https:\/\/api.w.org\/{rel}","templated":true}]}}