{"id":248989,"date":"2026-01-10T17:57:24","date_gmt":"2026-01-10T14:57:24","guid":{"rendered":"https:\/\/baldumarket.lt\/product\/bed-concept-bc-01p-polkotapczan-pionowy-140-bialy-polysk\/"},"modified":"2026-02-11T18:32:16","modified_gmt":"2026-02-11T15:32:16","slug":"bed-concept-bc-01p-polkotapczan-pionowy-140-bialy-polysk","status":"publish","type":"product","link":"https:\/\/baldumarket.lt\/lt\/produktas\/bed-concept-bc-01p-polkotapczan-pionowy-140-bialy-polysk\/","title":{"rendered":"Lovos koncepcija BC-01p \u2013 vertikali sienin\u0117 lova 140 \u2013 balta blizgi"},"content":{"rendered":"<p>Modelis: BC-01p<br \/>\nSpalva: Blizgi balta<br \/>\nMatmenys: Blizgi balta<br \/>\nPagaminta: \u201eLenart\u201c prek\u0117s \u017eenklo produktas i\u0161 \u201eBED CONCEPT\u201c kolekcijos<br \/>\nModelis BC-01p, vertikali sienin\u0117 lova 200 \u00d7 140 cm \u010diu\u017einiui<br \/>\nPriekin\u0117 dalis eleganti\u0161ka blizgia balta apdaila<br \/>\nStabilus, prie sienos tvirtinamas korpusas, metalinis r\u0117mas ir medinis pagrindas<br \/>\nPneumatiniai keltuvai saugiam naudojimui<br \/>\n\u0160velnaus u\u017edarymo sistema tyliam u\u017edarymui<br \/>\nPatalyn\u0117s tvirtinimo dir\u017eeliai panaikina papildomos laikymo vietos poreik\u012f<br \/>\nAuk\u0161tos kokyb\u0117s med\u017eiagos \u2013 laminuota plok\u0161t\u0117, MDF ir atspar\u016bs pa\u017eeidimams ABS kra\u0161tai<br \/>\nGalima i\u0161pl\u0117sti su BC-07, BC-08 lentynomis ir LED ap\u0161vietimu<br \/>\nUniversalus dizainas, tinkantis \u012fvairiems interjero stiliams<br \/>\nNaujas produktas, gamykloje supakuotas, skirtas savaranki\u0161kam surinkimui<\/p>\n<p>\u201eLenart BED CONCEPT BC-01p\u201c vertikali sienin\u0117 lova, 140 cm, baltos\/blizgios baltos spalvos, yra modernus ir prakti\u0161kas sprendimas. Tai leid\u017eia maksimaliai i\u0161naudoti erdv\u0119 j\u016bs\u0173 bute. \u0160is modelis puikiai tinka tiek studijos tipo butui, tiek jaunimo, studento ar sve\u010di\u0173 kambariui. \u201eLenart\u201c suk\u016br\u0117 \u0161i\u0105 sienin\u0119 lov\u0105, siekdama suderinti funkcionalum\u0105, komfort\u0105 ir eleganti\u0161k\u0105 i\u0161vaizd\u0105, kartu u\u017etikrindama visi\u0161k\u0105 saugum\u0105. Baldai apr\u016bpinti prakti\u0161komis vidin\u0117mis lentynomis, puikiai tinkan\u010diomis knygoms, dekoracijoms ar kasdieniams daiktams. Groteli\u0173 r\u0117mas, metalinis r\u0117mas ir \u010diu\u017einio stabilizatorius suteikia patogi\u0105 miego patirt\u012f, pana\u0161i\u0105 \u012f tradicin\u0119 lov\u0105. Pneumatiniai keltuvai leid\u017eia lengvai ir saugiai atidaryti ir u\u017edaryti lov\u0105, o \u0161velnaus u\u017edarymo sistema u\u017etikrina beveik tyl\u0173 veikim\u0105. BC-01p modelis buvo apdovanotas presti\u017einiu aukso medaliu Poznan\u0117s tarptautin\u0117je mug\u0117je 2019 m., patvirtindamas auk\u0161t\u0105 kokyb\u0119 ir inovatyvum\u0105.<\/p>","protected":false},"excerpt":{"rendered":"<p>Modelis: BC-01p Spalva: Blizgi balta Matmenys: Blizgi balta Gamintojas: \u201eLenart\u201c prek\u0117s \u017eenklo produktas i\u0161 BED CONCEPT kolekcijos Modelis BC-01p, vertikali sienin\u0117 lova 200 \u00d7 140 cm \u010diu\u017einiui Priekin\u0117 dalis eleganti\u0161kos blizgios baltos spalvos apdailos Stabilus, prie sienos tvirtinamas korpusas, metalinis r\u0117mas ir medinis pagrindas Pneumatiniai keltuvai saugiam naudojimui \u0160velnaus u\u017edarymo sistema tyliam u\u017edarymui Patalyn\u0117 [\u2026]<\/p>","protected":false},"featured_media":248990,"comment_status":"open","ping_status":"open","template":"","meta":[],"product_brand":[],"product_cat":[1043],"product_tag":[],"class_list":{"0":"post-248989","1":"product","2":"type-product","3":"status-publish","4":"has-post-thumbnail","6":"product_cat-extras","8":"first","9":"instock","10":"purchasable","11":"product-type-simple"},"_links":{"self":[{"href":"https:\/\/baldumarket.lt\/lt\/wp-json\/wp\/v2\/product\/248989","targetHints":{"allow":["GET"]}}],"collection":[{"href":"https:\/\/baldumarket.lt\/lt\/wp-json\/wp\/v2\/product"}],"about":[{"href":"https:\/\/baldumarket.lt\/lt\/wp-json\/wp\/v2\/types\/product"}],"replies":[{"embeddable":true,"href":"https:\/\/baldumarket.lt\/lt\/wp-json\/wp\/v2\/comments?post=248989"}],"wp:featuredmedia":[{"embeddable":true,"href":"https:\/\/baldumarket.lt\/lt\/wp-json\/wp\/v2\/media\/248990"}],"wp:attachment":[{"href":"https:\/\/baldumarket.lt\/lt\/wp-json\/wp\/v2\/media?parent=248989"}],"wp:term":[{"taxonomy":"product_brand","embeddable":true,"href":"https:\/\/baldumarket.lt\/lt\/wp-json\/wp\/v2\/product_brand?post=248989"},{"taxonomy":"product_cat","embeddable":true,"href":"https:\/\/baldumarket.lt\/lt\/wp-json\/wp\/v2\/product_cat?post=248989"},{"taxonomy":"product_tag","embeddable":true,"href":"https:\/\/baldumarket.lt\/lt\/wp-json\/wp\/v2\/product_tag?post=248989"}],"curies":[{"name":"wp","href":"https:\/\/api.w.org\/{rel}","templated":true}]}}