{"id":248981,"date":"2026-01-10T17:57:21","date_gmt":"2026-01-10T14:57:21","guid":{"rendered":"https:\/\/baldumarket.lt\/product\/bed-concept-bc-02p-polkotapczan-pionowy-120-bialy-polysk\/"},"modified":"2026-02-11T18:32:16","modified_gmt":"2026-02-11T15:32:16","slug":"bed-concept-bc-02p-polkotapczan-pionowy-120-bialy-polysk","status":"publish","type":"product","link":"https:\/\/baldumarket.lt\/lt\/product\/bed-concept-bc-02p-polkotapczan-pionowy-120-bialy-polysk\/","title":{"rendered":"BED CONCEPT BC-02p \u2013 vertikali prie sienos montuojama lova 120 \u2013 balta blizgi"},"content":{"rendered":"<p>Modelis: BC-02p<br \/>\nSpalva: Blizgi balta<br \/>\nMatmenys: Kaip parodyta paveiksl\u0117lyje<br \/>\nGamintojas: Lenart i\u0161 BED CONCEPT kolekcijos<br \/>\nModelis BC-02p \u2013 vertikali prie sienos tvirtinama lova 200 \u00d7 120 cm \u010diu\u017einiui<br \/>\nPriekin\u0117 dalis eleganti\u0161ka blizgia balta apdaila<br \/>\nStabilus, prie sienos tvirtinamas r\u0117mas ir patvarus metalinis r\u0117mas<br \/>\nMedinis groteli\u0173 r\u0117mas su \u010diu\u017einio stabilizatoriumi<br \/>\nPneumatiniai keltuvai lengvam atidarymui ir u\u017edarymui<br \/>\n\u0160velnaus u\u017edarymo sistema tyliam veikimui<br \/>\nPrakti\u0161kos vidin\u0117s lentynos knygoms, dekoracijoms ir nieku\u010diams<br \/>\nDir\u017eeliai patalynei laikyti su lova<br \/>\nPagaminta i\u0161 laminuot\u0173 ir MDF plok\u0161\u010di\u0173 su atspariu pa\u017eeidimams ABS kra\u0161tu<br \/>\nGalima modifikuoti su BC-07 ir BC-08 lentyn\u0173 sistemomis bei LED ap\u0161vietimu<br \/>\nNaujas, gamykloje supakuotas produktas, skirtas savaranki\u0161kam surinkimui<\/p>\n<p>\u201eLenart BED CONCEPT BC-02p\u201c vertikali prie sienos tvirtinama lova. Baltos\/blizgios baltos spalvos \u2013 tai baldas, leid\u017eiantis patogiai derinti svetain\u0117s ir miegamojo funkcijas viename kambaryje. \u0160is modelis lengvai sukurs papildomos erdv\u0117s ma\u017eame bute, jaunimo kambaryje ar studento kambaryje. \u201eLenart\u201c suprojektavo lov\u0105 taip, kad ji b\u016bt\u0173 patogi, saugi ir kartu modernios i\u0161vaizdos. Prie sienos tvirtinama lova BC-02p yra puikus sprendimas kaip plati lova vienam asmeniui, vyresniam vaikui ar paaugliui. Ji turi prakti\u0161kas vidines lentynas, puikiai tinkan\u010dias knygoms ir kasdieniams daiktams laikyti. Tvirtas metalinis r\u0117mas, medinis groteli\u0173 r\u0117mas ir \u010diu\u017einio stabilizatorius garantuoja patog\u0173 mieg\u0105, o pneumatiniai keltuvai palengvina saug\u0173 lovos atidarym\u0105 ir u\u017edarym\u0105. \u0160velnaus u\u017edarymo sistema leid\u017eia mechanizmui veikti beveik tyliai, o patalyn\u0119 tvirtinantys dir\u017eeliai panaikina papildomos antklod\u0117s ir pagalv\u0117s u\u017evalkal\u0173 poreik\u012f.<\/p>","protected":false},"excerpt":{"rendered":"<p>Modelis: BC-02p Spalva: Blizgi balta Matmenys: Kaip parodyta paveiksl\u0117lyje Gamintojas: Lenart i\u0161 BED CONCEPT kolekcijos Modelis BC-02p \u2013 vertikali sienin\u0117 lova 200 \u00d7 120 cm \u010diu\u017einiui Priekin\u0117 dalis eleganti\u0161kos blizgios baltos spalvos apdailos Stabilus, prie sienos tvirtinamas r\u0117mas ir patvarus metalinis r\u0117mas Medinis groteli\u0173 r\u0117mas su \u010diu\u017einio stabilizatoriumi Pneumatiniai keltuvai lengvam atidarymui ir u\u017edarymui \u0160velnaus u\u017edarymo [\u2026]<\/p>","protected":false},"featured_media":248982,"comment_status":"open","ping_status":"open","template":"","meta":[],"product_brand":[],"product_cat":[505,2454,9196],"product_tag":[],"class_list":{"0":"post-248981","1":"product","2":"type-product","3":"status-publish","4":"has-post-thumbnail","6":"product_cat-bedroom-beds","7":"product_cat-lenart","8":"product_cat-furniture-system-bed-concept-lenart","10":"first","11":"instock","12":"purchasable","13":"product-type-simple"},"_links":{"self":[{"href":"https:\/\/baldumarket.lt\/lt\/wp-json\/wp\/v2\/product\/248981","targetHints":{"allow":["GET"]}}],"collection":[{"href":"https:\/\/baldumarket.lt\/lt\/wp-json\/wp\/v2\/product"}],"about":[{"href":"https:\/\/baldumarket.lt\/lt\/wp-json\/wp\/v2\/types\/product"}],"replies":[{"embeddable":true,"href":"https:\/\/baldumarket.lt\/lt\/wp-json\/wp\/v2\/comments?post=248981"}],"wp:featuredmedia":[{"embeddable":true,"href":"https:\/\/baldumarket.lt\/lt\/wp-json\/wp\/v2\/media\/248982"}],"wp:attachment":[{"href":"https:\/\/baldumarket.lt\/lt\/wp-json\/wp\/v2\/media?parent=248981"}],"wp:term":[{"taxonomy":"product_brand","embeddable":true,"href":"https:\/\/baldumarket.lt\/lt\/wp-json\/wp\/v2\/product_brand?post=248981"},{"taxonomy":"product_cat","embeddable":true,"href":"https:\/\/baldumarket.lt\/lt\/wp-json\/wp\/v2\/product_cat?post=248981"},{"taxonomy":"product_tag","embeddable":true,"href":"https:\/\/baldumarket.lt\/lt\/wp-json\/wp\/v2\/product_tag?post=248981"}],"curies":[{"name":"wp","href":"https:\/\/api.w.org\/{rel}","templated":true}]}}