{"id":248974,"date":"2026-01-10T17:57:18","date_gmt":"2026-01-10T14:57:18","guid":{"rendered":"https:\/\/baldumarket.lt\/product\/bed-concept-bc-02-polkotapczan-pionowy-120-szary\/"},"modified":"2026-02-11T18:32:16","modified_gmt":"2026-02-11T15:32:16","slug":"bed-concept-bc-02-polkotapczan-pionowy-120-szary","status":"publish","type":"product","link":"https:\/\/baldumarket.lt\/lt\/product\/bed-concept-bc-02-polkotapczan-pionowy-120-szary\/","title":{"rendered":"BED CONCEPT BC-02 \u2013 vertikali prie sienos montuojama lova 120 \u2013 pilka"},"content":{"rendered":"<p>Modelis: BC-02<br \/>\nSpalva: pilka<br \/>\nMatmenys: Kaip parodyta paveiksl\u0117lyje<br \/>\nGamintojas: Lenart i\u0161 BED CONCEPT kolekcijos<br \/>\nModelis BC-02 \u2013 vertikali prie sienos tvirtinama lova 200 \u00d7 120 cm \u010diu\u017einiui<br \/>\nPriekin\u0117 dalis madinga pilka apdaila<br \/>\nStabilus prie sienos tvirtinamas r\u0117mas ir metalinis lovos r\u0117mas<br \/>\nMedinis groteli\u0173 r\u0117mas su \u010diu\u017einio stabilizatoriumi<br \/>\nPneumatiniai keltuvai lengvam ir saugiam naudojimui<br \/>\n\u0160velnaus u\u017edarymo sistema u\u017etikrina tyl\u0173 lovos u\u017edarym\u0105<br \/>\nTvirtinimo dir\u017eeliai leid\u017eia laikyti patalyn\u0119 kartu su lova<br \/>\nVidin\u0117s lentynos knygoms, dekoracijoms ir kasdieniams daiktams<br \/>\nAuk\u0161tos kokyb\u0117s med\u017eiagos \u2013 laminuota plok\u0161t\u0117, MDF ir atspar\u016bs pa\u017eeidimams ABS kra\u0161tai<br \/>\nGalima modifikuoti su BC-07 ir BC-08 lentyn\u0173 sistemomis bei LED ap\u0161vietimu<br \/>\nNaujas, gamykloje supakuotas produktas, skirtas savaranki\u0161kam surinkimui<\/p>\n<p>\u201eLenart BED CONCEPT BC-02\u201c vertikali sienin\u0117 lova 120 W. Pilka spalva \u2013 tai funkcionalus ir stilingas sprendimas, puikiai tinkantis moderniuose butuose. \u0160is modelis leid\u017eia per akimirk\u0105 paversti svetain\u0119, paauglio kambar\u012f ar studijos tipo but\u0105 patogiu miegamuoju. \u201eLenart\u201c suk\u016br\u0117 sienin\u0119 lov\u0105 BC-02, kad suderint\u0173 vietos taupymo savybes, patog\u0173 mieg\u0105 ir saug\u0173 naudojim\u0105 su esteti\u0161kai patraukliu, minimalistiniu dizainu. Lova turi prakti\u0161kas vidines lentynas, puikiai tinkan\u010dias knygoms, dekoracijoms ar kasdieniams daiktams laikyti. Tvirtas metalinis r\u0117mas, medinis groteli\u0173 r\u0117mas ir \u010diu\u017einio stabilizatorius garantuoja komfort\u0105 ir ilgaam\u017ei\u0161kum\u0105, prilygstant\u012f tradicinei lovai. Pneumatiniai keltuvai leid\u017eia lengvai atidaryti ir u\u017edaryti, o \u0161velnaus u\u017edarymo sistema leid\u017eia mechanizmui veikti prakti\u0161kai tyliai. \u0160is modernus sprendimas 2019 m. Poznan\u0117s tarptautin\u0117je parodoje laim\u0117jo aukso medal\u012f, patvirtindamas jo auk\u0161t\u0105 kokyb\u0119 ir novatori\u0161kum\u0105.<\/p>","protected":false},"excerpt":{"rendered":"<p>Modelis: BC-02 Spalva: Pilka Matmenys: Kaip parodyta paveiksl\u0117lyje Gamintojas: Lenart i\u0161 BED CONCEPT kolekcijos Modelis BC-02 \u2013 vertikali sienin\u0117 lova 200 \u00d7 120 cm \u010diu\u017einiui Priekin\u0117 dalis madingos pilkos spalvos Stabilus prie sienos tvirtinamas r\u0117mas ir metalinis lovos r\u0117mas Medinis groteli\u0173 r\u0117mas su \u010diu\u017einio stabilizatoriumi Pneumatiniai keltuvai lengvam ir saugiam naudojimui \u0160velnaus u\u017edarymo sistema [\u2026]<\/p>","protected":false},"featured_media":248975,"comment_status":"open","ping_status":"open","template":"","meta":[],"product_brand":[],"product_cat":[505,2454,9196],"product_tag":[],"class_list":{"0":"post-248974","1":"product","2":"type-product","3":"status-publish","4":"has-post-thumbnail","6":"product_cat-bedroom-beds","7":"product_cat-lenart","8":"product_cat-furniture-system-bed-concept-lenart","10":"first","11":"instock","12":"purchasable","13":"product-type-simple"},"_links":{"self":[{"href":"https:\/\/baldumarket.lt\/lt\/wp-json\/wp\/v2\/product\/248974","targetHints":{"allow":["GET"]}}],"collection":[{"href":"https:\/\/baldumarket.lt\/lt\/wp-json\/wp\/v2\/product"}],"about":[{"href":"https:\/\/baldumarket.lt\/lt\/wp-json\/wp\/v2\/types\/product"}],"replies":[{"embeddable":true,"href":"https:\/\/baldumarket.lt\/lt\/wp-json\/wp\/v2\/comments?post=248974"}],"wp:featuredmedia":[{"embeddable":true,"href":"https:\/\/baldumarket.lt\/lt\/wp-json\/wp\/v2\/media\/248975"}],"wp:attachment":[{"href":"https:\/\/baldumarket.lt\/lt\/wp-json\/wp\/v2\/media?parent=248974"}],"wp:term":[{"taxonomy":"product_brand","embeddable":true,"href":"https:\/\/baldumarket.lt\/lt\/wp-json\/wp\/v2\/product_brand?post=248974"},{"taxonomy":"product_cat","embeddable":true,"href":"https:\/\/baldumarket.lt\/lt\/wp-json\/wp\/v2\/product_cat?post=248974"},{"taxonomy":"product_tag","embeddable":true,"href":"https:\/\/baldumarket.lt\/lt\/wp-json\/wp\/v2\/product_tag?post=248974"}],"curies":[{"name":"wp","href":"https:\/\/api.w.org\/{rel}","templated":true}]}}